{"id":1922,"date":"2026-01-12T20:21:30","date_gmt":"2026-01-12T20:21:30","guid":{"rendered":"https:\/\/vetaustral.com.ar\/?post_type=product&#038;p=1922"},"modified":"2026-01-12T20:21:30","modified_gmt":"2026-01-12T20:21:30","slug":"shampoo-para-cachorros-x-250-ml-osspret","status":"publish","type":"product","link":"https:\/\/vetaustral.com.ar\/?product=shampoo-para-cachorros-x-250-ml-osspret","title":{"rendered":"Shampoo para cachorros x 250 ml &#8211; Osspret"},"content":{"rendered":"<p>Contiene 1 envase de 250 ml.<\/p>\n<ul>\n<li>Higiene general.<\/li>\n<li>Para <strong>caninos<\/strong> y <strong>felinos<\/strong>.<\/li>\n<\/ul>\n<p><strong>Componentes: <\/strong><\/p>\n<p>Base de lavado suave, \u00e1cido salic\u00edlico.<\/p>\n<p><strong>Descripci\u00f3n:<\/strong><\/p>\n<p>Antise\u0301ptico, desodorizante. Higiene en general. Especialmente indicado para cachorros de especies caninas y felinas.<\/p>\n<p>&nbsp;<\/p>\n<p>Osspret<\/p>\n","protected":false},"excerpt":{"rendered":"<p>Contiene 1 envase de 250 ml. Higiene general. Para caninos y felinos. Componentes: Base de lavado suave, \u00e1cido salic\u00edlico. Descripci\u00f3n: Antise\u0301ptico, desodorizante. Higiene en general. Especialmente indicado para cachorros de especies caninas y felinas. &nbsp; Osspret<\/p>\n","protected":false},"featured_media":1765,"comment_status":"open","ping_status":"closed","template":"","meta":[],"product_brand":[272],"product_cat":[36,32],"product_tag":[273,151],"class_list":{"0":"post-1922","1":"product","2":"type-product","3":"status-publish","4":"has-post-thumbnail","6":"product_brand-osspret","7":"product_cat-animales-de-compania","8":"product_cat-farmacia","9":"product_tag-para-cachorros","10":"product_tag-shampoo","11":"sales-flash-overlay","12":"woocommerce-text-align-center","13":"woocommerce-image-align-center","14":"do-quantity-buttons","16":"first","17":"instock","18":"taxable","19":"shipping-taxable","20":"product-type-simple"},"jetpack_sharing_enabled":true,"_links":{"self":[{"href":"https:\/\/vetaustral.com.ar\/index.php?rest_route=\/wp\/v2\/product\/1922","targetHints":{"allow":["GET"]}}],"collection":[{"href":"https:\/\/vetaustral.com.ar\/index.php?rest_route=\/wp\/v2\/product"}],"about":[{"href":"https:\/\/vetaustral.com.ar\/index.php?rest_route=\/wp\/v2\/types\/product"}],"replies":[{"embeddable":true,"href":"https:\/\/vetaustral.com.ar\/index.php?rest_route=%2Fwp%2Fv2%2Fcomments&post=1922"}],"wp:featuredmedia":[{"embeddable":true,"href":"https:\/\/vetaustral.com.ar\/index.php?rest_route=\/wp\/v2\/media\/1765"}],"wp:attachment":[{"href":"https:\/\/vetaustral.com.ar\/index.php?rest_route=%2Fwp%2Fv2%2Fmedia&parent=1922"}],"wp:term":[{"taxonomy":"product_brand","embeddable":true,"href":"https:\/\/vetaustral.com.ar\/index.php?rest_route=%2Fwp%2Fv2%2Fproduct_brand&post=1922"},{"taxonomy":"product_cat","embeddable":true,"href":"https:\/\/vetaustral.com.ar\/index.php?rest_route=%2Fwp%2Fv2%2Fproduct_cat&post=1922"},{"taxonomy":"product_tag","embeddable":true,"href":"https:\/\/vetaustral.com.ar\/index.php?rest_route=%2Fwp%2Fv2%2Fproduct_tag&post=1922"}],"curies":[{"name":"wp","href":"https:\/\/api.w.org\/{rel}","templated":true}]}}