{"id":1759,"date":"2025-12-04T21:07:40","date_gmt":"2025-12-04T21:07:40","guid":{"rendered":"https:\/\/vetaustral.com.ar\/?post_type=product&#038;p=1759"},"modified":"2025-12-05T22:01:54","modified_gmt":"2025-12-05T22:01:54","slug":"digestil-x-20-comp-laser","status":"publish","type":"product","link":"https:\/\/vetaustral.com.ar\/?product=digestil-x-20-comp-laser","title":{"rendered":"Digestil x 20 comp &#8211; Laser"},"content":{"rendered":"<p>Contiene 2 bl\u00edsters de 10 comprimidos.<\/p>\n<ul>\n<li>Digestivo enzim\u00e1tico<\/li>\n<li>Hepatoprotector<\/li>\n<li>Anticoprof\u00e1gico y antiflatulento<\/li>\n<li>Para caninos y felinos<\/li>\n<\/ul>\n<h4><strong>F\u00f3rmula:<\/strong><\/h4>\n<p class=\"query-text-line ng-star-inserted\"><strong>Cada comprimido contiene<\/strong><\/p>\n<ul>\n<li class=\"query-text-line ng-star-inserted\">Pancreatina 4NF 70mg<\/li>\n<li>\u00c1cido dehidroc\u00f3lico 40mg<\/li>\n<li>Simeticona 50mg<\/li>\n<li>Lipasa 40mg<\/li>\n<li>Carica papaya 20mg<\/li>\n<li>Metoclopramida 7mg<\/li>\n<li>\u00c1cido ti\u00f3ctico 5mg<\/li>\n<li>Cellase 5mg<\/li>\n<li class=\"query-text-line ng-star-inserted\">Excipientes c.s.<\/li>\n<\/ul>\n<h4><strong>Indicaciones:<\/strong><\/h4>\n<p>Digestil constituye un normalizador polienzim\u00e1tico de las funciones digestivas, alteradas por factores diversos.<\/p>\n<p>En DIGESTIL sus componentes est\u00e1n tratados para actuar en el medio favorable para ejercer su acci\u00f3n (est\u00f3mago a intestinal) y as\u00ed lograr que las principales claves de nutrientes (grasas, carbohidratos y prote\u00ednas) cumplan correctamente las fases secuenciales de la digesti\u00f3n y absorci\u00f3n.<\/p>\n<p>Laser<\/p>\n","protected":false},"excerpt":{"rendered":"<p>Contiene 2 bl\u00edsters de 10 comprimidos. Digestivo enzim\u00e1tico Hepatoprotector Anticoprof\u00e1gico y antiflatulento Para caninos y felinos F\u00f3rmula: Cada comprimido contiene Pancreatina 4NF 70mg \u00c1cido dehidroc\u00f3lico 40mg Simeticona 50mg Lipasa 40mg Carica papaya 20mg Metoclopramida 7mg \u00c1cido ti\u00f3ctico 5mg Cellase 5mg Excipientes c.s. Indicaciones: Digestil constituye un normalizador polienzim\u00e1tico de las funciones digestivas, alteradas por factores &#8230; <a title=\"Digestil x 20 comp &#8211; Laser\" class=\"read-more\" href=\"https:\/\/vetaustral.com.ar\/?product=digestil-x-20-comp-laser\" aria-label=\"Leer m\u00e1s sobre Digestil x 20 comp &#8211; Laser\">Leer m\u00e1s<\/a><\/p>\n","protected":false},"featured_media":1760,"comment_status":"open","ping_status":"closed","template":"","meta":[],"product_brand":[270],"product_cat":[36,32],"product_tag":[271],"class_list":{"0":"post-1759","1":"product","2":"type-product","3":"status-publish","4":"has-post-thumbnail","6":"product_brand-laser","7":"product_cat-animales-de-compania","8":"product_cat-farmacia","9":"product_tag-digestivo","10":"sales-flash-overlay","11":"woocommerce-text-align-center","12":"woocommerce-image-align-center","13":"do-quantity-buttons","15":"first","16":"instock","17":"taxable","18":"shipping-taxable","19":"purchasable","20":"product-type-simple"},"jetpack_sharing_enabled":true,"_links":{"self":[{"href":"https:\/\/vetaustral.com.ar\/index.php?rest_route=\/wp\/v2\/product\/1759","targetHints":{"allow":["GET"]}}],"collection":[{"href":"https:\/\/vetaustral.com.ar\/index.php?rest_route=\/wp\/v2\/product"}],"about":[{"href":"https:\/\/vetaustral.com.ar\/index.php?rest_route=\/wp\/v2\/types\/product"}],"replies":[{"embeddable":true,"href":"https:\/\/vetaustral.com.ar\/index.php?rest_route=%2Fwp%2Fv2%2Fcomments&post=1759"}],"wp:featuredmedia":[{"embeddable":true,"href":"https:\/\/vetaustral.com.ar\/index.php?rest_route=\/wp\/v2\/media\/1760"}],"wp:attachment":[{"href":"https:\/\/vetaustral.com.ar\/index.php?rest_route=%2Fwp%2Fv2%2Fmedia&parent=1759"}],"wp:term":[{"taxonomy":"product_brand","embeddable":true,"href":"https:\/\/vetaustral.com.ar\/index.php?rest_route=%2Fwp%2Fv2%2Fproduct_brand&post=1759"},{"taxonomy":"product_cat","embeddable":true,"href":"https:\/\/vetaustral.com.ar\/index.php?rest_route=%2Fwp%2Fv2%2Fproduct_cat&post=1759"},{"taxonomy":"product_tag","embeddable":true,"href":"https:\/\/vetaustral.com.ar\/index.php?rest_route=%2Fwp%2Fv2%2Fproduct_tag&post=1759"}],"curies":[{"name":"wp","href":"https:\/\/api.w.org\/{rel}","templated":true}]}}