{"id":1757,"date":"2025-12-04T20:52:35","date_gmt":"2025-12-04T20:52:35","guid":{"rendered":"https:\/\/vetaustral.com.ar\/?post_type=product&#038;p=1757"},"modified":"2025-12-05T22:27:00","modified_gmt":"2025-12-05T22:27:00","slug":"abental-x-10-comp-laser","status":"publish","type":"product","link":"https:\/\/vetaustral.com.ar\/?product=abental-x-10-comp-laser","title":{"rendered":"Abental x 10 comp &#8211; Laser"},"content":{"rendered":"<p>Contiene 1 bl\u00edster de 10 comprimidos.<\/p>\n<ul>\n<li>Antis\u00e9ptico intestinal<\/li>\n<li>Antidiarreico<\/li>\n<li>Antiinflamatorio<\/li>\n<\/ul>\n<h4><strong>F\u00f3rmula:<\/strong><\/h4>\n<p class=\"query-text-line ng-star-inserted\"><strong>Cada comprimido contiene<\/strong><\/p>\n<ul>\n<li class=\"query-text-line ng-star-inserted\">Ftalisulfatazol, 500 mg<\/li>\n<li class=\"query-text-line ng-star-inserted\">Dihidroestreptomicina 50 mg<\/li>\n<li class=\"query-text-line ng-star-inserted\">Carb\u00f3n activado 200 mg<\/li>\n<li class=\"query-text-line ng-star-inserted\">Simeticona 25 mg<\/li>\n<li class=\"query-text-line ng-star-inserted\">Menadiona (Vit. K3) 0.7 mg<\/li>\n<li class=\"query-text-line ng-star-inserted\">Excipientes c.s.<\/li>\n<\/ul>\n<h4><strong>Indicaciones:<\/strong><\/h4>\n<p class=\"query-text-line ng-star-inserted\">Est\u00e1 especialmente indicado en afecciones intestinales producidas por agentes microbianos, agentes t\u00f3xicos o irritativos<\/p>\n<p class=\"query-text-line ng-star-inserted\">Se Incluyen, para lograr una acci\u00f3n antidiarreica propiamente dicha, agentes cosntipantes o anti cat\u00e1rticos, capaces de\u00a0 retardar el tr\u00e1nsito intestinal y detener as\u00ed la diarrea.<\/p>\n<p>Laser<\/p>\n","protected":false},"excerpt":{"rendered":"<p>Contiene 1 bl\u00edster de 10 comprimidos. Antis\u00e9ptico intestinal Antidiarreico Antiinflamatorio F\u00f3rmula: Cada comprimido contiene Ftalisulfatazol, 500 mg Dihidroestreptomicina 50 mg Carb\u00f3n activado 200 mg Simeticona 25 mg Menadiona (Vit. K3) 0.7 mg Excipientes c.s. Indicaciones: Est\u00e1 especialmente indicado en afecciones intestinales producidas por agentes microbianos, agentes t\u00f3xicos o irritativos Se Incluyen, para lograr una acci\u00f3n &#8230; <a title=\"Abental x 10 comp &#8211; Laser\" class=\"read-more\" href=\"https:\/\/vetaustral.com.ar\/?product=abental-x-10-comp-laser\" aria-label=\"Leer m\u00e1s sobre Abental x 10 comp &#8211; Laser\">Leer m\u00e1s<\/a><\/p>\n","protected":false},"featured_media":1758,"comment_status":"open","ping_status":"closed","template":"","meta":[],"product_brand":[270],"product_cat":[36,32],"product_tag":[46],"class_list":{"0":"post-1757","1":"product","2":"type-product","3":"status-publish","4":"has-post-thumbnail","6":"product_brand-laser","7":"product_cat-animales-de-compania","8":"product_cat-farmacia","9":"product_tag-antidiarreico","10":"sales-flash-overlay","11":"woocommerce-text-align-center","12":"woocommerce-image-align-center","13":"do-quantity-buttons","15":"first","16":"instock","17":"taxable","18":"shipping-taxable","19":"purchasable","20":"product-type-simple"},"jetpack_sharing_enabled":true,"_links":{"self":[{"href":"https:\/\/vetaustral.com.ar\/index.php?rest_route=\/wp\/v2\/product\/1757","targetHints":{"allow":["GET"]}}],"collection":[{"href":"https:\/\/vetaustral.com.ar\/index.php?rest_route=\/wp\/v2\/product"}],"about":[{"href":"https:\/\/vetaustral.com.ar\/index.php?rest_route=\/wp\/v2\/types\/product"}],"replies":[{"embeddable":true,"href":"https:\/\/vetaustral.com.ar\/index.php?rest_route=%2Fwp%2Fv2%2Fcomments&post=1757"}],"wp:featuredmedia":[{"embeddable":true,"href":"https:\/\/vetaustral.com.ar\/index.php?rest_route=\/wp\/v2\/media\/1758"}],"wp:attachment":[{"href":"https:\/\/vetaustral.com.ar\/index.php?rest_route=%2Fwp%2Fv2%2Fmedia&parent=1757"}],"wp:term":[{"taxonomy":"product_brand","embeddable":true,"href":"https:\/\/vetaustral.com.ar\/index.php?rest_route=%2Fwp%2Fv2%2Fproduct_brand&post=1757"},{"taxonomy":"product_cat","embeddable":true,"href":"https:\/\/vetaustral.com.ar\/index.php?rest_route=%2Fwp%2Fv2%2Fproduct_cat&post=1757"},{"taxonomy":"product_tag","embeddable":true,"href":"https:\/\/vetaustral.com.ar\/index.php?rest_route=%2Fwp%2Fv2%2Fproduct_tag&post=1757"}],"curies":[{"name":"wp","href":"https:\/\/api.w.org\/{rel}","templated":true}]}}