{"id":1753,"date":"2025-12-04T20:36:04","date_gmt":"2025-12-04T20:36:04","guid":{"rendered":"https:\/\/vetaustral.com.ar\/?post_type=product&#038;p=1753"},"modified":"2025-12-04T20:36:05","modified_gmt":"2025-12-04T20:36:05","slug":"novasol-x-4-comp-laser","status":"publish","type":"product","link":"https:\/\/vetaustral.com.ar\/?product=novasol-x-4-comp-laser","title":{"rendered":"Novasol x 4 comp &#8211; Laser"},"content":{"rendered":"<p>Contiene 1 bl\u00edster de 4 comprimidos para 20 kg de peso cada uno.<\/p>\n<ul>\n<li>Antiparasitario interno.<\/li>\n<li>Para caninos y felinos.<\/li>\n<\/ul>\n<h4><strong>F\u00f3rmula:<\/strong><\/h4>\n<p class=\"query-text-line ng-star-inserted\"><strong>Cada comprimido contiene<\/strong><\/p>\n<ul>\n<li class=\"query-text-line ng-star-inserted\">Albendazol 600mg<\/li>\n<li>Praziquantel 100mg<\/li>\n<li>Excipiente c.s.<\/li>\n<\/ul>\n<h4><strong>Indicaciones:<\/strong><\/h4>\n<p>La formulaci\u00f3n permite adaptar la administraci\u00f3n al criterio del M\u00e9dico veterinario actuante y al cuadro del paciente, en especial ante abundante carga parasitaria y\/o petesitosis mixta.<\/p>\n<p>Los comprimidos son presentados con doble ranura, esto facilita y asegura la correcta dosificaci\u00f3n de sus activos.<\/p>\n<p>Laser<\/p>\n","protected":false},"excerpt":{"rendered":"<p>Contiene 1 bl\u00edster de 4 comprimidos para 20 kg de peso cada uno. Antiparasitario interno. Para caninos y felinos. F\u00f3rmula: Cada comprimido contiene Albendazol 600mg Praziquantel 100mg Excipiente c.s. Indicaciones: La formulaci\u00f3n permite adaptar la administraci\u00f3n al criterio del M\u00e9dico veterinario actuante y al cuadro del paciente, en especial ante abundante carga parasitaria y\/o petesitosis &#8230; <a title=\"Novasol x 4 comp &#8211; Laser\" class=\"read-more\" href=\"https:\/\/vetaustral.com.ar\/?product=novasol-x-4-comp-laser\" aria-label=\"Leer m\u00e1s sobre Novasol x 4 comp &#8211; Laser\">Leer m\u00e1s<\/a><\/p>\n","protected":false},"featured_media":1754,"comment_status":"open","ping_status":"closed","template":"","meta":[],"product_brand":[270],"product_cat":[36,32],"product_tag":[71],"class_list":{"0":"post-1753","1":"product","2":"type-product","3":"status-publish","4":"has-post-thumbnail","6":"product_brand-laser","7":"product_cat-animales-de-compania","8":"product_cat-farmacia","9":"product_tag-antiparasitario-interno","10":"sales-flash-overlay","11":"woocommerce-text-align-center","12":"woocommerce-image-align-center","13":"do-quantity-buttons","15":"first","16":"instock","17":"taxable","18":"shipping-taxable","19":"purchasable","20":"product-type-simple"},"jetpack_sharing_enabled":true,"_links":{"self":[{"href":"https:\/\/vetaustral.com.ar\/index.php?rest_route=\/wp\/v2\/product\/1753","targetHints":{"allow":["GET"]}}],"collection":[{"href":"https:\/\/vetaustral.com.ar\/index.php?rest_route=\/wp\/v2\/product"}],"about":[{"href":"https:\/\/vetaustral.com.ar\/index.php?rest_route=\/wp\/v2\/types\/product"}],"replies":[{"embeddable":true,"href":"https:\/\/vetaustral.com.ar\/index.php?rest_route=%2Fwp%2Fv2%2Fcomments&post=1753"}],"wp:featuredmedia":[{"embeddable":true,"href":"https:\/\/vetaustral.com.ar\/index.php?rest_route=\/wp\/v2\/media\/1754"}],"wp:attachment":[{"href":"https:\/\/vetaustral.com.ar\/index.php?rest_route=%2Fwp%2Fv2%2Fmedia&parent=1753"}],"wp:term":[{"taxonomy":"product_brand","embeddable":true,"href":"https:\/\/vetaustral.com.ar\/index.php?rest_route=%2Fwp%2Fv2%2Fproduct_brand&post=1753"},{"taxonomy":"product_cat","embeddable":true,"href":"https:\/\/vetaustral.com.ar\/index.php?rest_route=%2Fwp%2Fv2%2Fproduct_cat&post=1753"},{"taxonomy":"product_tag","embeddable":true,"href":"https:\/\/vetaustral.com.ar\/index.php?rest_route=%2Fwp%2Fv2%2Fproduct_tag&post=1753"}],"curies":[{"name":"wp","href":"https:\/\/api.w.org\/{rel}","templated":true}]}}