{"id":1751,"date":"2025-12-04T20:20:22","date_gmt":"2025-12-04T20:20:22","guid":{"rendered":"https:\/\/vetaustral.com.ar\/?post_type=product&#038;p=1751"},"modified":"2025-12-04T20:20:23","modified_gmt":"2025-12-04T20:20:23","slug":"prolaser-x-20-comp-laser","status":"publish","type":"product","link":"https:\/\/vetaustral.com.ar\/?product=prolaser-x-20-comp-laser","title":{"rendered":"Prolaser x 20 comp &#8211; Laser"},"content":{"rendered":"<p>Contiene 2 bl\u00edsters de 10 comprimidos.<\/p>\n<ul>\n<li>Antiinflamatorio enzim\u00e1tico.<\/li>\n<li>Para caninos y felinos.<\/li>\n<\/ul>\n<h4><strong>F\u00f3rmula:<\/strong><\/h4>\n<p class=\"query-text-line ng-star-inserted\"><strong>Cada comprimido contiene<\/strong><\/p>\n<ul>\n<li class=\"query-text-line ng-star-inserted\">Carica Papaya 50mg<\/li>\n<li>Excipiente c.s.<\/li>\n<\/ul>\n<h4><strong>Indicaciones:<\/strong><\/h4>\n<p>PROLASER est\u00e1 compuesto por enzimas proteol\u00edticas activadas y refinadas, extra\u00eddas del zumo de los frutos del papayo (Carica papaya L.) Su extenso uso en medicina veterinaria durante los \u00faltimos a\u00f1os ha redundado en excelentes resultados para los finde que se recomiendan:<br \/>\n1\u00ba Antiinflamatorio natural, fibrinol\u00edtico y antiflog\u00edtico.<\/p>\n<p>2\u00ba Potenciador de antibi\u00f3ticos cuando se combina un tratamiento con ellas. Se logra significativas reducciones en el tiempo de terapia antibi\u00f3tica.<\/p>\n<p>3\u00ba Especialmente indicado su uso pre y post quir\u00fargico.<\/p>\n<p>Laser<\/p>\n","protected":false},"excerpt":{"rendered":"<p>Contiene 2 bl\u00edsters de 10 comprimidos. Antiinflamatorio enzim\u00e1tico. Para caninos y felinos. F\u00f3rmula: Cada comprimido contiene Carica Papaya 50mg Excipiente c.s. Indicaciones: PROLASER est\u00e1 compuesto por enzimas proteol\u00edticas activadas y refinadas, extra\u00eddas del zumo de los frutos del papayo (Carica papaya L.) Su extenso uso en medicina veterinaria durante los \u00faltimos a\u00f1os ha redundado en &#8230; <a title=\"Prolaser x 20 comp &#8211; Laser\" class=\"read-more\" href=\"https:\/\/vetaustral.com.ar\/?product=prolaser-x-20-comp-laser\" aria-label=\"Leer m\u00e1s sobre Prolaser x 20 comp &#8211; Laser\">Leer m\u00e1s<\/a><\/p>\n","protected":false},"featured_media":1752,"comment_status":"open","ping_status":"closed","template":"","meta":[],"product_brand":[270],"product_cat":[36,32],"product_tag":[173],"class_list":{"0":"post-1751","1":"product","2":"type-product","3":"status-publish","4":"has-post-thumbnail","6":"product_brand-laser","7":"product_cat-animales-de-compania","8":"product_cat-farmacia","9":"product_tag-antiinflamatorio-enzimatico","10":"sales-flash-overlay","11":"woocommerce-text-align-center","12":"woocommerce-image-align-center","13":"do-quantity-buttons","15":"first","16":"instock","17":"taxable","18":"shipping-taxable","19":"purchasable","20":"product-type-simple"},"jetpack_sharing_enabled":true,"_links":{"self":[{"href":"https:\/\/vetaustral.com.ar\/index.php?rest_route=\/wp\/v2\/product\/1751","targetHints":{"allow":["GET"]}}],"collection":[{"href":"https:\/\/vetaustral.com.ar\/index.php?rest_route=\/wp\/v2\/product"}],"about":[{"href":"https:\/\/vetaustral.com.ar\/index.php?rest_route=\/wp\/v2\/types\/product"}],"replies":[{"embeddable":true,"href":"https:\/\/vetaustral.com.ar\/index.php?rest_route=%2Fwp%2Fv2%2Fcomments&post=1751"}],"wp:featuredmedia":[{"embeddable":true,"href":"https:\/\/vetaustral.com.ar\/index.php?rest_route=\/wp\/v2\/media\/1752"}],"wp:attachment":[{"href":"https:\/\/vetaustral.com.ar\/index.php?rest_route=%2Fwp%2Fv2%2Fmedia&parent=1751"}],"wp:term":[{"taxonomy":"product_brand","embeddable":true,"href":"https:\/\/vetaustral.com.ar\/index.php?rest_route=%2Fwp%2Fv2%2Fproduct_brand&post=1751"},{"taxonomy":"product_cat","embeddable":true,"href":"https:\/\/vetaustral.com.ar\/index.php?rest_route=%2Fwp%2Fv2%2Fproduct_cat&post=1751"},{"taxonomy":"product_tag","embeddable":true,"href":"https:\/\/vetaustral.com.ar\/index.php?rest_route=%2Fwp%2Fv2%2Fproduct_tag&post=1751"}],"curies":[{"name":"wp","href":"https:\/\/api.w.org\/{rel}","templated":true}]}}