{"id":1749,"date":"2025-12-04T19:56:49","date_gmt":"2025-12-04T19:56:49","guid":{"rendered":"https:\/\/vetaustral.com.ar\/?post_type=product&#038;p=1749"},"modified":"2026-01-17T14:30:37","modified_gmt":"2026-01-17T14:30:37","slug":"episol-x-18-comp-konig","status":"publish","type":"product","link":"https:\/\/vetaustral.com.ar\/?product=episol-x-18-comp-konig","title":{"rendered":"Episol x 18 comp &#8211; Konig"},"content":{"rendered":"<p>Contiene 2 bl\u00edsters de 9 comprimidos.<\/p>\n<ul>\n<li>Anticonvulsivante y tranquilizante de administraci\u00f3n oral para caninos.<\/li>\n<\/ul>\n<div class=\"info__container--formula\">\n<h4><strong>F\u00f3rmula:<\/strong><\/h4>\n<p>Cada comprimido contiene:<br \/>\nDifenilhidantoinato s\u00f3dico 100 mg, Diazepam 5 mg y excipientes c.s.p. 300 mg.<\/p>\n<p>&nbsp;<\/p>\n<\/div>\n<div class=\"info__container--indicaciones\">\n<h4><strong>Indicaciones de uso:<\/strong><\/h4>\n<p>Control de las convulsiones o accesos epileptiformes de origen central. Tranquilizante neurorregulador en caso de hiperexcitabilidad, agresividad \u201cneurosis\u201d e hipersexualidad en caninos.<\/p>\n<p><strong>Administraci\u00f3n y dosis:<\/strong><br \/>\nTerapia profil\u00e1ctica anticonvulsiva en la enfermedad de Carr\u00e9 o moquillo canino:<br \/>\nAdministrar 1 comprimido cada 10 Kg. de peso por d\u00eda, dividido en dos tomas diarias, durante 30 d\u00edas, para continuar luego con 1 comprimido cada 20 Kg. de peso por d\u00eda, en dos tomas diarias, los 30 d\u00edas subsiguientes. Si en el transcurso del tratamiento aparecen convulsiones, se indicar\u00e1 la mantener la dosis inicial ajustando luego la dosis de sost\u00e9n seg\u00fan la respuesta cl\u00ednica del paciente y la evoluci\u00f3n del proceso por un periodo de 3 a 6 meses.<\/p>\n<p>Epilepsia: Es altamente eficaz en el control de las convulsiones provocadas por la epilepsia, ya sea \u00e9sta idiop\u00e1tica o adquirida. La dosis recomendada en estos casos es de 1 comprimidos cada 10 Kg. de peso por d\u00eda dividido en 2 tomas diarias durante los primeros 20 d\u00edas, ajustando luego la dosis de sost\u00e9n a la respuesta cl\u00ednica de cada paciente.<br \/>\nComo tranquilizante, administrar 1\/2 a 1 comprimido diario cada 10 Kg. de peso por d\u00eda, dividido en dos tomas.<\/p>\n<p>Konig<\/p>\n<\/div>\n","protected":false},"excerpt":{"rendered":"<p>Contiene 2 bl\u00edsters de 9 comprimidos. Anticonvulsivante y tranquilizante de administraci\u00f3n oral para caninos. F\u00f3rmula: Cada comprimido contiene: Difenilhidantoinato s\u00f3dico 100 mg, Diazepam 5 mg y excipientes c.s.p. 300 mg. &nbsp; Indicaciones de uso: Control de las convulsiones o accesos epileptiformes de origen central. Tranquilizante neurorregulador en caso de hiperexcitabilidad, agresividad \u201cneurosis\u201d e hipersexualidad en &#8230; <a title=\"Episol x 18 comp &#8211; Konig\" class=\"read-more\" href=\"https:\/\/vetaustral.com.ar\/?product=episol-x-18-comp-konig\" aria-label=\"Leer m\u00e1s sobre Episol x 18 comp &#8211; Konig\">Leer m\u00e1s<\/a><\/p>\n","protected":false},"featured_media":1750,"comment_status":"open","ping_status":"closed","template":"","meta":[],"product_brand":[258],"product_cat":[36,32],"product_tag":[269,142],"class_list":{"0":"post-1749","1":"product","2":"type-product","3":"status-publish","4":"has-post-thumbnail","6":"product_brand-konig","7":"product_cat-animales-de-compania","8":"product_cat-farmacia","9":"product_tag-anticonvulsivante","10":"product_tag-tranquilizante","11":"sales-flash-overlay","12":"woocommerce-text-align-center","13":"woocommerce-image-align-center","14":"do-quantity-buttons","16":"first","17":"instock","18":"taxable","19":"shipping-taxable","20":"purchasable","21":"product-type-simple"},"jetpack_sharing_enabled":true,"_links":{"self":[{"href":"https:\/\/vetaustral.com.ar\/index.php?rest_route=\/wp\/v2\/product\/1749","targetHints":{"allow":["GET"]}}],"collection":[{"href":"https:\/\/vetaustral.com.ar\/index.php?rest_route=\/wp\/v2\/product"}],"about":[{"href":"https:\/\/vetaustral.com.ar\/index.php?rest_route=\/wp\/v2\/types\/product"}],"replies":[{"embeddable":true,"href":"https:\/\/vetaustral.com.ar\/index.php?rest_route=%2Fwp%2Fv2%2Fcomments&post=1749"}],"wp:featuredmedia":[{"embeddable":true,"href":"https:\/\/vetaustral.com.ar\/index.php?rest_route=\/wp\/v2\/media\/1750"}],"wp:attachment":[{"href":"https:\/\/vetaustral.com.ar\/index.php?rest_route=%2Fwp%2Fv2%2Fmedia&parent=1749"}],"wp:term":[{"taxonomy":"product_brand","embeddable":true,"href":"https:\/\/vetaustral.com.ar\/index.php?rest_route=%2Fwp%2Fv2%2Fproduct_brand&post=1749"},{"taxonomy":"product_cat","embeddable":true,"href":"https:\/\/vetaustral.com.ar\/index.php?rest_route=%2Fwp%2Fv2%2Fproduct_cat&post=1749"},{"taxonomy":"product_tag","embeddable":true,"href":"https:\/\/vetaustral.com.ar\/index.php?rest_route=%2Fwp%2Fv2%2Fproduct_tag&post=1749"}],"curies":[{"name":"wp","href":"https:\/\/api.w.org\/{rel}","templated":true}]}}