{"id":1747,"date":"2025-12-04T19:48:24","date_gmt":"2025-12-04T19:48:24","guid":{"rendered":"https:\/\/vetaustral.com.ar\/?post_type=product&#038;p=1747"},"modified":"2025-12-04T19:48:25","modified_gmt":"2025-12-04T19:48:25","slug":"serenex-felinos-spray-x-25-ml-konig","status":"publish","type":"product","link":"https:\/\/vetaustral.com.ar\/?product=serenex-felinos-spray-x-25-ml-konig","title":{"rendered":"Serenex felinos Spray x 25 ml &#8211; Konig"},"content":{"rendered":"<p>Contiene 1 botella de 25 ml.<\/p>\n<ul>\n<li>Spray \u2013 Feromonoterapia<\/li>\n<li>Feromonas de sincron\u00eda que calman y tranquilizan<\/li>\n<\/ul>\n<div class=\"info__container--formula\">\n<h4><strong>F\u00f3rmula:<\/strong><\/h4>\n<p>Feromona M2B \u2026\u2026\u2026\u2026\u2026\u2026\u2026\u2026\u2026\u2026\u2026\u2026. 0,05 %<\/p>\n<p>Ingredientes inertes \u2026\u2026\u2026\u2026\u2026\u2026\u2026\u2026.. 99,95 %<\/p>\n<p>&nbsp;<\/p>\n<\/div>\n<div class=\"info__container--indicaciones\">\n<h4><strong>Indicaciones de uso:<\/strong><\/h4>\n<p>SERENEX\u00ae Spray Felinos es recomendado ante situaciones tales como:<\/p>\n<ul>\n<li>Adaptaci\u00f3n al nuevo hogar (destete, adopciones)<\/li>\n<li>Marcaje con orina<\/li>\n<li>Marcaje con las u\u00f1as<\/li>\n<li>Miedo a ruidos fuertes como truenos y fuegos artificiales<\/li>\n<li>Mudanza a un nuevo hogar<\/li>\n<li>Alojamiento en hotel felino<\/li>\n<li>Cambios en el entorno, como muebles nuevos o refacciones<\/li>\n<li>Nuevos visitantes en casa (sean personas o mascotas)<\/li>\n<li>Visita al veterinario<\/li>\n<li>Viajes sobre todo en autos<\/li>\n<li>Conflictos con otros gatos<\/li>\n<\/ul>\n<p><strong><br \/>\nModo de Aplicaci\u00f3n<\/strong><\/p>\n<p><strong>Dentro de la casa:<br \/>\n<\/strong>Rociar el sitio que habitualmente frecuenta el animal (almohad\u00f3n, dormidero, etc.) o sobre alg\u00fan elemento que con el que est\u00e9 en contacto (collar, peluche, etc.). SERENEX\u00ae Spray Felinos debe ser colocado por lo menos 15 minutos antes de exponer al gato al sitio rociado. Se deben realizar entre 6 y 8 rociadas aproximadamente a 10 cm del objeto para un (1) tratamiento. El efecto de SERENEX\u00ae Spray Felinos tiene una duraci\u00f3n aproximada de 4 a 5 horas. En caso de volver a aplicar, recuerde tratar el objeto lejos del animal y esperar al menos 15 minutos antes de exponerlo nuevamente. Puede usarse durante todo el tiempo que desee, sin restricciones.<\/p>\n<p><strong><br \/>\nPara viajes, visitas al veterinario o paseos:<br \/>\n<\/strong>Se seguir\u00e1n las indicaciones anteriores teniendo en cuenta que el rociado se har\u00e1 dentro del auto, manta o peluche que acompa\u00f1e durante el viaje o en el caso de los paseos, sobre su collar o transportadora. Nunca rociar directamente sobre el gato.<\/p>\n<p>Konig<\/p>\n<\/div>\n<p>&nbsp;<\/p>\n","protected":false},"excerpt":{"rendered":"<p>Contiene 1 botella de 25 ml. Spray \u2013 Feromonoterapia Feromonas de sincron\u00eda que calman y tranquilizan F\u00f3rmula: Feromona M2B \u2026\u2026\u2026\u2026\u2026\u2026\u2026\u2026\u2026\u2026\u2026\u2026. 0,05 % Ingredientes inertes \u2026\u2026\u2026\u2026\u2026\u2026\u2026\u2026.. 99,95 % &nbsp; Indicaciones de uso: SERENEX\u00ae Spray Felinos es recomendado ante situaciones tales como: Adaptaci\u00f3n al nuevo hogar (destete, adopciones) Marcaje con orina Marcaje con las u\u00f1as Miedo a &#8230; <a title=\"Serenex felinos Spray x 25 ml &#8211; Konig\" class=\"read-more\" href=\"https:\/\/vetaustral.com.ar\/?product=serenex-felinos-spray-x-25-ml-konig\" aria-label=\"Leer m\u00e1s sobre Serenex felinos Spray x 25 ml &#8211; Konig\">Leer m\u00e1s<\/a><\/p>\n","protected":false},"featured_media":1748,"comment_status":"open","ping_status":"closed","template":"","meta":[],"product_brand":[258],"product_cat":[36,32],"product_tag":[268,142],"class_list":{"0":"post-1747","1":"product","2":"type-product","3":"status-publish","4":"has-post-thumbnail","6":"product_brand-konig","7":"product_cat-animales-de-compania","8":"product_cat-farmacia","9":"product_tag-en-spray","10":"product_tag-tranquilizante","11":"sales-flash-overlay","12":"woocommerce-text-align-center","13":"woocommerce-image-align-center","14":"do-quantity-buttons","16":"first","17":"instock","18":"taxable","19":"shipping-taxable","20":"purchasable","21":"product-type-simple"},"jetpack_sharing_enabled":true,"_links":{"self":[{"href":"https:\/\/vetaustral.com.ar\/index.php?rest_route=\/wp\/v2\/product\/1747","targetHints":{"allow":["GET"]}}],"collection":[{"href":"https:\/\/vetaustral.com.ar\/index.php?rest_route=\/wp\/v2\/product"}],"about":[{"href":"https:\/\/vetaustral.com.ar\/index.php?rest_route=\/wp\/v2\/types\/product"}],"replies":[{"embeddable":true,"href":"https:\/\/vetaustral.com.ar\/index.php?rest_route=%2Fwp%2Fv2%2Fcomments&post=1747"}],"wp:featuredmedia":[{"embeddable":true,"href":"https:\/\/vetaustral.com.ar\/index.php?rest_route=\/wp\/v2\/media\/1748"}],"wp:attachment":[{"href":"https:\/\/vetaustral.com.ar\/index.php?rest_route=%2Fwp%2Fv2%2Fmedia&parent=1747"}],"wp:term":[{"taxonomy":"product_brand","embeddable":true,"href":"https:\/\/vetaustral.com.ar\/index.php?rest_route=%2Fwp%2Fv2%2Fproduct_brand&post=1747"},{"taxonomy":"product_cat","embeddable":true,"href":"https:\/\/vetaustral.com.ar\/index.php?rest_route=%2Fwp%2Fv2%2Fproduct_cat&post=1747"},{"taxonomy":"product_tag","embeddable":true,"href":"https:\/\/vetaustral.com.ar\/index.php?rest_route=%2Fwp%2Fv2%2Fproduct_tag&post=1747"}],"curies":[{"name":"wp","href":"https:\/\/api.w.org\/{rel}","templated":true}]}}