{"id":1745,"date":"2025-12-04T19:39:05","date_gmt":"2025-12-04T19:39:05","guid":{"rendered":"https:\/\/vetaustral.com.ar\/?post_type=product&#038;p=1745"},"modified":"2025-12-04T19:39:06","modified_gmt":"2025-12-04T19:39:06","slug":"serenex-felinos-repuesto-x-42-ml-konig","status":"publish","type":"product","link":"https:\/\/vetaustral.com.ar\/?product=serenex-felinos-repuesto-x-42-ml-konig","title":{"rendered":"Serenex felinos Repuesto x 42 ml &#8211; Konig"},"content":{"rendered":"<p>Contiene 1 botella de repuesto para difusor de 42 ml.<\/p>\n<ul>\n<li>Feromonas de sincron\u00eda que calman y tranquilizan.<\/li>\n<\/ul>\n<h4><strong>F\u00f3rmula:<\/strong><\/h4>\n<p>Feromona M2B \u2026\u2026\u2026\u2026\u2026\u2026\u2026\u2026\u2026\u2026\u2026\u2026. 0,05 %<br \/>\nIngredientes inertes \u2026\u2026\u2026\u2026\u2026\u2026\u2026\u2026.. 99,95 %<\/p>\n<h4><strong>Indicaciones de uso:<\/strong><\/h4>\n<p><strong>SERENEX\u00ae Difusor Felinos es recomendado ante situaciones tales como:<\/strong><\/p>\n<ul>\n<li>Destete y adaptaci\u00f3n al nuevo hogar<\/li>\n<li>Marcaje con orina<\/li>\n<li>Marcaje con las u\u00f1as<\/li>\n<li>Masticaci\u00f3n destructiva<\/li>\n<li>Vocalizaciones excesivas (maullidos exagerados)<\/li>\n<li>Eliminaci\u00f3n de heces en lugares inadecuados<\/li>\n<li>Comportamientos compulsivos (lamido excesivo y autoagresi\u00f3n)<\/li>\n<li>Miedo a ruidos fuertes como truenos y fuegos artificiales<\/li>\n<li>Estr\u00e9s ante la mudanza a un nuevo hogar<\/li>\n<li>Estr\u00e9s causado por cambios en el entorno, como muebles nuevos o remodelaci\u00f3n<\/li>\n<li>Estr\u00e9s ante la llegada de un nuevo integrante al hogar (nacimiento de un beb\u00e9, adopci\u00f3n de otro animal). Conflictos en la convivencia entre gatos<\/li>\n<\/ul>\n<p><strong><br \/>\nModo de Aplicaci\u00f3n:<\/strong><\/p>\n<p>Desenrosque la tapa del repuesto l\u00edquido y enrosque el mismo en el interior del aparato difusor de manera centrada, de modo que la mecha ingrese en el centro de la resistencia circular que se encuentra en la parte interior del aparato. No toque la mecha con los dedos. Compruebe que el frasco quede sujeto correctamente. Conecte el aparato siempre con el repuesto en posici\u00f3n vertical, girando el enchufe del mismo si fuera necesario para hacerlo coincidir con el de la pared. El aparato posee un bot\u00f3n de encendido\/apagado y un ajustador de intensidad para regular el nivel de la evaporaci\u00f3n. Una luz piloto en el aparato le indicar\u00e1 su puesta en funcionamiento. Cuando no quede l\u00edquido sustituya exclusivamente con SERENEX\u00ae Difusor Felinos repuesto. Una botella de 42 mL dura 30 d\u00edas. Cuando no lo use por temporadas largas desenchufe el aparato, desenrosque el repuesto y col\u00f3quele la tapa para evitar que se evapore.<\/p>\n<p>Konig<\/p>\n","protected":false},"excerpt":{"rendered":"<p>Contiene 1 botella de repuesto para difusor de 42 ml. Feromonas de sincron\u00eda que calman y tranquilizan. F\u00f3rmula: Feromona M2B \u2026\u2026\u2026\u2026\u2026\u2026\u2026\u2026\u2026\u2026\u2026\u2026. 0,05 % Ingredientes inertes \u2026\u2026\u2026\u2026\u2026\u2026\u2026\u2026.. 99,95 % Indicaciones de uso: SERENEX\u00ae Difusor Felinos es recomendado ante situaciones tales como: Destete y adaptaci\u00f3n al nuevo hogar Marcaje con orina Marcaje con las u\u00f1as Masticaci\u00f3n destructiva &#8230; <a title=\"Serenex felinos Repuesto x 42 ml &#8211; Konig\" class=\"read-more\" href=\"https:\/\/vetaustral.com.ar\/?product=serenex-felinos-repuesto-x-42-ml-konig\" aria-label=\"Leer m\u00e1s sobre Serenex felinos Repuesto x 42 ml &#8211; Konig\">Leer m\u00e1s<\/a><\/p>\n","protected":false},"featured_media":1746,"comment_status":"open","ping_status":"closed","template":"","meta":[],"product_brand":[258],"product_cat":[36,32],"product_tag":[267,142],"class_list":{"0":"post-1745","1":"product","2":"type-product","3":"status-publish","4":"has-post-thumbnail","6":"product_brand-konig","7":"product_cat-animales-de-compania","8":"product_cat-farmacia","9":"product_tag-repuesto","10":"product_tag-tranquilizante","11":"sales-flash-overlay","12":"woocommerce-text-align-center","13":"woocommerce-image-align-center","14":"do-quantity-buttons","16":"first","17":"instock","18":"taxable","19":"shipping-taxable","20":"purchasable","21":"product-type-simple"},"jetpack_sharing_enabled":true,"_links":{"self":[{"href":"https:\/\/vetaustral.com.ar\/index.php?rest_route=\/wp\/v2\/product\/1745","targetHints":{"allow":["GET"]}}],"collection":[{"href":"https:\/\/vetaustral.com.ar\/index.php?rest_route=\/wp\/v2\/product"}],"about":[{"href":"https:\/\/vetaustral.com.ar\/index.php?rest_route=\/wp\/v2\/types\/product"}],"replies":[{"embeddable":true,"href":"https:\/\/vetaustral.com.ar\/index.php?rest_route=%2Fwp%2Fv2%2Fcomments&post=1745"}],"wp:featuredmedia":[{"embeddable":true,"href":"https:\/\/vetaustral.com.ar\/index.php?rest_route=\/wp\/v2\/media\/1746"}],"wp:attachment":[{"href":"https:\/\/vetaustral.com.ar\/index.php?rest_route=%2Fwp%2Fv2%2Fmedia&parent=1745"}],"wp:term":[{"taxonomy":"product_brand","embeddable":true,"href":"https:\/\/vetaustral.com.ar\/index.php?rest_route=%2Fwp%2Fv2%2Fproduct_brand&post=1745"},{"taxonomy":"product_cat","embeddable":true,"href":"https:\/\/vetaustral.com.ar\/index.php?rest_route=%2Fwp%2Fv2%2Fproduct_cat&post=1745"},{"taxonomy":"product_tag","embeddable":true,"href":"https:\/\/vetaustral.com.ar\/index.php?rest_route=%2Fwp%2Fv2%2Fproduct_tag&post=1745"}],"curies":[{"name":"wp","href":"https:\/\/api.w.org\/{rel}","templated":true}]}}