{"id":1736,"date":"2025-12-02T19:54:31","date_gmt":"2025-12-02T19:54:31","guid":{"rendered":"https:\/\/vetaustral.com.ar\/?post_type=product&#038;p=1736"},"modified":"2026-03-09T15:05:19","modified_gmt":"2026-03-09T15:05:19","slug":"collar-tea327-para-perros-grandes-konig","status":"publish","type":"product","link":"https:\/\/vetaustral.com.ar\/?product=collar-tea327-para-perros-grandes-konig","title":{"rendered":"Collar TEA327 para perros grandes \u2013 Konig"},"content":{"rendered":"<p>Contiene 1 collar de 38 gr. y de 60 cm de largo.<\/p>\n<ul>\n<li>Collar pulguicida, garrapaticida y piojicida para caninos.<\/li>\n<li>5 meses de duraci\u00f3n.<\/li>\n<\/ul>\n<h4><strong>F\u00f3rmula:<\/strong><\/h4>\n<p>Cada 100 gramos contiene: Propoxur 10 gramos y excipientes c.s.<\/p>\n<h4><strong>Indicaciones de uso:<\/strong><\/h4>\n<p>Prevenci\u00f3n y control de infestaciones por pulgas, garrapatas y todo tipo de par\u00e1sitos externos.<\/p>\n<p><strong>Administraci\u00f3n y dosis:<\/strong><br \/>\nColocar el collar en el cuello con la precauci\u00f3n que no quede ajustado o flojo, permitiendo la entrada de dos dedos por debajo del mismo. Cortar y desechar el material sobrante. Revisar peri\u00f3dicamente el correcto ajuste del collar, especialmente en animales en crecimiento. Retirarlo antes del ba\u00f1o semanal y volverlo a colocar una vez que el pelaje est\u00e9 seco. Cambiar cada 5 meses.<\/p>\n<p>Konig<\/p>\n","protected":false},"excerpt":{"rendered":"<p>Contiene 1 collar de 38 gr. y de 60 cm de largo. Collar pulguicida, garrapaticida y piojicida para caninos. 5 meses de duraci\u00f3n. F\u00f3rmula: Cada 100 gramos contiene: Propoxur 10 gramos y excipientes c.s. Indicaciones de uso: Prevenci\u00f3n y control de infestaciones por pulgas, garrapatas y todo tipo de par\u00e1sitos externos. Administraci\u00f3n y dosis: Colocar &#8230; <a title=\"Collar TEA327 para perros grandes \u2013 Konig\" class=\"read-more\" href=\"https:\/\/vetaustral.com.ar\/?product=collar-tea327-para-perros-grandes-konig\" aria-label=\"Leer m\u00e1s sobre Collar TEA327 para perros grandes \u2013 Konig\">Leer m\u00e1s<\/a><\/p>\n","protected":false},"featured_media":1737,"comment_status":"open","ping_status":"closed","template":"","meta":[],"product_brand":[258],"product_cat":[36,32],"product_tag":[70,105,69],"class_list":{"0":"post-1736","1":"product","2":"type-product","3":"status-publish","4":"has-post-thumbnail","6":"product_brand-konig","7":"product_cat-animales-de-compania","8":"product_cat-farmacia","9":"product_tag-garrapaticida","10":"product_tag-piojicida","11":"product_tag-pulguicida","12":"sales-flash-overlay","13":"woocommerce-text-align-center","14":"woocommerce-image-align-center","15":"do-quantity-buttons","17":"first","18":"instock","19":"taxable","20":"shipping-taxable","21":"purchasable","22":"product-type-simple"},"jetpack_sharing_enabled":true,"_links":{"self":[{"href":"https:\/\/vetaustral.com.ar\/index.php?rest_route=\/wp\/v2\/product\/1736","targetHints":{"allow":["GET"]}}],"collection":[{"href":"https:\/\/vetaustral.com.ar\/index.php?rest_route=\/wp\/v2\/product"}],"about":[{"href":"https:\/\/vetaustral.com.ar\/index.php?rest_route=\/wp\/v2\/types\/product"}],"replies":[{"embeddable":true,"href":"https:\/\/vetaustral.com.ar\/index.php?rest_route=%2Fwp%2Fv2%2Fcomments&post=1736"}],"wp:featuredmedia":[{"embeddable":true,"href":"https:\/\/vetaustral.com.ar\/index.php?rest_route=\/wp\/v2\/media\/1737"}],"wp:attachment":[{"href":"https:\/\/vetaustral.com.ar\/index.php?rest_route=%2Fwp%2Fv2%2Fmedia&parent=1736"}],"wp:term":[{"taxonomy":"product_brand","embeddable":true,"href":"https:\/\/vetaustral.com.ar\/index.php?rest_route=%2Fwp%2Fv2%2Fproduct_brand&post=1736"},{"taxonomy":"product_cat","embeddable":true,"href":"https:\/\/vetaustral.com.ar\/index.php?rest_route=%2Fwp%2Fv2%2Fproduct_cat&post=1736"},{"taxonomy":"product_tag","embeddable":true,"href":"https:\/\/vetaustral.com.ar\/index.php?rest_route=%2Fwp%2Fv2%2Fproduct_tag&post=1736"}],"curies":[{"name":"wp","href":"https:\/\/api.w.org\/{rel}","templated":true}]}}