{"id":1727,"date":"2025-12-02T19:15:34","date_gmt":"2025-12-02T19:15:34","guid":{"rendered":"https:\/\/vetaustral.com.ar\/?post_type=product&#038;p=1727"},"modified":"2025-12-02T19:15:35","modified_gmt":"2025-12-02T19:15:35","slug":"fauna-jabon-antiseptico-x-80-gr-konig","status":"publish","type":"product","link":"https:\/\/vetaustral.com.ar\/?product=fauna-jabon-antiseptico-x-80-gr-konig","title":{"rendered":"Fauna jab\u00f3n antis\u00e9ptico x 80 gr &#8211; Konig"},"content":{"rendered":"<p>Contiene 1 pastilla de jab\u00f3n de 80 gr.<\/p>\n<ul>\n<li>Jab\u00f3n ectoparasiticida y de higiene para caninos y felinos.<\/li>\n<li>Acci\u00f3n antiseborreica (azufre active).<\/li>\n<li>Tratamiento antis\u00e1rnico.<\/li>\n<\/ul>\n<h4><strong>F\u00f3rmula:<\/strong><\/h4>\n<p>Cada 100 gramos contiene: Amitraz 0,125 gramos; Azufre 2 gramos y excipientes c.s.<\/p>\n<h4><strong>Indicaciones de uso:<\/strong><\/h4>\n<p>Ba\u00f1o semanal de caninos y felinos, tanto para pieles sanas como con problemas. Posee acci\u00f3n pulguicida, garrapaticida, antis\u00e1rnica (sarna sarc\u00f3ptica y demod\u00e9ctica) y \u00a0piojicida. Es antiseborreico, antis\u00e9ptico y queratol\u00edtico, eliminando as\u00ed el prurito y olor desagradable.<\/p>\n<p><strong>Administraci\u00f3n y dosis:<\/strong><br \/>\nMojar el pelo con abundante agua tibia y masajear vigorosamente dejando que la espuma act\u00fae durante 3 a 5 minutos y enjuagar. Repetir la operaci\u00f3n. En caso de infestaciones por pulgas y garrapatas utilizar semanalmente. Para el tratamiento de la sarna demod\u00e9ctica se recomienda realizar ba\u00f1os cada 7 d\u00edas durante 2 meses como m\u00ednimo. En sarna sarc\u00f3ptica se recomienda un intervalo entre ba\u00f1os de 4 d\u00edas y la duraci\u00f3n del tratamiento depender\u00e1 de la gravedad del cuadro, como orientaci\u00f3n de 15 a 20 d\u00edas.<\/p>\n<p>Konig<\/p>\n","protected":false},"excerpt":{"rendered":"<p>Contiene 1 pastilla de jab\u00f3n de 80 gr. Jab\u00f3n ectoparasiticida y de higiene para caninos y felinos. Acci\u00f3n antiseborreica (azufre active). Tratamiento antis\u00e1rnico. F\u00f3rmula: Cada 100 gramos contiene: Amitraz 0,125 gramos; Azufre 2 gramos y excipientes c.s. Indicaciones de uso: Ba\u00f1o semanal de caninos y felinos, tanto para pieles sanas como con problemas. Posee acci\u00f3n &#8230; <a title=\"Fauna jab\u00f3n antis\u00e9ptico x 80 gr &#8211; Konig\" class=\"read-more\" href=\"https:\/\/vetaustral.com.ar\/?product=fauna-jabon-antiseptico-x-80-gr-konig\" aria-label=\"Leer m\u00e1s sobre Fauna jab\u00f3n antis\u00e9ptico x 80 gr &#8211; Konig\">Leer m\u00e1s<\/a><\/p>\n","protected":false},"featured_media":1728,"comment_status":"open","ping_status":"closed","template":"","meta":[],"product_brand":[258],"product_cat":[36,32],"product_tag":[66,155,153,263,261],"class_list":{"0":"post-1727","1":"product","2":"type-product","3":"status-publish","4":"has-post-thumbnail","6":"product_brand-konig","7":"product_cat-animales-de-compania","8":"product_cat-farmacia","9":"product_tag-antisarnico","10":"product_tag-antiseborreico","11":"product_tag-antiseptico","12":"product_tag-jabon-en-barra","13":"product_tag-limpieza-del-animal","14":"sales-flash-overlay","15":"woocommerce-text-align-center","16":"woocommerce-image-align-center","17":"do-quantity-buttons","19":"first","20":"instock","21":"taxable","22":"shipping-taxable","23":"purchasable","24":"product-type-simple"},"jetpack_sharing_enabled":true,"_links":{"self":[{"href":"https:\/\/vetaustral.com.ar\/index.php?rest_route=\/wp\/v2\/product\/1727","targetHints":{"allow":["GET"]}}],"collection":[{"href":"https:\/\/vetaustral.com.ar\/index.php?rest_route=\/wp\/v2\/product"}],"about":[{"href":"https:\/\/vetaustral.com.ar\/index.php?rest_route=\/wp\/v2\/types\/product"}],"replies":[{"embeddable":true,"href":"https:\/\/vetaustral.com.ar\/index.php?rest_route=%2Fwp%2Fv2%2Fcomments&post=1727"}],"wp:featuredmedia":[{"embeddable":true,"href":"https:\/\/vetaustral.com.ar\/index.php?rest_route=\/wp\/v2\/media\/1728"}],"wp:attachment":[{"href":"https:\/\/vetaustral.com.ar\/index.php?rest_route=%2Fwp%2Fv2%2Fmedia&parent=1727"}],"wp:term":[{"taxonomy":"product_brand","embeddable":true,"href":"https:\/\/vetaustral.com.ar\/index.php?rest_route=%2Fwp%2Fv2%2Fproduct_brand&post=1727"},{"taxonomy":"product_cat","embeddable":true,"href":"https:\/\/vetaustral.com.ar\/index.php?rest_route=%2Fwp%2Fv2%2Fproduct_cat&post=1727"},{"taxonomy":"product_tag","embeddable":true,"href":"https:\/\/vetaustral.com.ar\/index.php?rest_route=%2Fwp%2Fv2%2Fproduct_tag&post=1727"}],"curies":[{"name":"wp","href":"https:\/\/api.w.org\/{rel}","templated":true}]}}