{"id":1725,"date":"2025-12-02T19:00:12","date_gmt":"2025-12-02T19:00:12","guid":{"rendered":"https:\/\/vetaustral.com.ar\/?post_type=product&#038;p=1725"},"modified":"2025-12-02T19:01:14","modified_gmt":"2025-12-02T19:01:14","slug":"fauna-quick-foam-x-210-ml-konig","status":"publish","type":"product","link":"https:\/\/vetaustral.com.ar\/?product=fauna-quick-foam-x-210-ml-konig","title":{"rendered":"Fauna Quick Foam x 210 ml &#8211; Konig"},"content":{"rendered":"<p>Contiene 1 envase con pico de 210 ml.<\/p>\n<ul>\n<li>Espuma de ba\u00f1o seco para la higiene y desinfecci\u00f3n.<\/li>\n<li>Con acci\u00f3n antis\u00e9ptica que elimina los virus y bacterias que los animales podr\u00edan ingresar al hogar en sus patas.<\/li>\n<li>Para caninos, felinos y otros animales.<\/li>\n<li>Delicado aroma a lim\u00f3n.<\/li>\n<\/ul>\n<h4><strong>F\u00f3rmula:<\/strong><\/h4>\n<p>Cada 100 g contiene: Acido Este\u00e1rico 0.106 g; Lauril Sulfato de Trietanolamina 0.074 g, Benzoato de sodio 0.414 g y excipientes de formulaci\u00f3n c.s.p.<\/p>\n<h4><strong>Indicaciones de uso:<\/strong><\/h4>\n<p>Para la limpieza de patas, orejas, hocico, lagrimales y\/o todo el cuerpo, sin necesidad de mojar al animal. Limpia y elimina virus y bacterias en la zona aplicada. La piel queda hidratada y con agradable fragancia.<br \/>\nNo irrita los ojos, ni provoca reacciones adversas.<\/p>\n<p>Puede aplicarse en cachorros, gatitos, animales ex\u00f3ticos y silvestres como\u00a0 cobayos, rat\u00f3n, h\u00e1mster, chinchilla, gerbo y conejo.<\/p>\n<p><strong>Administraci\u00f3n:<br \/>\n<\/strong>Aplicar bastante espuma sobre el cuerpo de la mascota, frotar suavemente a contrapelo, dejar actuar 2 o 3 minutos, y luego retirar con un pa\u00f1o seco. No requiere enjuague ni antes ni despu\u00e9s de uso.<\/p>\n<p>Konig<\/p>\n","protected":false},"excerpt":{"rendered":"<p>Contiene 1 envase con pico de 210 ml. Espuma de ba\u00f1o seco para la higiene y desinfecci\u00f3n. Con acci\u00f3n antis\u00e9ptica que elimina los virus y bacterias que los animales podr\u00edan ingresar al hogar en sus patas. Para caninos, felinos y otros animales. Delicado aroma a lim\u00f3n. F\u00f3rmula: Cada 100 g contiene: Acido Este\u00e1rico 0.106 g; &#8230; <a title=\"Fauna Quick Foam x 210 ml &#8211; Konig\" class=\"read-more\" href=\"https:\/\/vetaustral.com.ar\/?product=fauna-quick-foam-x-210-ml-konig\" aria-label=\"Leer m\u00e1s sobre Fauna Quick Foam x 210 ml &#8211; Konig\">Leer m\u00e1s<\/a><\/p>\n","protected":false},"featured_media":1726,"comment_status":"open","ping_status":"closed","template":"","meta":[],"product_brand":[258],"product_cat":[36,32],"product_tag":[260,261,262],"class_list":{"0":"post-1725","1":"product","2":"type-product","3":"status-publish","4":"has-post-thumbnail","6":"product_brand-konig","7":"product_cat-animales-de-compania","8":"product_cat-farmacia","9":"product_tag-espuma-seca","10":"product_tag-limpieza-del-animal","11":"product_tag-shampoo-en-seco","12":"sales-flash-overlay","13":"woocommerce-text-align-center","14":"woocommerce-image-align-center","15":"do-quantity-buttons","17":"first","18":"instock","19":"taxable","20":"shipping-taxable","21":"purchasable","22":"product-type-simple"},"jetpack_sharing_enabled":true,"_links":{"self":[{"href":"https:\/\/vetaustral.com.ar\/index.php?rest_route=\/wp\/v2\/product\/1725","targetHints":{"allow":["GET"]}}],"collection":[{"href":"https:\/\/vetaustral.com.ar\/index.php?rest_route=\/wp\/v2\/product"}],"about":[{"href":"https:\/\/vetaustral.com.ar\/index.php?rest_route=\/wp\/v2\/types\/product"}],"replies":[{"embeddable":true,"href":"https:\/\/vetaustral.com.ar\/index.php?rest_route=%2Fwp%2Fv2%2Fcomments&post=1725"}],"wp:featuredmedia":[{"embeddable":true,"href":"https:\/\/vetaustral.com.ar\/index.php?rest_route=\/wp\/v2\/media\/1726"}],"wp:attachment":[{"href":"https:\/\/vetaustral.com.ar\/index.php?rest_route=%2Fwp%2Fv2%2Fmedia&parent=1725"}],"wp:term":[{"taxonomy":"product_brand","embeddable":true,"href":"https:\/\/vetaustral.com.ar\/index.php?rest_route=%2Fwp%2Fv2%2Fproduct_brand&post=1725"},{"taxonomy":"product_cat","embeddable":true,"href":"https:\/\/vetaustral.com.ar\/index.php?rest_route=%2Fwp%2Fv2%2Fproduct_cat&post=1725"},{"taxonomy":"product_tag","embeddable":true,"href":"https:\/\/vetaustral.com.ar\/index.php?rest_route=%2Fwp%2Fv2%2Fproduct_tag&post=1725"}],"curies":[{"name":"wp","href":"https:\/\/api.w.org\/{rel}","templated":true}]}}