{"id":1722,"date":"2025-12-02T13:53:37","date_gmt":"2025-12-02T13:53:37","guid":{"rendered":"https:\/\/vetaustral.com.ar\/?post_type=product&#038;p=1722"},"modified":"2025-12-02T13:53:38","modified_gmt":"2025-12-02T13:53:38","slug":"basken-doble-60-x-3-comp-konig","status":"publish","type":"product","link":"https:\/\/vetaustral.com.ar\/?product=basken-doble-60-x-3-comp-konig","title":{"rendered":"Basken doble 60 x 3 comp &#8211; Konig"},"content":{"rendered":"<p>Contiene 1 bl\u00edster con 3 comprimidos de 1300 (para 20 kg de peso de perro cada comp.).<\/p>\n<ul>\n<li>Antiparasitario de espectro total y una sola toma.<\/li>\n<li>No posee efectos colaterales.<\/li>\n<li>Antihelm\u00edntico de amplio espectro para caninos, de administraci\u00f3n oral.<\/li>\n<\/ul>\n<p>&nbsp;<\/p>\n<h4><strong>F\u00f3rmula:<\/strong><\/h4>\n<p>Cada 100 gramos contiene: Pamoato de Pirantel 13,10 gramos, Pamoato de Oxantel 12,71 gramos, Praziquantel 4,54 gramos, excipientes c.s.<br \/>\nCada comprimido de 1300 mg contiene: Pamoato de Pirantel 288.40 mg (equivalente a 100 mg de Pirantel base); Pamoato de Oxantel 279.60 mg (equivalente a 100 mg de Oxantel base); Praziquantel 100 mg, excipientes c.s.<\/p>\n<p>&nbsp;<\/p>\n<h4><strong>Indicaciones de uso:<\/strong><\/h4>\n<p>Tratamiento de las parasitosis por nematodes (Toxocara canis; Ancylostoma caninum; Uncinaria stenocephala; Trichuris vulpis) y cestodes (Echinococcus granulosus, Dipillydium caninum y tenias en general) en caninos, a partir de los 21 d\u00edas de edad.<br \/>\nPosee actividad larvicida y adulticida.<br \/>\nPuede administrarse a hembras gestantes sin ning\u00fan riesgo.<br \/>\nNo afecta la fertilidad de machos o hembras.<br \/>\nApto para hembras lactantes con cr\u00edas de m\u00e1s de 21 d\u00edas de edad.<\/p>\n<p><strong>Administraci\u00f3n y dosis:<\/strong><br \/>\nAdministrar 1 comprimido cada 20 Kg. de peso en una sola toma. En cachorros y animales inmunosuprimidos repetir a los 15 d\u00edas de la primera toma.<br \/>\nEn caso de trichuriasis severa se recomienda repetir el tratamiento por 3 d\u00edas consecutivos.<br \/>\nNo requiere ayuno previo ni posterior. Puede administrarse directamente o mezclado con el alimento.<\/p>\n<p>&nbsp;<\/p>\n<p>Konig<\/p>\n","protected":false},"excerpt":{"rendered":"<p>Contiene 1 bl\u00edster con 3 comprimidos de 1300 (para 20 kg de peso de perro cada comp.). Antiparasitario de espectro total y una sola toma. No posee efectos colaterales. Antihelm\u00edntico de amplio espectro para caninos, de administraci\u00f3n oral. &nbsp; F\u00f3rmula: Cada 100 gramos contiene: Pamoato de Pirantel 13,10 gramos, Pamoato de Oxantel 12,71 gramos, Praziquantel &#8230; <a title=\"Basken doble 60 x 3 comp &#8211; Konig\" class=\"read-more\" href=\"https:\/\/vetaustral.com.ar\/?product=basken-doble-60-x-3-comp-konig\" aria-label=\"Leer m\u00e1s sobre Basken doble 60 x 3 comp &#8211; Konig\">Leer m\u00e1s<\/a><\/p>\n","protected":false},"featured_media":1723,"comment_status":"open","ping_status":"closed","template":"","meta":[],"product_brand":[258],"product_cat":[36,32],"product_tag":[71],"class_list":{"0":"post-1722","1":"product","2":"type-product","3":"status-publish","4":"has-post-thumbnail","6":"product_brand-konig","7":"product_cat-animales-de-compania","8":"product_cat-farmacia","9":"product_tag-antiparasitario-interno","10":"sales-flash-overlay","11":"woocommerce-text-align-center","12":"woocommerce-image-align-center","13":"do-quantity-buttons","15":"first","16":"instock","17":"taxable","18":"shipping-taxable","19":"purchasable","20":"product-type-simple"},"jetpack_sharing_enabled":true,"_links":{"self":[{"href":"https:\/\/vetaustral.com.ar\/index.php?rest_route=\/wp\/v2\/product\/1722","targetHints":{"allow":["GET"]}}],"collection":[{"href":"https:\/\/vetaustral.com.ar\/index.php?rest_route=\/wp\/v2\/product"}],"about":[{"href":"https:\/\/vetaustral.com.ar\/index.php?rest_route=\/wp\/v2\/types\/product"}],"replies":[{"embeddable":true,"href":"https:\/\/vetaustral.com.ar\/index.php?rest_route=%2Fwp%2Fv2%2Fcomments&post=1722"}],"wp:featuredmedia":[{"embeddable":true,"href":"https:\/\/vetaustral.com.ar\/index.php?rest_route=\/wp\/v2\/media\/1723"}],"wp:attachment":[{"href":"https:\/\/vetaustral.com.ar\/index.php?rest_route=%2Fwp%2Fv2%2Fmedia&parent=1722"}],"wp:term":[{"taxonomy":"product_brand","embeddable":true,"href":"https:\/\/vetaustral.com.ar\/index.php?rest_route=%2Fwp%2Fv2%2Fproduct_brand&post=1722"},{"taxonomy":"product_cat","embeddable":true,"href":"https:\/\/vetaustral.com.ar\/index.php?rest_route=%2Fwp%2Fv2%2Fproduct_cat&post=1722"},{"taxonomy":"product_tag","embeddable":true,"href":"https:\/\/vetaustral.com.ar\/index.php?rest_route=%2Fwp%2Fv2%2Fproduct_tag&post=1722"}],"curies":[{"name":"wp","href":"https:\/\/api.w.org\/{rel}","templated":true}]}}