{"id":1714,"date":"2025-11-21T22:43:53","date_gmt":"2025-11-21T22:43:53","guid":{"rendered":"https:\/\/vetaustral.com.ar\/?post_type=product&#038;p=1714"},"modified":"2026-03-09T15:07:59","modified_gmt":"2026-03-09T15:07:59","slug":"repexxin-perros-chicos-4-a-25-kg-konig","status":"publish","type":"product","link":"https:\/\/vetaustral.com.ar\/?product=repexxin-perros-chicos-4-a-25-kg-konig","title":{"rendered":"Repexxin perros chicos (4 a 25 kg) \u2013 Konig"},"content":{"rendered":"<p>Contiene 1 collar de goma gris de 28 g. \/ 48 cm.<\/p>\n<ul>\n<li>\n<div class=\"info__container--miniDescription\">\n<p>Collar repelente e insecticida con m\u00e1xima protecci\u00f3n.<\/p>\n<\/div>\n<\/li>\n<li>Act\u00faa contra pulgas, piojos y garrapatas.<\/li>\n<li>Repele fleb\u00f3tomos, mosquitos y moscas.<\/li>\n<li><strong>6 meses de protecci\u00f3n.<\/strong><\/li>\n<\/ul>\n<p>&nbsp;<\/p>\n<h4><strong>F\u00f3rmula:<\/strong><\/h4>\n<p>Cada 100 g. contiene: Deltametrina 4,0 g., Propoxur 10,0 g., IR 3535 1,0 g.<\/p>\n<p>&nbsp;<\/p>\n<div class=\"info__container--indicaciones\">\n<h4><strong>Indicaciones de uso:<\/strong><\/h4>\n<p>Por su efecto repelente y su efecto insecticida persistente, Repexxin es eficaz durante 6 meses, en la prevenci\u00f3n y tratamiento de infestaci\u00f3n por:<\/p>\n<p>\u2013\u00a0<strong>Pulgas<\/strong>: Ctenocephalides felis, Ctenocephalides canis.<br \/>\n\u2013\u00a0<strong>Larvas, ninfas y garrapatas adultas<\/strong>: Riphicephalus sanguineus, Ixodes ricinus, Dermacentor reticulatus<br \/>\n\u2013\u00a0<strong>Piojos<\/strong>: Trichodectes canis, Heterodoxus spiniges, Linognathus setosus, Felicola subrostratus.<\/p>\n<p>&nbsp;<\/p>\n<\/div>\n<div class=\"info__container--repele\">\n<h4><strong>Tambi\u00e9n repele y\/o elimina:<\/strong><\/h4>\n<p>\u2013\u00a0<strong>Fleb\u00f3tomos<\/strong>: Lutzomyia longipalpis<br \/>\n\u2013\u00a0<strong>Mosquitos<\/strong>\u00a0Aedes aegypti, Culex pipiens<br \/>\n\u2013\u00a0<strong>Moscas<\/strong>\u00a0Stomoxys calcitrans, Musca dom\u00e9stica<\/p>\n<p>Adem\u00e1s, ayuda a prevenir la trasmisi\u00f3n vectorial de pat\u00f3genos como Babesia spp, Ehrlichia spp, Anaplasma spp, Leishmania infantum, Dirofilaria immitis. Por lo tanto, repexxin se puede considerar como parte de un programa para la prevenci\u00f3n de estas enfermedades, as\u00ed como una estrategia de tratamiento de la dermatitis al\u00e9rgica por picadura de pulgas (DAPP), durante 6 meses.<\/p>\n<p>Konig<\/p>\n<\/div>\n","protected":false},"excerpt":{"rendered":"<p>Contiene 1 collar de goma gris de 28 g. \/ 48 cm. Collar repelente e insecticida con m\u00e1xima protecci\u00f3n. Act\u00faa contra pulgas, piojos y garrapatas. Repele fleb\u00f3tomos, mosquitos y moscas. 6 meses de protecci\u00f3n. &nbsp; F\u00f3rmula: Cada 100 g. contiene: Deltametrina 4,0 g., Propoxur 10,0 g., IR 3535 1,0 g. &nbsp; Indicaciones de uso: Por &#8230; <a title=\"Repexxin perros chicos (4 a 25 kg) \u2013 Konig\" class=\"read-more\" href=\"https:\/\/vetaustral.com.ar\/?product=repexxin-perros-chicos-4-a-25-kg-konig\" aria-label=\"Leer m\u00e1s sobre Repexxin perros chicos (4 a 25 kg) \u2013 Konig\">Leer m\u00e1s<\/a><\/p>\n","protected":false},"featured_media":1715,"comment_status":"open","ping_status":"closed","template":"","meta":[],"product_brand":[258],"product_cat":[36,32],"product_tag":[70,105,69,148,96],"class_list":{"0":"post-1714","1":"product","2":"type-product","3":"status-publish","4":"has-post-thumbnail","6":"product_brand-konig","7":"product_cat-animales-de-compania","8":"product_cat-farmacia","9":"product_tag-garrapaticida","10":"product_tag-piojicida","11":"product_tag-pulguicida","12":"product_tag-repelente-de-moscas-y-mosquitos","13":"product_tag-repelente-del-flebotomo-de-la-leishmaniasis","14":"sales-flash-overlay","15":"woocommerce-text-align-center","16":"woocommerce-image-align-center","17":"do-quantity-buttons","19":"first","20":"instock","21":"taxable","22":"shipping-taxable","23":"purchasable","24":"product-type-simple"},"jetpack_sharing_enabled":true,"_links":{"self":[{"href":"https:\/\/vetaustral.com.ar\/index.php?rest_route=\/wp\/v2\/product\/1714","targetHints":{"allow":["GET"]}}],"collection":[{"href":"https:\/\/vetaustral.com.ar\/index.php?rest_route=\/wp\/v2\/product"}],"about":[{"href":"https:\/\/vetaustral.com.ar\/index.php?rest_route=\/wp\/v2\/types\/product"}],"replies":[{"embeddable":true,"href":"https:\/\/vetaustral.com.ar\/index.php?rest_route=%2Fwp%2Fv2%2Fcomments&post=1714"}],"wp:featuredmedia":[{"embeddable":true,"href":"https:\/\/vetaustral.com.ar\/index.php?rest_route=\/wp\/v2\/media\/1715"}],"wp:attachment":[{"href":"https:\/\/vetaustral.com.ar\/index.php?rest_route=%2Fwp%2Fv2%2Fmedia&parent=1714"}],"wp:term":[{"taxonomy":"product_brand","embeddable":true,"href":"https:\/\/vetaustral.com.ar\/index.php?rest_route=%2Fwp%2Fv2%2Fproduct_brand&post=1714"},{"taxonomy":"product_cat","embeddable":true,"href":"https:\/\/vetaustral.com.ar\/index.php?rest_route=%2Fwp%2Fv2%2Fproduct_cat&post=1714"},{"taxonomy":"product_tag","embeddable":true,"href":"https:\/\/vetaustral.com.ar\/index.php?rest_route=%2Fwp%2Fv2%2Fproduct_tag&post=1714"}],"curies":[{"name":"wp","href":"https:\/\/api.w.org\/{rel}","templated":true}]}}