{"id":1710,"date":"2025-11-21T22:10:50","date_gmt":"2025-11-21T22:10:50","guid":{"rendered":"https:\/\/vetaustral.com.ar\/?post_type=product&#038;p=1710"},"modified":"2025-11-21T22:10:50","modified_gmt":"2025-11-21T22:10:50","slug":"bactrovet-oro-am-dualtap-x-420-ml-konig","status":"publish","type":"product","link":"https:\/\/vetaustral.com.ar\/?product=bactrovet-oro-am-dualtap-x-420-ml-konig","title":{"rendered":"Bactrovet Oro AM dualtap x 420 ml &#8211; Konig"},"content":{"rendered":"<p>Aerosol oro de 260 gr. (420 ml).<\/p>\n<ul>\n<li>Hemost\u00e1tico<\/li>\n<li>Cicatrizante<\/li>\n<li>Alta adherencia<\/li>\n<li>Repelente<\/li>\n<li>Bactericida<\/li>\n<li>Se puede usar en felinos<\/li>\n<\/ul>\n<p>&nbsp;<\/p>\n<h4><strong>F\u00f3rmula:<\/strong><\/h4>\n<p>Cada 100 g de concentrado contiene: Imidacloprid 0.15 g.; Etofenprox 0,15 g. ; sulfadiazina de plata 0.02 g. ; excipientes c.s.<\/p>\n<p>&nbsp;<\/p>\n<h4><strong>Indicaciones de uso:<\/strong><\/h4>\n<p>Tratamiento preventivo y curativo de bicheras en todo tipo de heridas en las especies bovina, equina, ovina, caprina, porcina, canina\u00a0y felina. Con propiedades larvicidas, antimicrobianas, hemost\u00e1ticas y cicatrizantes. Puede utilizarse en animales de cualquier edad inclusive en reci\u00e9n nacidos. Forma una pel\u00edcula protectora que elimina el sangrado. Gracias a su poder repelente, previene la miasis en los trabajos de rutina (cirug\u00eda, ombligo, descole, descorne).<\/p>\n<p>&nbsp;<\/p>\n<p>Konig<\/p>\n","protected":false},"excerpt":{"rendered":"<p>Aerosol oro de 260 gr. (420 ml). Hemost\u00e1tico Cicatrizante Alta adherencia Repelente Bactericida Se puede usar en felinos &nbsp; F\u00f3rmula: Cada 100 g de concentrado contiene: Imidacloprid 0.15 g.; Etofenprox 0,15 g. ; sulfadiazina de plata 0.02 g. ; excipientes c.s. &nbsp; Indicaciones de uso: Tratamiento preventivo y curativo de bicheras en todo tipo de &#8230; <a title=\"Bactrovet Oro AM dualtap x 420 ml &#8211; Konig\" class=\"read-more\" href=\"https:\/\/vetaustral.com.ar\/?product=bactrovet-oro-am-dualtap-x-420-ml-konig\" aria-label=\"Leer m\u00e1s sobre Bactrovet Oro AM dualtap x 420 ml &#8211; Konig\">Leer m\u00e1s<\/a><\/p>\n","protected":false},"featured_media":1711,"comment_status":"open","ping_status":"closed","template":"","meta":[],"product_brand":[258],"product_cat":[36,33,32,52],"product_tag":[100,98,259],"class_list":{"0":"post-1710","1":"product","2":"type-product","3":"status-publish","4":"has-post-thumbnail","6":"product_brand-konig","7":"product_cat-animales-de-compania","8":"product_cat-equinos","9":"product_cat-farmacia","10":"product_cat-grandes-animales","11":"product_tag-aerosol","12":"product_tag-curabichera","13":"product_tag-oro","14":"sales-flash-overlay","15":"woocommerce-text-align-center","16":"woocommerce-image-align-center","17":"do-quantity-buttons","19":"first","20":"instock","21":"taxable","22":"shipping-taxable","23":"purchasable","24":"product-type-simple"},"jetpack_sharing_enabled":true,"_links":{"self":[{"href":"https:\/\/vetaustral.com.ar\/index.php?rest_route=\/wp\/v2\/product\/1710","targetHints":{"allow":["GET"]}}],"collection":[{"href":"https:\/\/vetaustral.com.ar\/index.php?rest_route=\/wp\/v2\/product"}],"about":[{"href":"https:\/\/vetaustral.com.ar\/index.php?rest_route=\/wp\/v2\/types\/product"}],"replies":[{"embeddable":true,"href":"https:\/\/vetaustral.com.ar\/index.php?rest_route=%2Fwp%2Fv2%2Fcomments&post=1710"}],"wp:featuredmedia":[{"embeddable":true,"href":"https:\/\/vetaustral.com.ar\/index.php?rest_route=\/wp\/v2\/media\/1711"}],"wp:attachment":[{"href":"https:\/\/vetaustral.com.ar\/index.php?rest_route=%2Fwp%2Fv2%2Fmedia&parent=1710"}],"wp:term":[{"taxonomy":"product_brand","embeddable":true,"href":"https:\/\/vetaustral.com.ar\/index.php?rest_route=%2Fwp%2Fv2%2Fproduct_brand&post=1710"},{"taxonomy":"product_cat","embeddable":true,"href":"https:\/\/vetaustral.com.ar\/index.php?rest_route=%2Fwp%2Fv2%2Fproduct_cat&post=1710"},{"taxonomy":"product_tag","embeddable":true,"href":"https:\/\/vetaustral.com.ar\/index.php?rest_route=%2Fwp%2Fv2%2Fproduct_tag&post=1710"}],"curies":[{"name":"wp","href":"https:\/\/api.w.org\/{rel}","templated":true}]}}