{"id":1705,"date":"2025-11-21T21:50:33","date_gmt":"2025-11-21T21:50:33","guid":{"rendered":"https:\/\/vetaustral.com.ar\/?post_type=product&#038;p=1705"},"modified":"2025-11-21T21:57:03","modified_gmt":"2025-11-21T21:57:03","slug":"bactrovet-plata-am-dual-tap-x-440-ml-konig","status":"publish","type":"product","link":"https:\/\/vetaustral.com.ar\/?product=bactrovet-plata-am-dual-tap-x-440-ml-konig","title":{"rendered":"Bactrovet plata AM dual-tap x 420 ml &#8211; Konig"},"content":{"rendered":"<p>Aerosol plateado de 260 gr. (420 ml).<\/p>\n<ul>\n<li>Aerosol matabichera.<\/li>\n<li>Cicatrizante.<\/li>\n<li>Antimi\u00e1sico.<\/li>\n<li>Repelente.<\/li>\n<li>Antimicrobiano.<\/li>\n<li>Epitelizador y hemost\u00e1tico de alta adherencia de uso t\u00f3pico.<\/li>\n<\/ul>\n<p>&nbsp;<\/p>\n<h4><strong>F\u00f3rmula:<\/strong><\/h4>\n<p>Cada 100 gramos de concentrado contiene: Sulfadiazina de Plata 0,1 gramos; Aluminio 5,0 gramos; DDVP 1,6 gramos; Cipermetrina 0,4 gramos y excipientes c.s.<\/p>\n<p>&nbsp;<\/p>\n<h4><strong>Indicaciones de uso:<\/strong><\/h4>\n<p>Tratamiento preventivo y curativo de bicheras en todo tipo de heridas en las especies bovina, equina, ovina, caprina, porcina y canina. Con propiedades larvicidas, antimicrobianas, hemost\u00e1ticas y cicatrizantes. Puede utilizarse en animales de cualquier edad inclusive en reci\u00e9n nacidos. Forma una pel\u00edcula protectora que elimina el sangrado. Previene la miasis en los trabajos de rutina (cirug\u00eda, ombligo, descole, descorne) gracias a su poder repelente.<\/p>\n<p>&nbsp;<\/p>\n<p>Konig<\/p>\n","protected":false},"excerpt":{"rendered":"<p>Aerosol plateado de 260 gr. (420 ml). Aerosol matabichera. Cicatrizante. Antimi\u00e1sico. Repelente. Antimicrobiano. Epitelizador y hemost\u00e1tico de alta adherencia de uso t\u00f3pico. &nbsp; F\u00f3rmula: Cada 100 gramos de concentrado contiene: Sulfadiazina de Plata 0,1 gramos; Aluminio 5,0 gramos; DDVP 1,6 gramos; Cipermetrina 0,4 gramos y excipientes c.s. &nbsp; Indicaciones de uso: Tratamiento preventivo y curativo &#8230; <a title=\"Bactrovet plata AM dual-tap x 420 ml &#8211; Konig\" class=\"read-more\" href=\"https:\/\/vetaustral.com.ar\/?product=bactrovet-plata-am-dual-tap-x-440-ml-konig\" aria-label=\"Leer m\u00e1s sobre Bactrovet plata AM dual-tap x 420 ml &#8211; Konig\">Leer m\u00e1s<\/a><\/p>\n","protected":false},"featured_media":1707,"comment_status":"open","ping_status":"closed","template":"","meta":[],"product_brand":[258],"product_cat":[36,33,32,52],"product_tag":[100,98],"class_list":{"0":"post-1705","1":"product","2":"type-product","3":"status-publish","4":"has-post-thumbnail","6":"product_brand-konig","7":"product_cat-animales-de-compania","8":"product_cat-equinos","9":"product_cat-farmacia","10":"product_cat-grandes-animales","11":"product_tag-aerosol","12":"product_tag-curabichera","13":"sales-flash-overlay","14":"woocommerce-text-align-center","15":"woocommerce-image-align-center","16":"do-quantity-buttons","18":"first","19":"instock","20":"taxable","21":"shipping-taxable","22":"purchasable","23":"product-type-simple"},"jetpack_sharing_enabled":true,"_links":{"self":[{"href":"https:\/\/vetaustral.com.ar\/index.php?rest_route=\/wp\/v2\/product\/1705","targetHints":{"allow":["GET"]}}],"collection":[{"href":"https:\/\/vetaustral.com.ar\/index.php?rest_route=\/wp\/v2\/product"}],"about":[{"href":"https:\/\/vetaustral.com.ar\/index.php?rest_route=\/wp\/v2\/types\/product"}],"replies":[{"embeddable":true,"href":"https:\/\/vetaustral.com.ar\/index.php?rest_route=%2Fwp%2Fv2%2Fcomments&post=1705"}],"wp:featuredmedia":[{"embeddable":true,"href":"https:\/\/vetaustral.com.ar\/index.php?rest_route=\/wp\/v2\/media\/1707"}],"wp:attachment":[{"href":"https:\/\/vetaustral.com.ar\/index.php?rest_route=%2Fwp%2Fv2%2Fmedia&parent=1705"}],"wp:term":[{"taxonomy":"product_brand","embeddable":true,"href":"https:\/\/vetaustral.com.ar\/index.php?rest_route=%2Fwp%2Fv2%2Fproduct_brand&post=1705"},{"taxonomy":"product_cat","embeddable":true,"href":"https:\/\/vetaustral.com.ar\/index.php?rest_route=%2Fwp%2Fv2%2Fproduct_cat&post=1705"},{"taxonomy":"product_tag","embeddable":true,"href":"https:\/\/vetaustral.com.ar\/index.php?rest_route=%2Fwp%2Fv2%2Fproduct_tag&post=1705"}],"curies":[{"name":"wp","href":"https:\/\/api.w.org\/{rel}","templated":true}]}}