{"id":1701,"date":"2025-11-21T21:12:06","date_gmt":"2025-11-21T21:12:06","guid":{"rendered":"https:\/\/vetaustral.com.ar\/?post_type=product&#038;p=1701"},"modified":"2025-11-21T21:12:06","modified_gmt":"2025-11-21T21:12:06","slug":"fungivet-otidermico-x-15-ml-lumai","status":"publish","type":"product","link":"https:\/\/vetaustral.com.ar\/?product=fungivet-otidermico-x-15-ml-lumai","title":{"rendered":"Fungivet Otid\u00e9rmico x 15 ml &#8211; Lumai"},"content":{"rendered":"<p>Contiene 1 frasco gotero de 15 ml.<\/p>\n<ul>\n<li>Suspenci\u00f3n \u00f3tica: antimic\u00f3tica, antibacteriana, antinflamatoria y antipruriginosa.<\/li>\n<\/ul>\n<p>&nbsp;<\/p>\n<h4><strong>F\u00f3rmula:<\/strong><\/h4>\n<p>Tolnaftato . . . . . . . . . . . . . . . . . . . 1g<\/p>\n<p>Betametasona valerato . . . . . 0.05g<\/p>\n<p>Lidoca\u00edna clorhidrato . . . . . . . .1.5g<\/p>\n<p>Gentamicina sulfato . . . . . . .0.100g<\/p>\n<p>&nbsp;<\/p>\n<h4><strong>Indicaciones:<\/strong><\/h4>\n<p>En dermatomicosis, piodermitis. Antipruriginoso antinflamatorio local, Otitis mic\u00f3ticas, al\u00e9rgicas y por g\u00e9rmenes sensibles a la Gentamicina.<\/p>\n<p>Uso en <strong>caninos<\/strong> y <strong>felinos<\/strong>.<\/p>\n<p>&nbsp;<\/p>\n<p>Lumai<\/p>\n","protected":false},"excerpt":{"rendered":"<p>Contiene 1 frasco gotero de 15 ml. Suspenci\u00f3n \u00f3tica: antimic\u00f3tica, antibacteriana, antinflamatoria y antipruriginosa. &nbsp; F\u00f3rmula: Tolnaftato . . . . . . . . . . . . . . . . . . . 1g Betametasona valerato . . . . . 0.05g Lidoca\u00edna clorhidrato . . . . . . . .1.5g &#8230; <a title=\"Fungivet Otid\u00e9rmico x 15 ml &#8211; Lumai\" class=\"read-more\" href=\"https:\/\/vetaustral.com.ar\/?product=fungivet-otidermico-x-15-ml-lumai\" aria-label=\"Leer m\u00e1s sobre Fungivet Otid\u00e9rmico x 15 ml &#8211; Lumai\">Leer m\u00e1s<\/a><\/p>\n","protected":false},"featured_media":1702,"comment_status":"open","ping_status":"closed","template":"","meta":[],"product_brand":[257],"product_cat":[36,32],"product_tag":[44,73,74,93],"class_list":{"0":"post-1701","1":"product","2":"type-product","3":"status-publish","4":"has-post-thumbnail","6":"product_brand-lumai","7":"product_cat-animales-de-compania","8":"product_cat-farmacia","9":"product_tag-antiinflamatorio","10":"product_tag-antimicotico","11":"product_tag-antipruriginoso","12":"product_tag-gotas-oticas","13":"sales-flash-overlay","14":"woocommerce-text-align-center","15":"woocommerce-image-align-center","16":"do-quantity-buttons","18":"first","19":"instock","20":"taxable","21":"shipping-taxable","22":"purchasable","23":"product-type-simple"},"jetpack_sharing_enabled":true,"_links":{"self":[{"href":"https:\/\/vetaustral.com.ar\/index.php?rest_route=\/wp\/v2\/product\/1701","targetHints":{"allow":["GET"]}}],"collection":[{"href":"https:\/\/vetaustral.com.ar\/index.php?rest_route=\/wp\/v2\/product"}],"about":[{"href":"https:\/\/vetaustral.com.ar\/index.php?rest_route=\/wp\/v2\/types\/product"}],"replies":[{"embeddable":true,"href":"https:\/\/vetaustral.com.ar\/index.php?rest_route=%2Fwp%2Fv2%2Fcomments&post=1701"}],"wp:featuredmedia":[{"embeddable":true,"href":"https:\/\/vetaustral.com.ar\/index.php?rest_route=\/wp\/v2\/media\/1702"}],"wp:attachment":[{"href":"https:\/\/vetaustral.com.ar\/index.php?rest_route=%2Fwp%2Fv2%2Fmedia&parent=1701"}],"wp:term":[{"taxonomy":"product_brand","embeddable":true,"href":"https:\/\/vetaustral.com.ar\/index.php?rest_route=%2Fwp%2Fv2%2Fproduct_brand&post=1701"},{"taxonomy":"product_cat","embeddable":true,"href":"https:\/\/vetaustral.com.ar\/index.php?rest_route=%2Fwp%2Fv2%2Fproduct_cat&post=1701"},{"taxonomy":"product_tag","embeddable":true,"href":"https:\/\/vetaustral.com.ar\/index.php?rest_route=%2Fwp%2Fv2%2Fproduct_tag&post=1701"}],"curies":[{"name":"wp","href":"https:\/\/api.w.org\/{rel}","templated":true}]}}