{"id":1697,"date":"2025-11-21T19:40:12","date_gmt":"2025-11-21T19:40:12","guid":{"rendered":"https:\/\/vetaustral.com.ar\/?post_type=product&#038;p=1697"},"modified":"2025-11-21T19:40:12","modified_gmt":"2025-11-21T19:40:12","slug":"dkl-5-x-1-litro-fatro-von-franken","status":"publish","type":"product","link":"https:\/\/vetaustral.com.ar\/?product=dkl-5-x-1-litro-fatro-von-franken","title":{"rendered":"DKL-5 x 1 litro \u2013 Fatro Von Franken"},"content":{"rendered":"<p>Contiene 1 frasco 1000 ml.<\/p>\n<ul>\n<li>Curabicheras l\u00edquido.<\/li>\n<li>Acci\u00f3n r\u00e1pida y residual.<\/li>\n<li>Para\u00a0<strong>Bovinos<\/strong>,\u00a0<strong>Caprinos<\/strong>,\u00a0<strong>Ovinos<\/strong>,\u00a0<strong>Equinos<\/strong>\u00a0y\u00a0<strong>Porcinos<\/strong>.<\/li>\n<\/ul>\n<p>&nbsp;<\/p>\n<h4><strong>F\u00f3rmula:<\/strong><\/h4>\n<div class=\"brxe-xvaffa brxe-div\">\n<div class=\"brxe-bzoykg brxe-div\">\n<p class=\"brxe-swxhxe brxe-text-basic\">Cipermetrina\u00a01,00 g<\/p>\n<\/div>\n<\/div>\n<div class=\"brxe-xvaffa brxe-div\">\n<div class=\"brxe-bzoykg brxe-div\">\n<p class=\"brxe-swxhxe brxe-text-basic\">Diclorvos (DDVP)\u00a01,20 g<\/p>\n<\/div>\n<\/div>\n<div class=\"brxe-xvaffa brxe-div\">\n<div class=\"brxe-bzoykg brxe-div\">\n<p class=\"brxe-swxhxe brxe-text-basic\">Soluci\u00f3n de cresoles al 10%\u00a02,00 g<\/p>\n<\/div>\n<\/div>\n<div class=\"brxe-xvaffa brxe-div\">\n<div class=\"brxe-bzoykg brxe-div\">\n<p class=\"brxe-swxhxe brxe-text-basic\">Cloruro de Benzalconio\u00a00,05 g<\/p>\n<\/div>\n<\/div>\n<div class=\"brxe-xvaffa brxe-div\">\n<div class=\"brxe-bzoykg brxe-div\">\n<p class=\"brxe-swxhxe brxe-text-basic\">Excipientes c.s.p\u00a0100,00 ml<\/p>\n<\/div>\n<\/div>\n<p>&nbsp;<\/p>\n<h4><strong>Indicaciones:<\/strong><\/h4>\n<p>Para el tratamiento de miasis y prevenci\u00f3n en todo tipo de heridas accidentales y quir\u00fargicas, descorne, marcaci\u00f3n, se\u00f1alada, descole, esquila, castraci\u00f3n y tratamiento del ombligo de los reci\u00e9n nacidos.<\/p>\n<p>&nbsp;<\/p>\n<p>Fatro Von Franken<\/p>\n","protected":false},"excerpt":{"rendered":"<p>Contiene 1 frasco 1000 ml. Curabicheras l\u00edquido. Acci\u00f3n r\u00e1pida y residual. Para\u00a0Bovinos,\u00a0Caprinos,\u00a0Ovinos,\u00a0Equinos\u00a0y\u00a0Porcinos. &nbsp; F\u00f3rmula: Cipermetrina\u00a01,00 g Diclorvos (DDVP)\u00a01,20 g Soluci\u00f3n de cresoles al 10%\u00a02,00 g Cloruro de Benzalconio\u00a00,05 g Excipientes c.s.p\u00a0100,00 ml &nbsp; Indicaciones: Para el tratamiento de miasis y prevenci\u00f3n en todo tipo de heridas accidentales y quir\u00fargicas, descorne, marcaci\u00f3n, se\u00f1alada, descole, esquila, castraci\u00f3n &#8230; <a title=\"DKL-5 x 1 litro \u2013 Fatro Von Franken\" class=\"read-more\" href=\"https:\/\/vetaustral.com.ar\/?product=dkl-5-x-1-litro-fatro-von-franken\" aria-label=\"Leer m\u00e1s sobre DKL-5 x 1 litro \u2013 Fatro Von Franken\">Leer m\u00e1s<\/a><\/p>\n","protected":false},"featured_media":1698,"comment_status":"open","ping_status":"closed","template":"","meta":[],"product_brand":[255],"product_cat":[33,32,52],"product_tag":[65,98,256],"class_list":{"0":"post-1697","1":"product","2":"type-product","3":"status-publish","4":"has-post-thumbnail","6":"product_brand-fatro-von-franken","7":"product_cat-equinos","8":"product_cat-farmacia","9":"product_cat-grandes-animales","10":"product_tag-antiparasitario-externo","11":"product_tag-curabichera","12":"product_tag-curabichera-liquido","13":"sales-flash-overlay","14":"woocommerce-text-align-center","15":"woocommerce-image-align-center","16":"do-quantity-buttons","18":"first","19":"instock","20":"taxable","21":"shipping-taxable","22":"purchasable","23":"product-type-simple"},"jetpack_sharing_enabled":true,"_links":{"self":[{"href":"https:\/\/vetaustral.com.ar\/index.php?rest_route=\/wp\/v2\/product\/1697","targetHints":{"allow":["GET"]}}],"collection":[{"href":"https:\/\/vetaustral.com.ar\/index.php?rest_route=\/wp\/v2\/product"}],"about":[{"href":"https:\/\/vetaustral.com.ar\/index.php?rest_route=\/wp\/v2\/types\/product"}],"replies":[{"embeddable":true,"href":"https:\/\/vetaustral.com.ar\/index.php?rest_route=%2Fwp%2Fv2%2Fcomments&post=1697"}],"wp:featuredmedia":[{"embeddable":true,"href":"https:\/\/vetaustral.com.ar\/index.php?rest_route=\/wp\/v2\/media\/1698"}],"wp:attachment":[{"href":"https:\/\/vetaustral.com.ar\/index.php?rest_route=%2Fwp%2Fv2%2Fmedia&parent=1697"}],"wp:term":[{"taxonomy":"product_brand","embeddable":true,"href":"https:\/\/vetaustral.com.ar\/index.php?rest_route=%2Fwp%2Fv2%2Fproduct_brand&post=1697"},{"taxonomy":"product_cat","embeddable":true,"href":"https:\/\/vetaustral.com.ar\/index.php?rest_route=%2Fwp%2Fv2%2Fproduct_cat&post=1697"},{"taxonomy":"product_tag","embeddable":true,"href":"https:\/\/vetaustral.com.ar\/index.php?rest_route=%2Fwp%2Fv2%2Fproduct_tag&post=1697"}],"curies":[{"name":"wp","href":"https:\/\/api.w.org\/{rel}","templated":true}]}}