{"id":1688,"date":"2025-11-21T13:15:51","date_gmt":"2025-11-21T13:15:51","guid":{"rendered":"https:\/\/vetaustral.com.ar\/?post_type=product&#038;p=1688"},"modified":"2025-11-21T13:32:14","modified_gmt":"2025-11-21T13:32:14","slug":"gerioox-x-30-comp-labyes","status":"publish","type":"product","link":"https:\/\/vetaustral.com.ar\/?product=gerioox-x-30-comp-labyes","title":{"rendered":"Gerioox x 30 comp &#8211; Labyes"},"content":{"rendered":"<p>Contiene 3 bl\u00edsters de 10 comprimidos.<\/p>\n<ul>\n<li>Producto desarrollado para retrasar los signos asociados al proceso de envejecimiento.<\/li>\n<li><strong>Gerioox<\/strong> protege los endotelios vasculares y reactiva la microcirculaci\u00f3n.<\/li>\n<li>Mejora la perfusi\u00f3n renal y de los diferentes \u00f3rganos.<\/li>\n<li>Con acciones inmunomoduladoras, antioxidantes y condroprotectoras.<\/li>\n<li>Disminuye los procesos neurodegenerativos e inflamatorios.<\/li>\n<li>Estimula el apetito, mejora el estado cognitivo y protege los \u00f3rganos de los sentidos.<\/li>\n<\/ul>\n<h4><strong>F\u00f3rmula:<\/strong><\/h4>\n<table class=\"table\">\n<caption>Cada comprimido contiene:<\/caption>\n<tbody>\n<tr>\n<td>Aceites con alto contenido de \u00e1cidos grasos \u2126 3<\/td>\n<td class=\"align-right\">0,2 ml<\/td>\n<\/tr>\n<tr>\n<td>D-Glucosamina Sulfato<\/td>\n<td class=\"align-right\">140,0 mg<\/td>\n<\/tr>\n<tr>\n<td>Condroit\u00edn Sulfato A<\/td>\n<td class=\"align-right\">150,0 mg<\/td>\n<\/tr>\n<tr>\n<td>Vitamina E Acetato<\/td>\n<td class=\"align-right\">50,0 mg<\/td>\n<\/tr>\n<tr>\n<td>Glicinato de Cobre<\/td>\n<td class=\"align-right\">3,0 mg<\/td>\n<\/tr>\n<tr>\n<td>Gluconato de Zinc<\/td>\n<td class=\"align-right\">20,0 mg<\/td>\n<\/tr>\n<tr>\n<td>Selenito de Sodio<\/td>\n<td class=\"align-right\">0,005 mg<\/td>\n<\/tr>\n<tr>\n<td>Excipientes c.s.p<\/td>\n<td class=\"align-right\">1,8 g<\/td>\n<\/tr>\n<\/tbody>\n<\/table>\n<p>&nbsp;<\/p>\n<h4><strong>Indicaciones:<\/strong><\/h4>\n<ul>\n<li>Puede utilizarse en cualquier etapa de la vida de animal. El inicio del tratamiento estar\u00e1 sujeto a la especie, talla y criterio del profesional.<\/li>\n<li>En adultos mayores, se recomienda su uso previo a la aparici\u00f3n de s\u00edntomas y signos cl\u00ednicos asociados a la edad senil o, en su defecto, una vez instalados.<\/li>\n<li>Especialmente indicado en pacientes con nefropat\u00eda cr\u00f3nica, infecciones urinarias recurrentes y\/o cardiopat\u00edas. Pacientes en recuperaci\u00f3n de estados convalecientes o que cursan enfermedades cr\u00f3nicas (infecciosas, parasitarias, endocrinas o inmunomediadas).<\/li>\n<li>Prevenci\u00f3n de la carcinog\u00e9nesis o como complemento en tratamientos oncol\u00f3gicos instaurados.<\/li>\n<li>Indicado para retrasar la progresi\u00f3n de patolog\u00edas degenerativas como la artrosis y\/o el S\u00edndrome de Disfunci\u00f3n Cognitiva.<\/li>\n<\/ul>\n<p>Labyes<\/p>\n","protected":false},"excerpt":{"rendered":"<p>Contiene 3 bl\u00edsters de 10 comprimidos. Producto desarrollado para retrasar los signos asociados al proceso de envejecimiento. Gerioox protege los endotelios vasculares y reactiva la microcirculaci\u00f3n. Mejora la perfusi\u00f3n renal y de los diferentes \u00f3rganos. Con acciones inmunomoduladoras, antioxidantes y condroprotectoras. Disminuye los procesos neurodegenerativos e inflamatorios. Estimula el apetito, mejora el estado cognitivo y &#8230; <a title=\"Gerioox x 30 comp &#8211; Labyes\" class=\"read-more\" href=\"https:\/\/vetaustral.com.ar\/?product=gerioox-x-30-comp-labyes\" aria-label=\"Leer m\u00e1s sobre Gerioox x 30 comp &#8211; Labyes\">Leer m\u00e1s<\/a><\/p>\n","protected":false},"featured_media":1689,"comment_status":"open","ping_status":"closed","template":"","meta":[],"product_brand":[253],"product_cat":[36,32],"product_tag":[78,82,84,116],"class_list":{"0":"post-1688","1":"product","2":"type-product","3":"status-publish","4":"has-post-thumbnail","6":"product_brand-labyes","7":"product_cat-animales-de-compania","8":"product_cat-farmacia","9":"product_tag-condroprotector","10":"product_tag-gerontologico","11":"product_tag-minerales","12":"product_tag-vitaminico","13":"sales-flash-overlay","14":"woocommerce-text-align-center","15":"woocommerce-image-align-center","16":"do-quantity-buttons","18":"first","19":"instock","20":"taxable","21":"shipping-taxable","22":"purchasable","23":"product-type-simple"},"jetpack_sharing_enabled":true,"_links":{"self":[{"href":"https:\/\/vetaustral.com.ar\/index.php?rest_route=\/wp\/v2\/product\/1688","targetHints":{"allow":["GET"]}}],"collection":[{"href":"https:\/\/vetaustral.com.ar\/index.php?rest_route=\/wp\/v2\/product"}],"about":[{"href":"https:\/\/vetaustral.com.ar\/index.php?rest_route=\/wp\/v2\/types\/product"}],"replies":[{"embeddable":true,"href":"https:\/\/vetaustral.com.ar\/index.php?rest_route=%2Fwp%2Fv2%2Fcomments&post=1688"}],"wp:featuredmedia":[{"embeddable":true,"href":"https:\/\/vetaustral.com.ar\/index.php?rest_route=\/wp\/v2\/media\/1689"}],"wp:attachment":[{"href":"https:\/\/vetaustral.com.ar\/index.php?rest_route=%2Fwp%2Fv2%2Fmedia&parent=1688"}],"wp:term":[{"taxonomy":"product_brand","embeddable":true,"href":"https:\/\/vetaustral.com.ar\/index.php?rest_route=%2Fwp%2Fv2%2Fproduct_brand&post=1688"},{"taxonomy":"product_cat","embeddable":true,"href":"https:\/\/vetaustral.com.ar\/index.php?rest_route=%2Fwp%2Fv2%2Fproduct_cat&post=1688"},{"taxonomy":"product_tag","embeddable":true,"href":"https:\/\/vetaustral.com.ar\/index.php?rest_route=%2Fwp%2Fv2%2Fproduct_tag&post=1688"}],"curies":[{"name":"wp","href":"https:\/\/api.w.org\/{rel}","templated":true}]}}