{"id":1686,"date":"2025-11-21T13:05:30","date_gmt":"2025-11-21T13:05:30","guid":{"rendered":"https:\/\/vetaustral.com.ar\/?post_type=product&#038;p=1686"},"modified":"2025-11-21T13:05:30","modified_gmt":"2025-11-21T13:05:30","slug":"trihepat-x-100-ml-labyes","status":"publish","type":"product","link":"https:\/\/vetaustral.com.ar\/?product=trihepat-x-100-ml-labyes","title":{"rendered":"Trihepat x 100 ml &#8211; Labyes"},"content":{"rendered":"<p>Contiene 1 frasco de 100 ml.<\/p>\n<ul>\n<li>Protector y regenerador de la c\u00e9lula hep\u00e1tica.<\/li>\n<li>Reactiva y potencia las funciones hepatobiliares.<\/li>\n<li>De origen 100% natural.<\/li>\n<li>Sin contraindicaciones ni efectos adversos.<\/li>\n<\/ul>\n<h4><strong>F\u00f3rmula:<\/strong><\/h4>\n<table class=\"table\">\n<caption>Cada 100 ml contiene:<\/caption>\n<tbody>\n<tr>\n<td>Silimarina<\/td>\n<td class=\"align-right\">0,6 g<\/td>\n<\/tr>\n<tr>\n<td>DL- Metionina<\/td>\n<td class=\"align-right\">8,0 g<\/td>\n<\/tr>\n<tr>\n<td>Colina bitartrato<\/td>\n<td class=\"align-right\">8,0 g<\/td>\n<\/tr>\n<tr>\n<td>Excipientes c.s.p.<\/td>\n<td class=\"align-right\">100 ml<\/td>\n<\/tr>\n<\/tbody>\n<\/table>\n<p>&nbsp;<\/p>\n<h4><strong>Indicaciones:<\/strong><\/h4>\n<ul>\n<li>Hepatopat\u00edas agudas y cr\u00f3nicas de diversos or\u00edgenes, como apoyo a la terap\u00e9utica espec\u00edfica.<\/li>\n<li>Como profilaxis frente a terapias con diversos medicamentos (antiepil\u00e9pticos, antimic\u00f3ticos, antibi\u00f3ticos, corticoides, etc.) o patolog\u00edas varias (hipotiroidismo, S\u00edndrome de Cushing, carcinog\u00e9nesis) que conducen a la degeneraci\u00f3n grasa, con posterior cirrosis del par\u00e9nquima hep\u00e1tico.<\/li>\n<li>Intoxicaciones accidentales.<\/li>\n<li>H\u00edgado graso de etiolog\u00eda desconocida.<\/li>\n<li>En estados infecciosos y disfunciones gastrointestinales de variado origen. En el paciente vomitador cr\u00f3nico.<\/li>\n<li>Frente a la presencia de barro biliar y\/o colecistitis.<\/li>\n<li>En alteraciones bioqu\u00edmicas del hepatograma.<\/li>\n<\/ul>\n<p>Labyes<\/p>\n","protected":false},"excerpt":{"rendered":"<p>Contiene 1 frasco de 100 ml. Protector y regenerador de la c\u00e9lula hep\u00e1tica. Reactiva y potencia las funciones hepatobiliares. De origen 100% natural. Sin contraindicaciones ni efectos adversos. F\u00f3rmula: Cada 100 ml contiene: Silimarina 0,6 g DL- Metionina 8,0 g Colina bitartrato 8,0 g Excipientes c.s.p. 100 ml &nbsp; Indicaciones: Hepatopat\u00edas agudas y cr\u00f3nicas de &#8230; <a title=\"Trihepat x 100 ml &#8211; Labyes\" class=\"read-more\" href=\"https:\/\/vetaustral.com.ar\/?product=trihepat-x-100-ml-labyes\" aria-label=\"Leer m\u00e1s sobre Trihepat x 100 ml &#8211; Labyes\">Leer m\u00e1s<\/a><\/p>\n","protected":false},"featured_media":1687,"comment_status":"open","ping_status":"closed","template":"","meta":[],"product_brand":[253],"product_cat":[36,32],"product_tag":[57],"class_list":{"0":"post-1686","1":"product","2":"type-product","3":"status-publish","4":"has-post-thumbnail","6":"product_brand-labyes","7":"product_cat-animales-de-compania","8":"product_cat-farmacia","9":"product_tag-protector-hepatico","10":"sales-flash-overlay","11":"woocommerce-text-align-center","12":"woocommerce-image-align-center","13":"do-quantity-buttons","15":"first","16":"instock","17":"taxable","18":"shipping-taxable","19":"purchasable","20":"product-type-simple"},"jetpack_sharing_enabled":true,"_links":{"self":[{"href":"https:\/\/vetaustral.com.ar\/index.php?rest_route=\/wp\/v2\/product\/1686","targetHints":{"allow":["GET"]}}],"collection":[{"href":"https:\/\/vetaustral.com.ar\/index.php?rest_route=\/wp\/v2\/product"}],"about":[{"href":"https:\/\/vetaustral.com.ar\/index.php?rest_route=\/wp\/v2\/types\/product"}],"replies":[{"embeddable":true,"href":"https:\/\/vetaustral.com.ar\/index.php?rest_route=%2Fwp%2Fv2%2Fcomments&post=1686"}],"wp:featuredmedia":[{"embeddable":true,"href":"https:\/\/vetaustral.com.ar\/index.php?rest_route=\/wp\/v2\/media\/1687"}],"wp:attachment":[{"href":"https:\/\/vetaustral.com.ar\/index.php?rest_route=%2Fwp%2Fv2%2Fmedia&parent=1686"}],"wp:term":[{"taxonomy":"product_brand","embeddable":true,"href":"https:\/\/vetaustral.com.ar\/index.php?rest_route=%2Fwp%2Fv2%2Fproduct_brand&post=1686"},{"taxonomy":"product_cat","embeddable":true,"href":"https:\/\/vetaustral.com.ar\/index.php?rest_route=%2Fwp%2Fv2%2Fproduct_cat&post=1686"},{"taxonomy":"product_tag","embeddable":true,"href":"https:\/\/vetaustral.com.ar\/index.php?rest_route=%2Fwp%2Fv2%2Fproduct_tag&post=1686"}],"curies":[{"name":"wp","href":"https:\/\/api.w.org\/{rel}","templated":true}]}}