{"id":1682,"date":"2025-11-21T12:49:46","date_gmt":"2025-11-21T12:49:46","guid":{"rendered":"https:\/\/vetaustral.com.ar\/?post_type=product&#038;p=1682"},"modified":"2025-11-21T12:49:46","modified_gmt":"2025-11-21T12:49:46","slug":"crema-6a-x-15-gr-labyes","status":"publish","type":"product","link":"https:\/\/vetaustral.com.ar\/?product=crema-6a-x-15-gr-labyes","title":{"rendered":"Crema 6A x 15 gr &#8211; Labyes"},"content":{"rendered":"<p>Contiene 1 pomo de 15 gr.<\/p>\n<ul>\n<li>1 aplicaci\u00f3n, 6 beneficios:<\/li>\n<li>Antiinflamatoria<\/li>\n<li>Antibi\u00f3tica<\/li>\n<li>Antimic\u00f3tica<\/li>\n<li>Anest\u00e9sica<\/li>\n<li>Antial\u00e9rgica<\/li>\n<li>Antipruriginosa<\/li>\n<\/ul>\n<h4><strong>F\u00f3rmula:<\/strong><\/h4>\n<table class=\"table\">\n<caption>Cada 100 g de producto contienen:<\/caption>\n<tbody>\n<tr>\n<td>Dexametasona<\/td>\n<td class=\"align-right\">0,025 g<\/td>\n<\/tr>\n<tr>\n<td>Neomicina sulfato<\/td>\n<td class=\"align-right\">0,25 g<\/td>\n<\/tr>\n<tr>\n<td>Bacitracina Zn<\/td>\n<td class=\"align-right\">50.000 UI<\/td>\n<\/tr>\n<tr>\n<td>Griseofulvina micronizada<\/td>\n<td class=\"align-right\">0,18 g<\/td>\n<\/tr>\n<tr>\n<td>Benzoca\u00edna*<\/td>\n<td class=\"align-right\">1,00 g<\/td>\n<\/tr>\n<tr>\n<td>Excipientes c.s.p.<\/td>\n<td class=\"align-right\">100 g<\/td>\n<\/tr>\n<\/tbody>\n<\/table>\n<p>&nbsp;<\/p>\n<h4><strong>Indicaciones:<\/strong><\/h4>\n<ul>\n<li>En toda lesi\u00f3n de piel infectada o no.<\/li>\n<li>Otitis aguda o cr\u00f3nica, especialmente en el perro.<\/li>\n<li>Todas las dermatitis no v\u00edricas ni tuberculosas.<\/li>\n<li>Ti\u00f1a.<\/li>\n<li>Eczemas de origen conocido o idiop\u00e1tico.<\/li>\n<li>Se puede colocar en heridas quir\u00fargicas, ya que promueve la cicatrizaci\u00f3n est\u00e9tica de las mismas.<\/li>\n<li>Por las caracter\u00edsticas del veh\u00edculo, est\u00e1 indicada para tratar incluso sobre zonas pilosas, pues no agruma el pelo, asegurando una acci\u00f3n detersiva y emoliente.<\/li>\n<\/ul>\n<p>Labyes<\/p>\n","protected":false},"excerpt":{"rendered":"<p>Contiene 1 pomo de 15 gr. 1 aplicaci\u00f3n, 6 beneficios: Antiinflamatoria Antibi\u00f3tica Antimic\u00f3tica Anest\u00e9sica Antial\u00e9rgica Antipruriginosa F\u00f3rmula: Cada 100 g de producto contienen: Dexametasona 0,025 g Neomicina sulfato 0,25 g Bacitracina Zn 50.000 UI Griseofulvina micronizada 0,18 g Benzoca\u00edna* 1,00 g Excipientes c.s.p. 100 g &nbsp; Indicaciones: En toda lesi\u00f3n de piel infectada o no. &#8230; <a title=\"Crema 6A x 15 gr &#8211; Labyes\" class=\"read-more\" href=\"https:\/\/vetaustral.com.ar\/?product=crema-6a-x-15-gr-labyes\" aria-label=\"Leer m\u00e1s sobre Crema 6A x 15 gr &#8211; Labyes\">Leer m\u00e1s<\/a><\/p>\n","protected":false},"featured_media":1684,"comment_status":"open","ping_status":"closed","template":"","meta":[],"product_brand":[253],"product_cat":[36,32],"product_tag":[53,44,73,77,254],"class_list":{"0":"post-1682","1":"product","2":"type-product","3":"status-publish","4":"has-post-thumbnail","6":"product_brand-labyes","7":"product_cat-animales-de-compania","8":"product_cat-farmacia","9":"product_tag-antibiotico","10":"product_tag-antiinflamatorio","11":"product_tag-antimicotico","12":"product_tag-cicatrizante","13":"product_tag-dermatologico","14":"sales-flash-overlay","15":"woocommerce-text-align-center","16":"woocommerce-image-align-center","17":"do-quantity-buttons","19":"first","20":"instock","21":"taxable","22":"shipping-taxable","23":"purchasable","24":"product-type-simple"},"jetpack_sharing_enabled":true,"_links":{"self":[{"href":"https:\/\/vetaustral.com.ar\/index.php?rest_route=\/wp\/v2\/product\/1682","targetHints":{"allow":["GET"]}}],"collection":[{"href":"https:\/\/vetaustral.com.ar\/index.php?rest_route=\/wp\/v2\/product"}],"about":[{"href":"https:\/\/vetaustral.com.ar\/index.php?rest_route=\/wp\/v2\/types\/product"}],"replies":[{"embeddable":true,"href":"https:\/\/vetaustral.com.ar\/index.php?rest_route=%2Fwp%2Fv2%2Fcomments&post=1682"}],"wp:featuredmedia":[{"embeddable":true,"href":"https:\/\/vetaustral.com.ar\/index.php?rest_route=\/wp\/v2\/media\/1684"}],"wp:attachment":[{"href":"https:\/\/vetaustral.com.ar\/index.php?rest_route=%2Fwp%2Fv2%2Fmedia&parent=1682"}],"wp:term":[{"taxonomy":"product_brand","embeddable":true,"href":"https:\/\/vetaustral.com.ar\/index.php?rest_route=%2Fwp%2Fv2%2Fproduct_brand&post=1682"},{"taxonomy":"product_cat","embeddable":true,"href":"https:\/\/vetaustral.com.ar\/index.php?rest_route=%2Fwp%2Fv2%2Fproduct_cat&post=1682"},{"taxonomy":"product_tag","embeddable":true,"href":"https:\/\/vetaustral.com.ar\/index.php?rest_route=%2Fwp%2Fv2%2Fproduct_tag&post=1682"}],"curies":[{"name":"wp","href":"https:\/\/api.w.org\/{rel}","templated":true}]}}