{"id":1674,"date":"2025-11-21T11:46:32","date_gmt":"2025-11-21T11:46:32","guid":{"rendered":"https:\/\/vetaustral.com.ar\/?post_type=product&#038;p=1674"},"modified":"2026-02-26T15:28:02","modified_gmt":"2026-02-26T15:28:02","slug":"h500-p-x-50-ml-nort","status":"publish","type":"product","link":"https:\/\/vetaustral.com.ar\/?product=h500-p-x-50-ml-nort","title":{"rendered":"H500 P x 50 ml &#8211; Nort"},"content":{"rendered":"<p>Contiene 1 frasco ampolla de 50 ml.<\/p>\n<ul>\n<li>\n<div class=\"woocommerce-product-details__short-description\">\n<p>Hemat\u00ednico Inyectable<\/p>\n<\/div>\n<div class=\"product_meta\"><\/div>\n<\/li>\n<\/ul>\n<h4><strong>F\u00f3rmula:<\/strong><\/h4>\n<h5>Citrato de Hierro Amoniacal 10 g<\/h5>\n<h5>Cloruro de Cobalto 0,15 g<\/h5>\n<h5>Nicotinamida 5 g<\/h5>\n<h5>Vitamina B1 1 g<\/h5>\n<h5>Vitamina B2 0,10 g<\/h5>\n<h5>Vitamina B6 0,5 g<\/h5>\n<h5>Vitamina B12 1000 mcg<\/h5>\n<h5>Excipientes c.s.p. 100 ml<\/h5>\n<p>&nbsp;<\/p>\n<h4><strong>Indicaciones:<\/strong><\/h4>\n<p>En el Equino deportivo mejora el estado general. Como eritropoy\u00e9tico y antian\u00e9mico. Reconstituyente general. Ayuda al crecimiento y desarrollo. En casos de agotamiento act\u00faa como t\u00f3nico.<\/p>\n<p>&nbsp;<\/p>\n<p>Nort<\/p>\n","protected":false},"excerpt":{"rendered":"<p>Contiene 1 frasco ampolla de 50 ml. Hemat\u00ednico Inyectable F\u00f3rmula: Citrato de Hierro Amoniacal 10 g Cloruro de Cobalto 0,15 g Nicotinamida 5 g Vitamina B1 1 g Vitamina B2 0,10 g Vitamina B6 0,5 g Vitamina B12 1000 mcg Excipientes c.s.p. 100 ml &nbsp; Indicaciones: En el Equino deportivo mejora el estado general. Como &#8230; <a title=\"H500 P x 50 ml &#8211; Nort\" class=\"read-more\" href=\"https:\/\/vetaustral.com.ar\/?product=h500-p-x-50-ml-nort\" aria-label=\"Leer m\u00e1s sobre H500 P x 50 ml &#8211; Nort\">Leer m\u00e1s<\/a><\/p>\n","protected":false},"featured_media":1675,"comment_status":"open","ping_status":"closed","template":"","meta":[],"product_brand":[249],"product_cat":[33,32,52],"product_tag":[115],"class_list":{"0":"post-1674","1":"product","2":"type-product","3":"status-publish","4":"has-post-thumbnail","6":"product_brand-nort","7":"product_cat-equinos","8":"product_cat-farmacia","9":"product_cat-grandes-animales","10":"product_tag-antianemico","11":"sales-flash-overlay","12":"woocommerce-text-align-center","13":"woocommerce-image-align-center","14":"do-quantity-buttons","16":"first","17":"instock","18":"taxable","19":"shipping-taxable","20":"purchasable","21":"product-type-simple"},"jetpack_sharing_enabled":true,"_links":{"self":[{"href":"https:\/\/vetaustral.com.ar\/index.php?rest_route=\/wp\/v2\/product\/1674","targetHints":{"allow":["GET"]}}],"collection":[{"href":"https:\/\/vetaustral.com.ar\/index.php?rest_route=\/wp\/v2\/product"}],"about":[{"href":"https:\/\/vetaustral.com.ar\/index.php?rest_route=\/wp\/v2\/types\/product"}],"replies":[{"embeddable":true,"href":"https:\/\/vetaustral.com.ar\/index.php?rest_route=%2Fwp%2Fv2%2Fcomments&post=1674"}],"wp:featuredmedia":[{"embeddable":true,"href":"https:\/\/vetaustral.com.ar\/index.php?rest_route=\/wp\/v2\/media\/1675"}],"wp:attachment":[{"href":"https:\/\/vetaustral.com.ar\/index.php?rest_route=%2Fwp%2Fv2%2Fmedia&parent=1674"}],"wp:term":[{"taxonomy":"product_brand","embeddable":true,"href":"https:\/\/vetaustral.com.ar\/index.php?rest_route=%2Fwp%2Fv2%2Fproduct_brand&post=1674"},{"taxonomy":"product_cat","embeddable":true,"href":"https:\/\/vetaustral.com.ar\/index.php?rest_route=%2Fwp%2Fv2%2Fproduct_cat&post=1674"},{"taxonomy":"product_tag","embeddable":true,"href":"https:\/\/vetaustral.com.ar\/index.php?rest_route=%2Fwp%2Fv2%2Fproduct_tag&post=1674"}],"curies":[{"name":"wp","href":"https:\/\/api.w.org\/{rel}","templated":true}]}}