{"id":1672,"date":"2025-11-21T11:39:53","date_gmt":"2025-11-21T11:39:53","guid":{"rendered":"https:\/\/vetaustral.com.ar\/?post_type=product&#038;p=1672"},"modified":"2026-02-26T15:28:15","modified_gmt":"2026-02-26T15:28:15","slug":"parasinort-d-x-22-gr-nort","status":"publish","type":"product","link":"https:\/\/vetaustral.com.ar\/?product=parasinort-d-x-22-gr-nort","title":{"rendered":"Parasinort-D x 22 gr &#8211; Nort"},"content":{"rendered":"<p>Contiene 1 jeringa dosificadora de 22 gr.<\/p>\n<ul>\n<li>\n<div class=\"woocommerce-product-details__short-description\">\n<p>Antiparasitario Interno con Protector Hep\u00e1tico para Equinos Oral.<\/p>\n<\/div>\n<p>&nbsp;<\/li>\n<\/ul>\n<h4><strong>F\u00f3rmula:<\/strong><\/h4>\n<h5>Oxibendazol 22,7 g<\/h5>\n<h5>Triclorfon 45,4 g<\/h5>\n<h5>Metionina 2 g<\/h5>\n<h5>Excipientes oleoso c.s.p. 100 ml<\/h5>\n<p>&nbsp;<\/p>\n<h4><strong>Indicaciones:<\/strong><\/h4>\n<p>Es el \u00fanico antiparasitario sin problemas t\u00f3xicos, ya que con el agregado de Metionina a su f\u00f3rmula protege las c\u00e9lulas hep\u00e1ticas, evitando toda lesi\u00f3n de origen medicamentoso. Est\u00e1 indicado para el control y tratamiento de las parasitosis gastrointestinales de los equinos. Tiene acci\u00f3n contra las formas adultas, larvales, y huevos de los Strongyloides (grandes y peque\u00f1os). Strongyloides Westeri, Parascari Equinum y Oxyuris Equi. Act\u00faa tambi\u00e9n contra las larvas de 1\u00b0, \u2018l!\u2019y 3\u00b0 estado de Gasterophilus intestinalis y Nasalis, y sobre formas adultas y larvales de Habronema.<\/p>\n<p>&nbsp;<\/p>\n<p>Nort<\/p>\n","protected":false},"excerpt":{"rendered":"<p>Contiene 1 jeringa dosificadora de 22 gr. Antiparasitario Interno con Protector Hep\u00e1tico para Equinos Oral. &nbsp; F\u00f3rmula: Oxibendazol 22,7 g Triclorfon 45,4 g Metionina 2 g Excipientes oleoso c.s.p. 100 ml &nbsp; Indicaciones: Es el \u00fanico antiparasitario sin problemas t\u00f3xicos, ya que con el agregado de Metionina a su f\u00f3rmula protege las c\u00e9lulas hep\u00e1ticas, evitando &#8230; <a title=\"Parasinort-D x 22 gr &#8211; Nort\" class=\"read-more\" href=\"https:\/\/vetaustral.com.ar\/?product=parasinort-d-x-22-gr-nort\" aria-label=\"Leer m\u00e1s sobre Parasinort-D x 22 gr &#8211; Nort\">Leer m\u00e1s<\/a><\/p>\n","protected":false},"featured_media":1673,"comment_status":"open","ping_status":"closed","template":"","meta":[],"product_brand":[249],"product_cat":[33,32],"product_tag":[71,58,252,112],"class_list":{"0":"post-1672","1":"product","2":"type-product","3":"status-publish","4":"has-post-thumbnail","6":"product_brand-nort","7":"product_cat-equinos","8":"product_cat-farmacia","9":"product_tag-antiparasitario-interno","10":"product_tag-equinos","11":"product_tag-gusano-del-cuajo","12":"product_tag-toma","13":"sales-flash-overlay","14":"woocommerce-text-align-center","15":"woocommerce-image-align-center","16":"do-quantity-buttons","18":"first","19":"instock","20":"taxable","21":"shipping-taxable","22":"purchasable","23":"product-type-simple"},"jetpack_sharing_enabled":true,"_links":{"self":[{"href":"https:\/\/vetaustral.com.ar\/index.php?rest_route=\/wp\/v2\/product\/1672","targetHints":{"allow":["GET"]}}],"collection":[{"href":"https:\/\/vetaustral.com.ar\/index.php?rest_route=\/wp\/v2\/product"}],"about":[{"href":"https:\/\/vetaustral.com.ar\/index.php?rest_route=\/wp\/v2\/types\/product"}],"replies":[{"embeddable":true,"href":"https:\/\/vetaustral.com.ar\/index.php?rest_route=%2Fwp%2Fv2%2Fcomments&post=1672"}],"wp:featuredmedia":[{"embeddable":true,"href":"https:\/\/vetaustral.com.ar\/index.php?rest_route=\/wp\/v2\/media\/1673"}],"wp:attachment":[{"href":"https:\/\/vetaustral.com.ar\/index.php?rest_route=%2Fwp%2Fv2%2Fmedia&parent=1672"}],"wp:term":[{"taxonomy":"product_brand","embeddable":true,"href":"https:\/\/vetaustral.com.ar\/index.php?rest_route=%2Fwp%2Fv2%2Fproduct_brand&post=1672"},{"taxonomy":"product_cat","embeddable":true,"href":"https:\/\/vetaustral.com.ar\/index.php?rest_route=%2Fwp%2Fv2%2Fproduct_cat&post=1672"},{"taxonomy":"product_tag","embeddable":true,"href":"https:\/\/vetaustral.com.ar\/index.php?rest_route=%2Fwp%2Fv2%2Fproduct_tag&post=1672"}],"curies":[{"name":"wp","href":"https:\/\/api.w.org\/{rel}","templated":true}]}}