{"id":1654,"date":"2025-11-20T22:47:38","date_gmt":"2025-11-20T22:47:38","guid":{"rendered":"https:\/\/vetaustral.com.ar\/?post_type=product&#038;p=1654"},"modified":"2026-02-26T15:28:28","modified_gmt":"2026-02-26T15:28:28","slug":"gluco-b-x-250-ml-nort","status":"publish","type":"product","link":"https:\/\/vetaustral.com.ar\/?product=gluco-b-x-250-ml-nort","title":{"rendered":"Gluco-B x 250 ml &#8211; Nort"},"content":{"rendered":"<p>Contiene 1 frasco ampolla de 250 ml.<\/p>\n<ul>\n<li>Vitaminico inyectable.<\/li>\n<\/ul>\n<p>&nbsp;<\/p>\n<h4><strong>F\u00f3rmula:<\/strong><\/h4>\n<h5>Vitamina B1 1 g<\/h5>\n<h5>Vitamina B2 0,30 g<\/h5>\n<h5>Vitamina B6 0,20 g<\/h5>\n<h5>Vitamina Pp. (Ac. Nicot\u00ednico) 12 g<\/h5>\n<h5>Glucosa pura anhidra 250 g<\/h5>\n<h5>Excipientes c.s.p. 1000 ml<\/h5>\n<p>&nbsp;<\/p>\n<h4><strong>Indicaciones:<\/strong><\/h4>\n<p>En el Equino deportivo mejora la circulaci\u00f3n mioc\u00e1rdica y es un estimulante cardiovascular. D\u00e9ficit vitam\u00ednico, stress post-operatorio, enfermedades hep\u00e1ticas y en animales sometidos a intensos esfuerzos.<\/p>\n<p>&nbsp;<\/p>\n<p>Nort<\/p>\n","protected":false},"excerpt":{"rendered":"<p>Contiene 1 frasco ampolla de 250 ml. Vitaminico inyectable. &nbsp; F\u00f3rmula: Vitamina B1 1 g Vitamina B2 0,30 g Vitamina B6 0,20 g Vitamina Pp. (Ac. Nicot\u00ednico) 12 g Glucosa pura anhidra 250 g Excipientes c.s.p. 1000 ml &nbsp; Indicaciones: En el Equino deportivo mejora la circulaci\u00f3n mioc\u00e1rdica y es un estimulante cardiovascular. D\u00e9ficit vitam\u00ednico, &#8230; <a title=\"Gluco-B x 250 ml &#8211; Nort\" class=\"read-more\" href=\"https:\/\/vetaustral.com.ar\/?product=gluco-b-x-250-ml-nort\" aria-label=\"Leer m\u00e1s sobre Gluco-B x 250 ml &#8211; Nort\">Leer m\u00e1s<\/a><\/p>\n","protected":false},"featured_media":1655,"comment_status":"open","ping_status":"closed","template":"","meta":[],"product_brand":[249],"product_cat":[33,32,52],"product_tag":[184,116],"class_list":{"0":"post-1654","1":"product","2":"type-product","3":"status-publish","4":"has-post-thumbnail","6":"product_brand-nort","7":"product_cat-equinos","8":"product_cat-farmacia","9":"product_cat-grandes-animales","10":"product_tag-suero-vitaminado","11":"product_tag-vitaminico","12":"sales-flash-overlay","13":"woocommerce-text-align-center","14":"woocommerce-image-align-center","15":"do-quantity-buttons","17":"first","18":"instock","19":"taxable","20":"shipping-taxable","21":"purchasable","22":"product-type-simple"},"jetpack_sharing_enabled":true,"_links":{"self":[{"href":"https:\/\/vetaustral.com.ar\/index.php?rest_route=\/wp\/v2\/product\/1654","targetHints":{"allow":["GET"]}}],"collection":[{"href":"https:\/\/vetaustral.com.ar\/index.php?rest_route=\/wp\/v2\/product"}],"about":[{"href":"https:\/\/vetaustral.com.ar\/index.php?rest_route=\/wp\/v2\/types\/product"}],"replies":[{"embeddable":true,"href":"https:\/\/vetaustral.com.ar\/index.php?rest_route=%2Fwp%2Fv2%2Fcomments&post=1654"}],"wp:featuredmedia":[{"embeddable":true,"href":"https:\/\/vetaustral.com.ar\/index.php?rest_route=\/wp\/v2\/media\/1655"}],"wp:attachment":[{"href":"https:\/\/vetaustral.com.ar\/index.php?rest_route=%2Fwp%2Fv2%2Fmedia&parent=1654"}],"wp:term":[{"taxonomy":"product_brand","embeddable":true,"href":"https:\/\/vetaustral.com.ar\/index.php?rest_route=%2Fwp%2Fv2%2Fproduct_brand&post=1654"},{"taxonomy":"product_cat","embeddable":true,"href":"https:\/\/vetaustral.com.ar\/index.php?rest_route=%2Fwp%2Fv2%2Fproduct_cat&post=1654"},{"taxonomy":"product_tag","embeddable":true,"href":"https:\/\/vetaustral.com.ar\/index.php?rest_route=%2Fwp%2Fv2%2Fproduct_tag&post=1654"}],"curies":[{"name":"wp","href":"https:\/\/api.w.org\/{rel}","templated":true}]}}