{"id":1646,"date":"2025-11-20T22:22:32","date_gmt":"2025-11-20T22:22:32","guid":{"rendered":"https:\/\/vetaustral.com.ar\/?post_type=product&#038;p=1646"},"modified":"2026-02-26T15:28:39","modified_gmt":"2026-02-26T15:28:39","slug":"uronort-x-100-ml-nort","status":"publish","type":"product","link":"https:\/\/vetaustral.com.ar\/?product=uronort-x-100-ml-nort","title":{"rendered":"Uronort x 100 ml &#8211; Nort"},"content":{"rendered":"<p>Contiene 1 frasco ampolla de 100 ml.<\/p>\n<ul>\n<li>\n<div class=\"woocommerce-product-details__short-description\">\n<p>Desintoxicante Inyectable.<\/p>\n<\/div>\n<p>&nbsp;<\/li>\n<\/ul>\n<h4><strong>F\u00f3rmula:<\/strong><\/h4>\n<h5>Hexametilentetramina 20 g<\/h5>\n<h5>Excipientes c.s.p. 100 ml<\/h5>\n<p>&nbsp;<\/p>\n<h4><strong>Indicaciones:<\/strong><\/h4>\n<p>Como antis\u00e9ptico urinario y de las v\u00edas biliares, diur\u00e9tico, antipir\u00e9tico y sedante de las v\u00edas genitourinarias.<\/p>\n<p>&nbsp;<\/p>\n<p>Nort<\/p>\n<p>&nbsp;<\/p>\n","protected":false},"excerpt":{"rendered":"<p>Contiene 1 frasco ampolla de 100 ml. Desintoxicante Inyectable. &nbsp; F\u00f3rmula: Hexametilentetramina 20 g Excipientes c.s.p. 100 ml &nbsp; Indicaciones: Como antis\u00e9ptico urinario y de las v\u00edas biliares, diur\u00e9tico, antipir\u00e9tico y sedante de las v\u00edas genitourinarias. &nbsp; Nort &nbsp;<\/p>\n","protected":false},"featured_media":1647,"comment_status":"open","ping_status":"closed","template":"","meta":[],"product_brand":[249],"product_cat":[33,32],"product_tag":[60,59],"class_list":{"0":"post-1646","1":"product","2":"type-product","3":"status-publish","4":"has-post-thumbnail","6":"product_brand-nort","7":"product_cat-equinos","8":"product_cat-farmacia","9":"product_tag-antiseptico-urinario","10":"product_tag-desintoxicante","11":"sales-flash-overlay","12":"woocommerce-text-align-center","13":"woocommerce-image-align-center","14":"do-quantity-buttons","16":"first","17":"instock","18":"taxable","19":"shipping-taxable","20":"purchasable","21":"product-type-simple"},"jetpack_sharing_enabled":true,"_links":{"self":[{"href":"https:\/\/vetaustral.com.ar\/index.php?rest_route=\/wp\/v2\/product\/1646","targetHints":{"allow":["GET"]}}],"collection":[{"href":"https:\/\/vetaustral.com.ar\/index.php?rest_route=\/wp\/v2\/product"}],"about":[{"href":"https:\/\/vetaustral.com.ar\/index.php?rest_route=\/wp\/v2\/types\/product"}],"replies":[{"embeddable":true,"href":"https:\/\/vetaustral.com.ar\/index.php?rest_route=%2Fwp%2Fv2%2Fcomments&post=1646"}],"wp:featuredmedia":[{"embeddable":true,"href":"https:\/\/vetaustral.com.ar\/index.php?rest_route=\/wp\/v2\/media\/1647"}],"wp:attachment":[{"href":"https:\/\/vetaustral.com.ar\/index.php?rest_route=%2Fwp%2Fv2%2Fmedia&parent=1646"}],"wp:term":[{"taxonomy":"product_brand","embeddable":true,"href":"https:\/\/vetaustral.com.ar\/index.php?rest_route=%2Fwp%2Fv2%2Fproduct_brand&post=1646"},{"taxonomy":"product_cat","embeddable":true,"href":"https:\/\/vetaustral.com.ar\/index.php?rest_route=%2Fwp%2Fv2%2Fproduct_cat&post=1646"},{"taxonomy":"product_tag","embeddable":true,"href":"https:\/\/vetaustral.com.ar\/index.php?rest_route=%2Fwp%2Fv2%2Fproduct_tag&post=1646"}],"curies":[{"name":"wp","href":"https:\/\/api.w.org\/{rel}","templated":true}]}}