{"id":1645,"date":"2025-11-20T21:46:36","date_gmt":"2025-11-20T21:46:36","guid":{"rendered":"https:\/\/vetaustral.com.ar\/?post_type=product&#038;p=1645"},"modified":"2026-02-26T15:28:57","modified_gmt":"2026-02-26T15:28:57","slug":"nortcrem-x-450-gr-nort","status":"publish","type":"product","link":"https:\/\/vetaustral.com.ar\/?product=nortcrem-x-450-gr-nort","title":{"rendered":"Nortcrem x 450 gr \u2013 Nort"},"content":{"rendered":"<p>Contiene 1 pote de 450 gr.<\/p>\n<ul>\n<li>Crema de orde\u00f1e con Vitamina A.<\/li>\n<li>Cicatrizante.<\/li>\n<li>Lubricante.<\/li>\n<li>Hidratante.<\/li>\n<\/ul>\n<p>&nbsp;<\/p>\n<h4><strong>Composici\u00f3n:<\/strong><\/h4>\n<h5>Vitamina A 25000 U.I.<\/h5>\n<h5>Excipientes c.s.p. 100 g<\/h5>\n<p>&nbsp;<\/p>\n<h4><strong>Indicaciones:<\/strong><\/h4>\n<p>Crema de Orde\u00f1e Nort Milk, lubrica, suaviza y cicatriza los pezones de la Vaca Lechera. Protege la piel despigmentada de Equinos y Bovinos, evitando las lesiones de foto-sensibilizaci\u00f3n.<br \/>\nElimina las manchas de la epidermis. Es posible usarla en todas las especies animales. Uso externo.<\/p>\n<p>&nbsp;<\/p>\n<p>Nort<\/p>\n","protected":false},"excerpt":{"rendered":"<p>Contiene 1 pote de 450 gr. Crema de orde\u00f1e con Vitamina A. Cicatrizante. Lubricante. Hidratante. &nbsp; Composici\u00f3n: Vitamina A 25000 U.I. Excipientes c.s.p. 100 g &nbsp; Indicaciones: Crema de Orde\u00f1e Nort Milk, lubrica, suaviza y cicatriza los pezones de la Vaca Lechera. Protege la piel despigmentada de Equinos y Bovinos, evitando las lesiones de foto-sensibilizaci\u00f3n. &#8230; <a title=\"Nortcrem x 450 gr \u2013 Nort\" class=\"read-more\" href=\"https:\/\/vetaustral.com.ar\/?product=nortcrem-x-450-gr-nort\" aria-label=\"Leer m\u00e1s sobre Nortcrem x 450 gr \u2013 Nort\">Leer m\u00e1s<\/a><\/p>\n","protected":false},"featured_media":1643,"comment_status":"open","ping_status":"closed","template":"","meta":[],"product_brand":[249],"product_cat":[36,33,32,52],"product_tag":[77,250],"class_list":{"0":"post-1645","1":"product","2":"type-product","3":"status-publish","4":"has-post-thumbnail","6":"product_brand-nort","7":"product_cat-animales-de-compania","8":"product_cat-equinos","9":"product_cat-farmacia","10":"product_cat-grandes-animales","11":"product_tag-cicatrizante","12":"product_tag-crema-de-ordene","13":"sales-flash-overlay","14":"woocommerce-text-align-center","15":"woocommerce-image-align-center","16":"do-quantity-buttons","18":"first","19":"instock","20":"taxable","21":"shipping-taxable","22":"purchasable","23":"product-type-simple"},"jetpack_sharing_enabled":true,"_links":{"self":[{"href":"https:\/\/vetaustral.com.ar\/index.php?rest_route=\/wp\/v2\/product\/1645","targetHints":{"allow":["GET"]}}],"collection":[{"href":"https:\/\/vetaustral.com.ar\/index.php?rest_route=\/wp\/v2\/product"}],"about":[{"href":"https:\/\/vetaustral.com.ar\/index.php?rest_route=\/wp\/v2\/types\/product"}],"replies":[{"embeddable":true,"href":"https:\/\/vetaustral.com.ar\/index.php?rest_route=%2Fwp%2Fv2%2Fcomments&post=1645"}],"wp:featuredmedia":[{"embeddable":true,"href":"https:\/\/vetaustral.com.ar\/index.php?rest_route=\/wp\/v2\/media\/1643"}],"wp:attachment":[{"href":"https:\/\/vetaustral.com.ar\/index.php?rest_route=%2Fwp%2Fv2%2Fmedia&parent=1645"}],"wp:term":[{"taxonomy":"product_brand","embeddable":true,"href":"https:\/\/vetaustral.com.ar\/index.php?rest_route=%2Fwp%2Fv2%2Fproduct_brand&post=1645"},{"taxonomy":"product_cat","embeddable":true,"href":"https:\/\/vetaustral.com.ar\/index.php?rest_route=%2Fwp%2Fv2%2Fproduct_cat&post=1645"},{"taxonomy":"product_tag","embeddable":true,"href":"https:\/\/vetaustral.com.ar\/index.php?rest_route=%2Fwp%2Fv2%2Fproduct_tag&post=1645"}],"curies":[{"name":"wp","href":"https:\/\/api.w.org\/{rel}","templated":true}]}}