{"id":1642,"date":"2025-11-20T21:28:20","date_gmt":"2025-11-20T21:28:20","guid":{"rendered":"https:\/\/vetaustral.com.ar\/?post_type=product&#038;p=1642"},"modified":"2026-02-26T15:29:10","modified_gmt":"2026-02-26T15:29:10","slug":"nortcrem-x-250-gr-nort","status":"publish","type":"product","link":"https:\/\/vetaustral.com.ar\/?product=nortcrem-x-250-gr-nort","title":{"rendered":"Nortcrem x 250 gr &#8211; Nort"},"content":{"rendered":"<p>Contiene 1 pote de 250 gr.<\/p>\n<ul>\n<li>Crema de orde\u00f1e con Aloe Vera.<\/li>\n<li>Cicatrizante<\/li>\n<li>Lubricante<\/li>\n<li>Hidratante<\/li>\n<\/ul>\n<p>&nbsp;<\/p>\n<h4><strong>Composici\u00f3n:<\/strong><\/h4>\n<h5>Vitamina A 25000 U.I.<\/h5>\n<h5>Vitamina E 2 g<\/h5>\n<h5>Aloe Vera 2% 2 g<\/h5>\n<h5>Excipientes c.s.p. 100 g<\/h5>\n<p>&nbsp;<\/p>\n<h4><strong>Indicaciones:<\/strong><\/h4>\n<p>Crema de Orde\u00f1e Nort Milk, lubrica, suaviza y cicatriza los pezones de la Vaca Lechera. Protege la piel despigmentada de Equinos y Bovinos, evitando las lesiones de foto-sensibilizaci\u00f3n.<br \/>\nEl Aloe Vera tiene acci\u00f3n antis\u00e9ptica e hidratante. Elimina las manchas de la epidermis. Es posible usarla en todas las especies animales. Uso externo.<\/p>\n<p>&nbsp;<\/p>\n<p>Nort<\/p>\n<p>&nbsp;<\/p>\n","protected":false},"excerpt":{"rendered":"<p>Contiene 1 pote de 250 gr. Crema de orde\u00f1e con Aloe Vera. Cicatrizante Lubricante Hidratante &nbsp; Composici\u00f3n: Vitamina A 25000 U.I. Vitamina E 2 g Aloe Vera 2% 2 g Excipientes c.s.p. 100 g &nbsp; Indicaciones: Crema de Orde\u00f1e Nort Milk, lubrica, suaviza y cicatriza los pezones de la Vaca Lechera. Protege la piel despigmentada &#8230; <a title=\"Nortcrem x 250 gr &#8211; Nort\" class=\"read-more\" href=\"https:\/\/vetaustral.com.ar\/?product=nortcrem-x-250-gr-nort\" aria-label=\"Leer m\u00e1s sobre Nortcrem x 250 gr &#8211; Nort\">Leer m\u00e1s<\/a><\/p>\n","protected":false},"featured_media":1643,"comment_status":"open","ping_status":"closed","template":"","meta":[],"product_brand":[249],"product_cat":[36,33,32,52],"product_tag":[77,251,250],"class_list":{"0":"post-1642","1":"product","2":"type-product","3":"status-publish","4":"has-post-thumbnail","6":"product_brand-nort","7":"product_cat-animales-de-compania","8":"product_cat-equinos","9":"product_cat-farmacia","10":"product_cat-grandes-animales","11":"product_tag-cicatrizante","12":"product_tag-con-aloe-vera","13":"product_tag-crema-de-ordene","14":"sales-flash-overlay","15":"woocommerce-text-align-center","16":"woocommerce-image-align-center","17":"do-quantity-buttons","19":"first","20":"instock","21":"taxable","22":"shipping-taxable","23":"purchasable","24":"product-type-simple"},"jetpack_sharing_enabled":true,"_links":{"self":[{"href":"https:\/\/vetaustral.com.ar\/index.php?rest_route=\/wp\/v2\/product\/1642","targetHints":{"allow":["GET"]}}],"collection":[{"href":"https:\/\/vetaustral.com.ar\/index.php?rest_route=\/wp\/v2\/product"}],"about":[{"href":"https:\/\/vetaustral.com.ar\/index.php?rest_route=\/wp\/v2\/types\/product"}],"replies":[{"embeddable":true,"href":"https:\/\/vetaustral.com.ar\/index.php?rest_route=%2Fwp%2Fv2%2Fcomments&post=1642"}],"wp:featuredmedia":[{"embeddable":true,"href":"https:\/\/vetaustral.com.ar\/index.php?rest_route=\/wp\/v2\/media\/1643"}],"wp:attachment":[{"href":"https:\/\/vetaustral.com.ar\/index.php?rest_route=%2Fwp%2Fv2%2Fmedia&parent=1642"}],"wp:term":[{"taxonomy":"product_brand","embeddable":true,"href":"https:\/\/vetaustral.com.ar\/index.php?rest_route=%2Fwp%2Fv2%2Fproduct_brand&post=1642"},{"taxonomy":"product_cat","embeddable":true,"href":"https:\/\/vetaustral.com.ar\/index.php?rest_route=%2Fwp%2Fv2%2Fproduct_cat&post=1642"},{"taxonomy":"product_tag","embeddable":true,"href":"https:\/\/vetaustral.com.ar\/index.php?rest_route=%2Fwp%2Fv2%2Fproduct_tag&post=1642"}],"curies":[{"name":"wp","href":"https:\/\/api.w.org\/{rel}","templated":true}]}}