{"id":1640,"date":"2025-11-20T20:34:12","date_gmt":"2025-11-20T20:34:12","guid":{"rendered":"https:\/\/vetaustral.com.ar\/?post_type=product&#038;p=1640"},"modified":"2026-02-26T15:29:24","modified_gmt":"2026-02-26T15:29:24","slug":"atox-prix-x-50-ml-nort","status":"publish","type":"product","link":"https:\/\/vetaustral.com.ar\/?product=atox-prix-x-50-ml-nort","title":{"rendered":"Atox prix x 50 ml &#8211; Nort"},"content":{"rendered":"<p>Contiene 1 frasco ampolla de 50 ml.<\/p>\n<div class=\"woocommerce-product-details__short-description\">\n<ul>\n<li>Energ\u00e9tico<\/li>\n<li>Oxigenador<\/li>\n<li>Miocardio<\/li>\n<li>T\u00f3nico Inyectable<\/li>\n<\/ul>\n<\/div>\n<p>&nbsp;<\/p>\n<h4><strong>F\u00f3rmula:<\/strong><\/h4>\n<p>Adenos\u00edn Trifosfato S\u00f3dico (ATP) 1 g<\/p>\n<p>Uridin Trifosfato S\u00f3dico (UTP) 1 g<\/p>\n<p>Glutati\u00f3n Reducido 1 g<\/p>\n<p>Excipientes c.s.p.<\/p>\n<div class=\"woocommerce-product-details__short-description\">\n<p>&nbsp;<\/p>\n<h4><strong>Indicaciones:<\/strong><\/h4>\n<p>En casos de Insuficiencia Card\u00edaca o Respiratoria y en Anemias e Intoxicaciones, Estados Febriles y Mala Circulaci\u00f3n Sangu\u00ednea. En la preparaci\u00f3n de animales para pruebas h\u00edpicas, ya que es un energ\u00e9tico y oxigenador de primer orden. Uso en Equinos Deportivos.<\/p>\n<\/div>\n<p>&nbsp;<\/p>\n<p>Nort<\/p>\n<div class=\"woocommerce-product-details__short-description\">\n<p>&nbsp;<\/p>\n<\/div>\n<div class=\"product_meta\"><\/div>\n","protected":false},"excerpt":{"rendered":"<p>Contiene 1 frasco ampolla de 50 ml. Energ\u00e9tico Oxigenador Miocardio T\u00f3nico Inyectable &nbsp; F\u00f3rmula: Adenos\u00edn Trifosfato S\u00f3dico (ATP) 1 g Uridin Trifosfato S\u00f3dico (UTP) 1 g Glutati\u00f3n Reducido 1 g Excipientes c.s.p. &nbsp; Indicaciones: En casos de Insuficiencia Card\u00edaca o Respiratoria y en Anemias e Intoxicaciones, Estados Febriles y Mala Circulaci\u00f3n Sangu\u00ednea. En la preparaci\u00f3n &#8230; <a title=\"Atox prix x 50 ml &#8211; Nort\" class=\"read-more\" href=\"https:\/\/vetaustral.com.ar\/?product=atox-prix-x-50-ml-nort\" aria-label=\"Leer m\u00e1s sobre Atox prix x 50 ml &#8211; Nort\">Leer m\u00e1s<\/a><\/p>\n","protected":false},"featured_media":1641,"comment_status":"open","ping_status":"closed","template":"","meta":[],"product_brand":[249],"product_cat":[33,32],"product_tag":[141,62],"class_list":{"0":"post-1640","1":"product","2":"type-product","3":"status-publish","4":"has-post-thumbnail","6":"product_brand-nort","7":"product_cat-equinos","8":"product_cat-farmacia","9":"product_tag-energetico","10":"product_tag-tonico-muscular","11":"sales-flash-overlay","12":"woocommerce-text-align-center","13":"woocommerce-image-align-center","14":"do-quantity-buttons","16":"first","17":"instock","18":"taxable","19":"shipping-taxable","20":"purchasable","21":"product-type-simple"},"jetpack_sharing_enabled":true,"_links":{"self":[{"href":"https:\/\/vetaustral.com.ar\/index.php?rest_route=\/wp\/v2\/product\/1640","targetHints":{"allow":["GET"]}}],"collection":[{"href":"https:\/\/vetaustral.com.ar\/index.php?rest_route=\/wp\/v2\/product"}],"about":[{"href":"https:\/\/vetaustral.com.ar\/index.php?rest_route=\/wp\/v2\/types\/product"}],"replies":[{"embeddable":true,"href":"https:\/\/vetaustral.com.ar\/index.php?rest_route=%2Fwp%2Fv2%2Fcomments&post=1640"}],"wp:featuredmedia":[{"embeddable":true,"href":"https:\/\/vetaustral.com.ar\/index.php?rest_route=\/wp\/v2\/media\/1641"}],"wp:attachment":[{"href":"https:\/\/vetaustral.com.ar\/index.php?rest_route=%2Fwp%2Fv2%2Fmedia&parent=1640"}],"wp:term":[{"taxonomy":"product_brand","embeddable":true,"href":"https:\/\/vetaustral.com.ar\/index.php?rest_route=%2Fwp%2Fv2%2Fproduct_brand&post=1640"},{"taxonomy":"product_cat","embeddable":true,"href":"https:\/\/vetaustral.com.ar\/index.php?rest_route=%2Fwp%2Fv2%2Fproduct_cat&post=1640"},{"taxonomy":"product_tag","embeddable":true,"href":"https:\/\/vetaustral.com.ar\/index.php?rest_route=%2Fwp%2Fv2%2Fproduct_tag&post=1640"}],"curies":[{"name":"wp","href":"https:\/\/api.w.org\/{rel}","templated":true}]}}