{"id":1638,"date":"2025-11-20T19:50:17","date_gmt":"2025-11-20T19:50:17","guid":{"rendered":"https:\/\/vetaustral.com.ar\/?post_type=product&#038;p=1638"},"modified":"2026-02-26T15:30:14","modified_gmt":"2026-02-26T15:30:14","slug":"vitamina-b12-x-50-ml-nort","status":"publish","type":"product","link":"https:\/\/vetaustral.com.ar\/?product=vitamina-b12-x-50-ml-nort","title":{"rendered":"Vitamina B12 x 50 ml &#8211; Nort"},"content":{"rendered":"<p>Contiene 1 frasco ampolla de 50 ml.<\/p>\n<ul>\n<li>\n<div class=\"woocommerce-product-details__short-description\">\n<p>Vitam\u00ednico Antineur\u00edtico Antian\u00e9mico Inyectable<\/p>\n<\/div>\n<div class=\"product_meta\"><\/div>\n<\/li>\n<\/ul>\n<h4><strong>F\u00f3rmula:<\/strong><\/h4>\n<p>Cianocobalamina (B12) . . . . . . . . . 100.000 mcg<\/p>\n<p>Excipientes . . . . . . . . . . . . . . . . . . . . 100 ml<\/p>\n<p>&nbsp;<\/p>\n<h4><strong>Indicaciones:<\/strong><\/h4>\n<p>En Anemias, Polineuritis, Neuralgias, Trastornos de Crecimiento, Hepatitis, Afecciones \u00d3seas, Enterocolitis y Trastornos Digestivos.<\/p>\n<p>&nbsp;<\/p>\n<p>Nort<\/p>\n","protected":false},"excerpt":{"rendered":"<p>Contiene 1 frasco ampolla de 50 ml. Vitam\u00ednico Antineur\u00edtico Antian\u00e9mico Inyectable F\u00f3rmula: Cianocobalamina (B12) . . . . . . . . . 100.000 mcg Excipientes . . . . . . . . . . . . . . . . . . . . 100 ml &nbsp; Indicaciones: En Anemias, Polineuritis, Neuralgias, Trastornos &#8230; <a title=\"Vitamina B12 x 50 ml &#8211; Nort\" class=\"read-more\" href=\"https:\/\/vetaustral.com.ar\/?product=vitamina-b12-x-50-ml-nort\" aria-label=\"Leer m\u00e1s sobre Vitamina B12 x 50 ml &#8211; Nort\">Leer m\u00e1s<\/a><\/p>\n","protected":false},"featured_media":1639,"comment_status":"open","ping_status":"closed","template":"","meta":[],"product_brand":[249],"product_cat":[33,32,52],"product_tag":[115,116],"class_list":{"0":"post-1638","1":"product","2":"type-product","3":"status-publish","4":"has-post-thumbnail","6":"product_brand-nort","7":"product_cat-equinos","8":"product_cat-farmacia","9":"product_cat-grandes-animales","10":"product_tag-antianemico","11":"product_tag-vitaminico","12":"sales-flash-overlay","13":"woocommerce-text-align-center","14":"woocommerce-image-align-center","15":"do-quantity-buttons","17":"first","18":"instock","19":"taxable","20":"shipping-taxable","21":"purchasable","22":"product-type-simple"},"jetpack_sharing_enabled":true,"_links":{"self":[{"href":"https:\/\/vetaustral.com.ar\/index.php?rest_route=\/wp\/v2\/product\/1638","targetHints":{"allow":["GET"]}}],"collection":[{"href":"https:\/\/vetaustral.com.ar\/index.php?rest_route=\/wp\/v2\/product"}],"about":[{"href":"https:\/\/vetaustral.com.ar\/index.php?rest_route=\/wp\/v2\/types\/product"}],"replies":[{"embeddable":true,"href":"https:\/\/vetaustral.com.ar\/index.php?rest_route=%2Fwp%2Fv2%2Fcomments&post=1638"}],"wp:featuredmedia":[{"embeddable":true,"href":"https:\/\/vetaustral.com.ar\/index.php?rest_route=\/wp\/v2\/media\/1639"}],"wp:attachment":[{"href":"https:\/\/vetaustral.com.ar\/index.php?rest_route=%2Fwp%2Fv2%2Fmedia&parent=1638"}],"wp:term":[{"taxonomy":"product_brand","embeddable":true,"href":"https:\/\/vetaustral.com.ar\/index.php?rest_route=%2Fwp%2Fv2%2Fproduct_brand&post=1638"},{"taxonomy":"product_cat","embeddable":true,"href":"https:\/\/vetaustral.com.ar\/index.php?rest_route=%2Fwp%2Fv2%2Fproduct_cat&post=1638"},{"taxonomy":"product_tag","embeddable":true,"href":"https:\/\/vetaustral.com.ar\/index.php?rest_route=%2Fwp%2Fv2%2Fproduct_tag&post=1638"}],"curies":[{"name":"wp","href":"https:\/\/api.w.org\/{rel}","templated":true}]}}