{"id":1633,"date":"2025-11-20T14:22:16","date_gmt":"2025-11-20T14:22:16","guid":{"rendered":"https:\/\/vetaustral.com.ar\/?post_type=product&#038;p=1633"},"modified":"2025-11-20T14:22:16","modified_gmt":"2025-11-20T14:22:16","slug":"nogastrol-10-x-10-comp-biogenesis-bago","status":"publish","type":"product","link":"https:\/\/vetaustral.com.ar\/?product=nogastrol-10-x-10-comp-biogenesis-bago","title":{"rendered":"Nogastrol 10 x 10 comp &#8211; Biog\u00e9nesis Bag\u00f3"},"content":{"rendered":"<p>Contiene 1 Bl\u00edster de 10 comprimidos.<\/p>\n<ul>\n<li>Anti\u00e1cido \u2013 Antiulceroso.<\/li>\n<li>Inhibidor de la secreci\u00f3n \u00e1cida g\u00e1strica.<\/li>\n<\/ul>\n<p>&nbsp;<\/p>\n<h4 class=\"color-white text-center\"><strong>COMPOSICI\u00d3N<\/strong><\/h4>\n<p class=\"color-white text-center\">Omeprazol: 10 mg.<\/p>\n<p>&nbsp;<\/p>\n<h4 class=\"bline presentacion-left presentacion2\"><strong>INDICACI\u00d3N<\/strong><\/h4>\n<div class=\"wrapper aos-init aos-animate\" data-aos=\"fade-in\" data-aos-delay=\"200\">\n<p class=\"texto-mini2 line-height30\">Tratamiento de la ulceraci\u00f3n grave insensible a los bloqueantes H2; Esofagitis; Gastrinomas.<\/p>\n<p>Preventivo y tratamiento de las erosiones g\u00e1stricas inducidas por f\u00e1rmacos ulcerog\u00e9nicos. En casos de gastritis por\u00a0<i>Helicobacter pylori<\/i>\u00a0debe usarse combinado con antibi\u00f3ticos.<\/p>\n<\/div>\n<p>Biog\u00e9nesis Bag\u00f3<\/p>\n","protected":false},"excerpt":{"rendered":"<p>Contiene 1 Bl\u00edster de 10 comprimidos. Anti\u00e1cido \u2013 Antiulceroso. Inhibidor de la secreci\u00f3n \u00e1cida g\u00e1strica. &nbsp; COMPOSICI\u00d3N Omeprazol: 10 mg. &nbsp; INDICACI\u00d3N Tratamiento de la ulceraci\u00f3n grave insensible a los bloqueantes H2; Esofagitis; Gastrinomas. Preventivo y tratamiento de las erosiones g\u00e1stricas inducidas por f\u00e1rmacos ulcerog\u00e9nicos. En casos de gastritis por\u00a0Helicobacter pylori\u00a0debe usarse combinado con antibi\u00f3ticos. &#8230; <a title=\"Nogastrol 10 x 10 comp &#8211; Biog\u00e9nesis Bag\u00f3\" class=\"read-more\" href=\"https:\/\/vetaustral.com.ar\/?product=nogastrol-10-x-10-comp-biogenesis-bago\" aria-label=\"Leer m\u00e1s sobre Nogastrol 10 x 10 comp &#8211; Biog\u00e9nesis Bag\u00f3\">Leer m\u00e1s<\/a><\/p>\n","protected":false},"featured_media":1635,"comment_status":"open","ping_status":"closed","template":"","meta":[],"product_brand":[190],"product_cat":[36,32],"product_tag":[248],"class_list":{"0":"post-1633","1":"product","2":"type-product","3":"status-publish","4":"has-post-thumbnail","6":"product_brand-biogenesis-bago","7":"product_cat-animales-de-compania","8":"product_cat-farmacia","9":"product_tag-antiacido-gastrico","10":"sales-flash-overlay","11":"woocommerce-text-align-center","12":"woocommerce-image-align-center","13":"do-quantity-buttons","15":"first","16":"instock","17":"taxable","18":"shipping-taxable","19":"purchasable","20":"product-type-simple"},"jetpack_sharing_enabled":true,"_links":{"self":[{"href":"https:\/\/vetaustral.com.ar\/index.php?rest_route=\/wp\/v2\/product\/1633","targetHints":{"allow":["GET"]}}],"collection":[{"href":"https:\/\/vetaustral.com.ar\/index.php?rest_route=\/wp\/v2\/product"}],"about":[{"href":"https:\/\/vetaustral.com.ar\/index.php?rest_route=\/wp\/v2\/types\/product"}],"replies":[{"embeddable":true,"href":"https:\/\/vetaustral.com.ar\/index.php?rest_route=%2Fwp%2Fv2%2Fcomments&post=1633"}],"wp:featuredmedia":[{"embeddable":true,"href":"https:\/\/vetaustral.com.ar\/index.php?rest_route=\/wp\/v2\/media\/1635"}],"wp:attachment":[{"href":"https:\/\/vetaustral.com.ar\/index.php?rest_route=%2Fwp%2Fv2%2Fmedia&parent=1633"}],"wp:term":[{"taxonomy":"product_brand","embeddable":true,"href":"https:\/\/vetaustral.com.ar\/index.php?rest_route=%2Fwp%2Fv2%2Fproduct_brand&post=1633"},{"taxonomy":"product_cat","embeddable":true,"href":"https:\/\/vetaustral.com.ar\/index.php?rest_route=%2Fwp%2Fv2%2Fproduct_cat&post=1633"},{"taxonomy":"product_tag","embeddable":true,"href":"https:\/\/vetaustral.com.ar\/index.php?rest_route=%2Fwp%2Fv2%2Fproduct_tag&post=1633"}],"curies":[{"name":"wp","href":"https:\/\/api.w.org\/{rel}","templated":true}]}}