{"id":1626,"date":"2025-11-20T13:45:29","date_gmt":"2025-11-20T13:45:29","guid":{"rendered":"https:\/\/vetaustral.com.ar\/?post_type=product&#038;p=1626"},"modified":"2025-11-20T13:45:29","modified_gmt":"2025-11-20T13:45:29","slug":"doxilina-150-x-10-comp-biogenesis-bago","status":"publish","type":"product","link":"https:\/\/vetaustral.com.ar\/?product=doxilina-150-x-10-comp-biogenesis-bago","title":{"rendered":"Doxilina 150 x 10 comp &#8211; Biog\u00e9nesis Bag\u00f3"},"content":{"rendered":"<p>Contiene 1 bl\u00edster de 10 comprimidos.<\/p>\n<ul>\n<li>Antibi\u00f3tico de amplio espectro a base de doxiciclina.<\/li>\n<li>Comprimidos orales.<\/li>\n<\/ul>\n<p>&nbsp;<\/p>\n<h4 class=\"color-white text-center\"><strong>COMPOSICI\u00d3N<\/strong><\/h4>\n<p class=\"texto-compo\">Doxiciclina 150 mg.<\/p>\n<p>&nbsp;<\/p>\n<h4 class=\"bline presentacion-left presentacion2\"><strong>INDICACI\u00d3N<\/strong><\/h4>\n<div class=\"wrapper aos-init aos-animate\" data-aos=\"fade-in\" data-aos-delay=\"200\">\n<p class=\"texto-mini2 line-height30\"><strong>DOXILINA contiene DOXICICLINA.<\/strong><br \/>\nAntibi\u00f3tico de amplio espectro indicado para el tratamiento de enfermedades infecciosas causadas por bacterias Gram positivas y Gram negativas.<\/p>\n<p>Bacterias Gram-Negativas:\u00a0<i>Mycoplasma haemofelis y H. canis; Bordetella bronchiseptica; Brucella canis; Escherichia coli; Chlamydia psittaci; Klebsiella spp.; Fusobacterium fusiforme; Mycoplasma spp; Chlamydia trachomatis, Rickettsia; Ehrlichia canis; Haemophilus spp; Pasteurella mult\u00f3cida; Enterobacter aerogenes; Shigella spp.; Bacteroides spp.; Salmonella spp.; Campylobacter jejuni.<\/i>\u00a0Bacterias Gram-Positivas:\u00a0<i>Streptococcus spp.; Streptococcus pyogenes; Staphylococcus spp; Staphylococcus aureus; Corinebacterium spp; Clostridium tetani; Actinomyces spp.; Bacillus anthracis.<\/i>\u00a0Otros Microorganismos:\u00a0<i>Leptospira spp; Entamoeba spp.; Balantidium coli; Plasmodium; Treponema pallidum; Borrelia; Propionibacterium acnes<\/i>.<br \/>\nAfecciones en v\u00edas respiratorias altas, urinarias, prost\u00e1ticas y abscesos.<\/p>\n<\/div>\n<p>Biog\u00e9nesis Bag\u00f3<\/p>\n","protected":false},"excerpt":{"rendered":"<p>Contiene 1 bl\u00edster de 10 comprimidos. Antibi\u00f3tico de amplio espectro a base de doxiciclina. Comprimidos orales. &nbsp; COMPOSICI\u00d3N Doxiciclina 150 mg. &nbsp; INDICACI\u00d3N DOXILINA contiene DOXICICLINA. Antibi\u00f3tico de amplio espectro indicado para el tratamiento de enfermedades infecciosas causadas por bacterias Gram positivas y Gram negativas. Bacterias Gram-Negativas:\u00a0Mycoplasma haemofelis y H. canis; Bordetella bronchiseptica; Brucella canis; &#8230; <a title=\"Doxilina 150 x 10 comp &#8211; Biog\u00e9nesis Bag\u00f3\" class=\"read-more\" href=\"https:\/\/vetaustral.com.ar\/?product=doxilina-150-x-10-comp-biogenesis-bago\" aria-label=\"Leer m\u00e1s sobre Doxilina 150 x 10 comp &#8211; Biog\u00e9nesis Bag\u00f3\">Leer m\u00e1s<\/a><\/p>\n","protected":false},"featured_media":1627,"comment_status":"open","ping_status":"closed","template":"","meta":[],"product_brand":[190],"product_cat":[36,32],"product_tag":[53,246],"class_list":{"0":"post-1626","1":"product","2":"type-product","3":"status-publish","4":"has-post-thumbnail","6":"product_brand-biogenesis-bago","7":"product_cat-animales-de-compania","8":"product_cat-farmacia","9":"product_tag-antibiotico","10":"product_tag-contra-la-ehrlichia","11":"sales-flash-overlay","12":"woocommerce-text-align-center","13":"woocommerce-image-align-center","14":"do-quantity-buttons","16":"first","17":"instock","18":"taxable","19":"shipping-taxable","20":"purchasable","21":"product-type-simple"},"jetpack_sharing_enabled":true,"_links":{"self":[{"href":"https:\/\/vetaustral.com.ar\/index.php?rest_route=\/wp\/v2\/product\/1626","targetHints":{"allow":["GET"]}}],"collection":[{"href":"https:\/\/vetaustral.com.ar\/index.php?rest_route=\/wp\/v2\/product"}],"about":[{"href":"https:\/\/vetaustral.com.ar\/index.php?rest_route=\/wp\/v2\/types\/product"}],"replies":[{"embeddable":true,"href":"https:\/\/vetaustral.com.ar\/index.php?rest_route=%2Fwp%2Fv2%2Fcomments&post=1626"}],"wp:featuredmedia":[{"embeddable":true,"href":"https:\/\/vetaustral.com.ar\/index.php?rest_route=\/wp\/v2\/media\/1627"}],"wp:attachment":[{"href":"https:\/\/vetaustral.com.ar\/index.php?rest_route=%2Fwp%2Fv2%2Fmedia&parent=1626"}],"wp:term":[{"taxonomy":"product_brand","embeddable":true,"href":"https:\/\/vetaustral.com.ar\/index.php?rest_route=%2Fwp%2Fv2%2Fproduct_brand&post=1626"},{"taxonomy":"product_cat","embeddable":true,"href":"https:\/\/vetaustral.com.ar\/index.php?rest_route=%2Fwp%2Fv2%2Fproduct_cat&post=1626"},{"taxonomy":"product_tag","embeddable":true,"href":"https:\/\/vetaustral.com.ar\/index.php?rest_route=%2Fwp%2Fv2%2Fproduct_tag&post=1626"}],"curies":[{"name":"wp","href":"https:\/\/api.w.org\/{rel}","templated":true}]}}