{"id":1621,"date":"2025-11-20T13:12:20","date_gmt":"2025-11-20T13:12:20","guid":{"rendered":"https:\/\/vetaustral.com.ar\/?post_type=product&#038;p=1621"},"modified":"2025-11-20T13:13:08","modified_gmt":"2025-11-20T13:13:08","slug":"toltrazol-x-3-comp-biogenesis-bago","status":"publish","type":"product","link":"https:\/\/vetaustral.com.ar\/?product=toltrazol-x-3-comp-biogenesis-bago","title":{"rendered":"Toltrazol x 3 comp &#8211; Biog\u00e9nesis Bag\u00f3"},"content":{"rendered":"<p>Contiene 1 bl\u00edster de 3 comprimidos.<\/p>\n<ul>\n<li>Coccidicida de amplio espectro.<\/li>\n<li>Comprimidos orales saborizados.<\/li>\n<\/ul>\n<p>&nbsp;<\/p>\n<h4 class=\"color-white text-center\"><strong>COMPOSICI\u00d3N<\/strong><\/h4>\n<p class=\"texto-compo\">Toltrazuril 200 mg. Excipientes 750 mg.<\/p>\n<p>&nbsp;<\/p>\n<p>&nbsp;<\/p>\n<h4 class=\"bline presentacion-left presentacion2\"><strong>INDICACI\u00d3N<\/strong><\/h4>\n<div class=\"wrapper aos-init aos-animate\" data-aos=\"fade-in\" data-aos-delay=\"200\">\n<p class=\"texto-mini2 line-height30\">TOLTRAZOL se recomienda para el tratamiento y la prevenci\u00f3n de la coccidiosis.<\/p>\n<p><b>Caninos:<\/b>\u00a0<i>Cystoisospora ohioensis, Cystoisospora canis, Cystoisospora burrowsi. Hammondia heydorni.<\/i><br \/>\nEs altamente efectiva en la reducci\u00f3n de la parasitemia e inclusive en la cura de los animales enfermos con Hepatozoon canis. Otros protozoarios susceptibles:\u00a0<i>Cryptosporidium parvum, Toxoplasma gondii, Neospora caninum, Sarcocystis spp.<\/i><\/p>\n<p><b>Felinos:<\/b>\u00a0<i>Isospora spp., Cystoisospora felis, Hammondia heydorni.<\/i><\/p>\n<\/div>\n<p>&nbsp;<\/p>\n<p>Biog\u00e9nesis Bag\u00f3<\/p>\n","protected":false},"excerpt":{"rendered":"<p>Contiene 1 bl\u00edster de 3 comprimidos. Coccidicida de amplio espectro. Comprimidos orales saborizados. &nbsp; COMPOSICI\u00d3N Toltrazuril 200 mg. Excipientes 750 mg. &nbsp; &nbsp; INDICACI\u00d3N TOLTRAZOL se recomienda para el tratamiento y la prevenci\u00f3n de la coccidiosis. Caninos:\u00a0Cystoisospora ohioensis, Cystoisospora canis, Cystoisospora burrowsi. Hammondia heydorni. Es altamente efectiva en la reducci\u00f3n de la parasitemia e inclusive &#8230; <a title=\"Toltrazol x 3 comp &#8211; Biog\u00e9nesis Bag\u00f3\" class=\"read-more\" href=\"https:\/\/vetaustral.com.ar\/?product=toltrazol-x-3-comp-biogenesis-bago\" aria-label=\"Leer m\u00e1s sobre Toltrazol x 3 comp &#8211; Biog\u00e9nesis Bag\u00f3\">Leer m\u00e1s<\/a><\/p>\n","protected":false},"featured_media":1625,"comment_status":"open","ping_status":"closed","template":"","meta":[],"product_brand":[190],"product_cat":[36,32],"product_tag":[71,245],"class_list":{"0":"post-1621","1":"product","2":"type-product","3":"status-publish","4":"has-post-thumbnail","6":"product_brand-biogenesis-bago","7":"product_cat-animales-de-compania","8":"product_cat-farmacia","9":"product_tag-antiparasitario-interno","10":"product_tag-coccidicida","11":"sales-flash-overlay","12":"woocommerce-text-align-center","13":"woocommerce-image-align-center","14":"do-quantity-buttons","16":"first","17":"instock","18":"taxable","19":"shipping-taxable","20":"purchasable","21":"product-type-simple"},"jetpack_sharing_enabled":true,"_links":{"self":[{"href":"https:\/\/vetaustral.com.ar\/index.php?rest_route=\/wp\/v2\/product\/1621","targetHints":{"allow":["GET"]}}],"collection":[{"href":"https:\/\/vetaustral.com.ar\/index.php?rest_route=\/wp\/v2\/product"}],"about":[{"href":"https:\/\/vetaustral.com.ar\/index.php?rest_route=\/wp\/v2\/types\/product"}],"replies":[{"embeddable":true,"href":"https:\/\/vetaustral.com.ar\/index.php?rest_route=%2Fwp%2Fv2%2Fcomments&post=1621"}],"wp:featuredmedia":[{"embeddable":true,"href":"https:\/\/vetaustral.com.ar\/index.php?rest_route=\/wp\/v2\/media\/1625"}],"wp:attachment":[{"href":"https:\/\/vetaustral.com.ar\/index.php?rest_route=%2Fwp%2Fv2%2Fmedia&parent=1621"}],"wp:term":[{"taxonomy":"product_brand","embeddable":true,"href":"https:\/\/vetaustral.com.ar\/index.php?rest_route=%2Fwp%2Fv2%2Fproduct_brand&post=1621"},{"taxonomy":"product_cat","embeddable":true,"href":"https:\/\/vetaustral.com.ar\/index.php?rest_route=%2Fwp%2Fv2%2Fproduct_cat&post=1621"},{"taxonomy":"product_tag","embeddable":true,"href":"https:\/\/vetaustral.com.ar\/index.php?rest_route=%2Fwp%2Fv2%2Fproduct_tag&post=1621"}],"curies":[{"name":"wp","href":"https:\/\/api.w.org\/{rel}","templated":true}]}}