{"id":1597,"date":"2025-11-20T12:52:53","date_gmt":"2025-11-20T12:52:53","guid":{"rendered":"https:\/\/vetaustral.com.ar\/?post_type=product&#038;p=1597"},"modified":"2025-11-20T12:52:54","modified_gmt":"2025-11-20T12:52:54","slug":"masaje-blanco-x-500-ml-enrich","status":"publish","type":"product","link":"https:\/\/vetaustral.com.ar\/?product=masaje-blanco-x-500-ml-enrich","title":{"rendered":"Masaje Blanco x 500 ml &#8211; Enrich"},"content":{"rendered":"<p>Contiene 1 frasco x 500 ml.<\/p>\n<ul>\n<li>Masaje antiflog\u00edstico.<\/li>\n<\/ul>\n<p>&nbsp;<\/p>\n<h4><strong>F\u00f3rmula:<\/strong><\/h4>\n<p>Salicilato de metilo 5 %<br \/>\nEsencia de trementina 5 %<br \/>\nAlcanfor dextr\u00f3giro 5 %<br \/>\nDimetilsulf\u00f3xido 1 %<\/p>\n<p>&nbsp;<\/p>\n<h4><strong>Indicaciones:<\/strong><\/h4>\n<p>Dolores, contusiones y demas trastornos causados por sobreesfuerzos.<br \/>\nCoadyuvante en el masaje manual.<\/p>\n<p>&nbsp;<\/p>\n<p>Enrich<\/p>\n","protected":false},"excerpt":{"rendered":"<p>Contiene 1 frasco x 500 ml. Masaje antiflog\u00edstico. &nbsp; F\u00f3rmula: Salicilato de metilo 5 % Esencia de trementina 5 % Alcanfor dextr\u00f3giro 5 % Dimetilsulf\u00f3xido 1 % &nbsp; Indicaciones: Dolores, contusiones y demas trastornos causados por sobreesfuerzos. Coadyuvante en el masaje manual. &nbsp; Enrich<\/p>\n","protected":false},"featured_media":1623,"comment_status":"open","ping_status":"closed","template":"","meta":[],"product_brand":[244],"product_cat":[33,32],"product_tag":[44,61],"class_list":{"0":"post-1597","1":"product","2":"type-product","3":"status-publish","4":"has-post-thumbnail","6":"product_brand-enrich","7":"product_cat-equinos","8":"product_cat-farmacia","9":"product_tag-antiinflamatorio","10":"product_tag-equinos-deportivos","11":"sales-flash-overlay","12":"woocommerce-text-align-center","13":"woocommerce-image-align-center","14":"do-quantity-buttons","16":"first","17":"instock","18":"taxable","19":"shipping-taxable","20":"purchasable","21":"product-type-simple"},"jetpack_sharing_enabled":true,"_links":{"self":[{"href":"https:\/\/vetaustral.com.ar\/index.php?rest_route=\/wp\/v2\/product\/1597","targetHints":{"allow":["GET"]}}],"collection":[{"href":"https:\/\/vetaustral.com.ar\/index.php?rest_route=\/wp\/v2\/product"}],"about":[{"href":"https:\/\/vetaustral.com.ar\/index.php?rest_route=\/wp\/v2\/types\/product"}],"replies":[{"embeddable":true,"href":"https:\/\/vetaustral.com.ar\/index.php?rest_route=%2Fwp%2Fv2%2Fcomments&post=1597"}],"wp:featuredmedia":[{"embeddable":true,"href":"https:\/\/vetaustral.com.ar\/index.php?rest_route=\/wp\/v2\/media\/1623"}],"wp:attachment":[{"href":"https:\/\/vetaustral.com.ar\/index.php?rest_route=%2Fwp%2Fv2%2Fmedia&parent=1597"}],"wp:term":[{"taxonomy":"product_brand","embeddable":true,"href":"https:\/\/vetaustral.com.ar\/index.php?rest_route=%2Fwp%2Fv2%2Fproduct_brand&post=1597"},{"taxonomy":"product_cat","embeddable":true,"href":"https:\/\/vetaustral.com.ar\/index.php?rest_route=%2Fwp%2Fv2%2Fproduct_cat&post=1597"},{"taxonomy":"product_tag","embeddable":true,"href":"https:\/\/vetaustral.com.ar\/index.php?rest_route=%2Fwp%2Fv2%2Fproduct_tag&post=1597"}],"curies":[{"name":"wp","href":"https:\/\/api.w.org\/{rel}","templated":true}]}}