{"id":1594,"date":"2025-11-14T19:54:14","date_gmt":"2025-11-14T19:54:14","guid":{"rendered":"https:\/\/vetaustral.com.ar\/?post_type=product&#038;p=1594"},"modified":"2025-11-14T20:06:02","modified_gmt":"2025-11-14T20:06:02","slug":"karsivan-100-x-60-comp-msd","status":"publish","type":"product","link":"https:\/\/vetaustral.com.ar\/?product=karsivan-100-x-60-comp-msd","title":{"rendered":"Karsivan 100 x 60 comp &#8211; Msd"},"content":{"rendered":"<p>Contiene 6 bl\u00edsters de 10 comprimidos.<\/p>\n<ul>\n<li>\n<h5 id=\"h-karsivan-ha-sido-desarrollado-especialmente-para-el-tratamiento-de-las-condiciones-relacionadas-con-la-edad-avanzada-en-los-perros-mejorando-la-calidad-de-vida\" class=\"wp-block-heading has-extra-color-1694457455548-color has-extra-color-1694458664346-background-color has-text-color has-background\"><strong>Karsivan\u00ae\u00a0<\/strong>ha sido desarrollado especialmente para el tratamiento de las condiciones relacionadas con la edad avanzada en los perros, mejorando la calidad de vida.<\/h5>\n<\/li>\n<\/ul>\n<h2 id=\"karsivan\" class=\"wp-block-heading\"><strong><mark class=\"has-inline-color\">Karsivan\u00ae \u2013 \u00bfQu\u00e9 es?<\/mark><\/strong><\/h2>\n<h6 id=\"h-propentofilina\" class=\"wp-block-heading\"><strong><mark class=\"has-inline-color\">Propentofilina<\/mark><\/strong><\/h6>\n<p>La\u00a0<strong>propentofilina<\/strong>, el principio activo de Karsivan, act\u00faa en diferentes \u00f3rganos de los perros, funcionando principalmente como vasodilatador cerebral y aumentando la oxigenaci\u00f3n de los tejidos.<\/p>\n<p>Esto genera una mejor circulaci\u00f3n de sangre en el cerebro y los tejidos en general (como los m\u00fasculos), favoreciendo la llegada de nutrientes (como el ox\u00edgeno) y la eliminaci\u00f3n de sustancias nocivas, como los llamados radicales libres.<\/p>\n<p>MSD<\/p>\n","protected":false},"excerpt":{"rendered":"<p>Contiene 6 bl\u00edsters de 10 comprimidos. Karsivan\u00ae\u00a0ha sido desarrollado especialmente para el tratamiento de las condiciones relacionadas con la edad avanzada en los perros, mejorando la calidad de vida. Karsivan\u00ae \u2013 \u00bfQu\u00e9 es? Propentofilina La\u00a0propentofilina, el principio activo de Karsivan, act\u00faa en diferentes \u00f3rganos de los perros, funcionando principalmente como vasodilatador cerebral y aumentando la &#8230; <a title=\"Karsivan 100 x 60 comp &#8211; Msd\" class=\"read-more\" href=\"https:\/\/vetaustral.com.ar\/?product=karsivan-100-x-60-comp-msd\" aria-label=\"Leer m\u00e1s sobre Karsivan 100 x 60 comp &#8211; Msd\">Leer m\u00e1s<\/a><\/p>\n","protected":false},"featured_media":1595,"comment_status":"open","ping_status":"closed","template":"","meta":[],"product_brand":[238],"product_cat":[36,32],"product_tag":[243],"class_list":{"0":"post-1594","1":"product","2":"type-product","3":"status-publish","4":"has-post-thumbnail","6":"product_brand-msd-animal-health","7":"product_cat-animales-de-compania","8":"product_cat-farmacia","9":"product_tag-para-combatir-la-vejez","10":"sales-flash-overlay","11":"woocommerce-text-align-center","12":"woocommerce-image-align-center","13":"do-quantity-buttons","15":"first","16":"instock","17":"taxable","18":"shipping-taxable","19":"purchasable","20":"product-type-simple"},"jetpack_sharing_enabled":true,"_links":{"self":[{"href":"https:\/\/vetaustral.com.ar\/index.php?rest_route=\/wp\/v2\/product\/1594","targetHints":{"allow":["GET"]}}],"collection":[{"href":"https:\/\/vetaustral.com.ar\/index.php?rest_route=\/wp\/v2\/product"}],"about":[{"href":"https:\/\/vetaustral.com.ar\/index.php?rest_route=\/wp\/v2\/types\/product"}],"replies":[{"embeddable":true,"href":"https:\/\/vetaustral.com.ar\/index.php?rest_route=%2Fwp%2Fv2%2Fcomments&post=1594"}],"wp:featuredmedia":[{"embeddable":true,"href":"https:\/\/vetaustral.com.ar\/index.php?rest_route=\/wp\/v2\/media\/1595"}],"wp:attachment":[{"href":"https:\/\/vetaustral.com.ar\/index.php?rest_route=%2Fwp%2Fv2%2Fmedia&parent=1594"}],"wp:term":[{"taxonomy":"product_brand","embeddable":true,"href":"https:\/\/vetaustral.com.ar\/index.php?rest_route=%2Fwp%2Fv2%2Fproduct_brand&post=1594"},{"taxonomy":"product_cat","embeddable":true,"href":"https:\/\/vetaustral.com.ar\/index.php?rest_route=%2Fwp%2Fv2%2Fproduct_cat&post=1594"},{"taxonomy":"product_tag","embeddable":true,"href":"https:\/\/vetaustral.com.ar\/index.php?rest_route=%2Fwp%2Fv2%2Fproduct_tag&post=1594"}],"curies":[{"name":"wp","href":"https:\/\/api.w.org\/{rel}","templated":true}]}}