{"id":1591,"date":"2025-11-14T19:38:15","date_gmt":"2025-11-14T19:38:15","guid":{"rendered":"https:\/\/vetaustral.com.ar\/?post_type=product&#038;p=1591"},"modified":"2025-11-21T13:27:51","modified_gmt":"2025-11-21T13:27:51","slug":"collar-scalibor-12-meses-msd","status":"publish","type":"product","link":"https:\/\/vetaustral.com.ar\/?product=collar-scalibor-12-meses-msd","title":{"rendered":"Collar scalibor (12 meses) &#8211; Msd"},"content":{"rendered":"<p>Contiene 1 collar de 65 cm con un contenido de deltametrina de 1 g, apto para animales de todo tama\u00f1o.<\/p>\n<ul>\n<li>\n<p id=\"h-scalibor-es-seguro-para-toda-la-familia\" class=\"wp-block-heading has-white-color has-black-background-color has-text-color has-background\">Es seguro para toda la familia<\/p>\n<\/li>\n<li>\n<p id=\"h-scalibor-es-eficaz-incluso-cuando-el-perro-esta-mojado\" class=\"wp-block-heading has-white-color has-black-background-color has-text-color has-background\">Es eficaz incluso cuando el perro est\u00e1 mojado<\/p>\n<\/li>\n<li>\n<p id=\"h-scalibor-no-tiene-olor\" class=\"wp-block-heading has-white-color has-black-background-color has-text-color has-background\">No tiene olor<\/p>\n<\/li>\n<li>\n<p id=\"h-scalibor-es-eficaz-durante-1-ano-contra-flebotomos\" class=\"wp-block-heading has-white-color has-black-background-color has-text-color has-background\">Es eficaz durante 1 a\u00f1o contra fleb\u00f3tomos<\/p>\n<\/li>\n<\/ul>\n<p class=\"has-text-align-justify\">La\u00a0<strong>deltametrina\u00a0<\/strong>es una sustancia activa de la familia de los piretroides con un intenso y r\u00e1pido efecto insecticida y acaricida tanto por contacto directo como por ingesti\u00f3n. Pasa a trav\u00e9s del tegumento de los par\u00e1sitos y act\u00faa a nivel del sistema nervioso central, causando falta de coordinaci\u00f3n, par\u00e1lisis y, finalmente, la muerte de los par\u00e1sitos. La deltametrina (DTM) est\u00e1 fuertemente unida al excipiente TPP (trifenil fosfato). Cuando ambos componentes est\u00e1n en contacto, se forma un complejo: DTM+TPP.<\/p>\n<p class=\"has-text-align-justify\">La capa de pl\u00e1stico de Scalibor\u00ae est\u00e1 saturada de DTM+TPP. El principio activo se aloja en el interior del collar y se libera progresivamente -durante m\u00e1s de 6 meses- gracias al roce con la piel y el pelo del perro, permitiendo que la sustancia se una a la capa lip\u00eddica que recubre la piel del animal.<\/p>\n<p class=\"has-text-align-justify\">El r\u00e1pido efecto neurot\u00f3xico sobre los par\u00e1sitos de la deltametrina consigue \u00f3ptimos resultados en su acci\u00f3n antiparasitaria pues:<\/p>\n<ul class=\"wp-block-list\">\n<li>Provoca s\u00edntomas nerviosos en los par\u00e1sitos y evita que tanto los fleb\u00f3tomos como los mosquitos y garrapatas lleguen a picar (efecto antialimentario).<\/li>\n<li>Propicia la muerte de los par\u00e1sitos (efecto letal).<\/li>\n<\/ul>\n<p>MSD<\/p>\n","protected":false},"excerpt":{"rendered":"<p>Contiene 1 collar de 65 cm con un contenido de deltametrina de 1 g, apto para animales de todo tama\u00f1o. Es seguro para toda la familia Es eficaz incluso cuando el perro est\u00e1 mojado No tiene olor Es eficaz durante 1 a\u00f1o contra fleb\u00f3tomos La\u00a0deltametrina\u00a0es una sustancia activa de la familia de los piretroides con &#8230; <a title=\"Collar scalibor (12 meses) &#8211; Msd\" class=\"read-more\" href=\"https:\/\/vetaustral.com.ar\/?product=collar-scalibor-12-meses-msd\" aria-label=\"Leer m\u00e1s sobre Collar scalibor (12 meses) &#8211; Msd\">Leer m\u00e1s<\/a><\/p>\n","protected":false},"featured_media":1593,"comment_status":"open","ping_status":"closed","template":"","meta":[],"product_brand":[238],"product_cat":[36,32],"product_tag":[65,70,148,96],"class_list":{"0":"post-1591","1":"product","2":"type-product","3":"status-publish","4":"has-post-thumbnail","6":"product_brand-msd-animal-health","7":"product_cat-animales-de-compania","8":"product_cat-farmacia","9":"product_tag-antiparasitario-externo","10":"product_tag-garrapaticida","11":"product_tag-repelente-de-moscas-y-mosquitos","12":"product_tag-repelente-del-flebotomo-de-la-leishmaniasis","13":"sales-flash-overlay","14":"woocommerce-text-align-center","15":"woocommerce-image-align-center","16":"do-quantity-buttons","17":"wc-has-gallery","19":"first","20":"instock","21":"featured","22":"taxable","23":"shipping-taxable","24":"purchasable","25":"product-type-simple"},"jetpack_sharing_enabled":true,"_links":{"self":[{"href":"https:\/\/vetaustral.com.ar\/index.php?rest_route=\/wp\/v2\/product\/1591","targetHints":{"allow":["GET"]}}],"collection":[{"href":"https:\/\/vetaustral.com.ar\/index.php?rest_route=\/wp\/v2\/product"}],"about":[{"href":"https:\/\/vetaustral.com.ar\/index.php?rest_route=\/wp\/v2\/types\/product"}],"replies":[{"embeddable":true,"href":"https:\/\/vetaustral.com.ar\/index.php?rest_route=%2Fwp%2Fv2%2Fcomments&post=1591"}],"wp:featuredmedia":[{"embeddable":true,"href":"https:\/\/vetaustral.com.ar\/index.php?rest_route=\/wp\/v2\/media\/1593"}],"wp:attachment":[{"href":"https:\/\/vetaustral.com.ar\/index.php?rest_route=%2Fwp%2Fv2%2Fmedia&parent=1591"}],"wp:term":[{"taxonomy":"product_brand","embeddable":true,"href":"https:\/\/vetaustral.com.ar\/index.php?rest_route=%2Fwp%2Fv2%2Fproduct_brand&post=1591"},{"taxonomy":"product_cat","embeddable":true,"href":"https:\/\/vetaustral.com.ar\/index.php?rest_route=%2Fwp%2Fv2%2Fproduct_cat&post=1591"},{"taxonomy":"product_tag","embeddable":true,"href":"https:\/\/vetaustral.com.ar\/index.php?rest_route=%2Fwp%2Fv2%2Fproduct_tag&post=1591"}],"curies":[{"name":"wp","href":"https:\/\/api.w.org\/{rel}","templated":true}]}}