{"id":1586,"date":"2025-11-14T13:23:34","date_gmt":"2025-11-14T13:23:34","guid":{"rendered":"https:\/\/vetaustral.com.ar\/?post_type=product&#038;p=1586"},"modified":"2025-11-14T13:23:35","modified_gmt":"2025-11-14T13:23:35","slug":"incurin-x-30-comp-msd","status":"publish","type":"product","link":"https:\/\/vetaustral.com.ar\/?product=incurin-x-30-comp-msd","title":{"rendered":"Incurin x 30 comp &#8211; Msd"},"content":{"rendered":"<p>Contiene 1 bl\u00edster de 30 comprimidos.<\/p>\n<ul>\n<li>Tratamiento de incontinencia urinaria en perras.<\/li>\n<\/ul>\n<p>&nbsp;<\/p>\n<h5><strong>Composici\u00f3n:<\/strong><br \/>\nCada comprimido contiene 1 mg de Estriol.<br \/>\nExcipientes: amilopectina, estearato de magnesio, almid\u00f3n de papa y lactosa.<\/h5>\n<p>&nbsp;<\/p>\n<h5><strong>Descripci\u00f3n:<\/strong><br \/>\nEstriol es un estr\u00f3geno natural de acci\u00f3n corta que es eficaz para el tratamiento de la incontinencia urinaria<br \/>\nhormono-dependiente en perras. Luego de la administraci\u00f3n oral, el estado de equilibrio se alcanza al<br \/>\nsegundo d\u00eda de tratamiento y no se produce acumulaci\u00f3n luego de m\u00faltiples dosis. Debido a su corta acci\u00f3n,<br \/>\nIncurin no causa supresi\u00f3n de la m\u00e9dula \u00f3sea y es seguro incluso luego de tratamientos prolongados.<\/h5>\n<h5>\n<strong>Indicaciones:<\/strong><br \/>\nIncurin est\u00e1 indicado para el tratamiento de incontinencia urinaria hormono-dependiente debida a<br \/>\nincompetencia del mecanismo del esf\u00ednter en perras.<\/h5>\n<p>MSD<\/p>\n<p>&nbsp;<\/p>\n<p>&nbsp;<\/p>\n","protected":false},"excerpt":{"rendered":"<p>Contiene 1 bl\u00edster de 30 comprimidos. Tratamiento de incontinencia urinaria en perras. &nbsp; Composici\u00f3n: Cada comprimido contiene 1 mg de Estriol. Excipientes: amilopectina, estearato de magnesio, almid\u00f3n de papa y lactosa. &nbsp; Descripci\u00f3n: Estriol es un estr\u00f3geno natural de acci\u00f3n corta que es eficaz para el tratamiento de la incontinencia urinaria hormono-dependiente en perras. Luego &#8230; <a title=\"Incurin x 30 comp &#8211; Msd\" class=\"read-more\" href=\"https:\/\/vetaustral.com.ar\/?product=incurin-x-30-comp-msd\" aria-label=\"Leer m\u00e1s sobre Incurin x 30 comp &#8211; Msd\">Leer m\u00e1s<\/a><\/p>\n","protected":false},"featured_media":1587,"comment_status":"open","ping_status":"closed","template":"","meta":[],"product_brand":[238],"product_cat":[36,32],"product_tag":[241,239,240],"class_list":{"0":"post-1586","1":"product","2":"type-product","3":"status-publish","4":"has-post-thumbnail","6":"product_brand-msd-animal-health","7":"product_cat-animales-de-compania","8":"product_cat-farmacia","9":"product_tag-hormonal","10":"product_tag-incontinencia","11":"product_tag-perras","12":"sales-flash-overlay","13":"woocommerce-text-align-center","14":"woocommerce-image-align-center","15":"do-quantity-buttons","17":"first","18":"instock","19":"taxable","20":"shipping-taxable","21":"purchasable","22":"product-type-simple"},"jetpack_sharing_enabled":true,"_links":{"self":[{"href":"https:\/\/vetaustral.com.ar\/index.php?rest_route=\/wp\/v2\/product\/1586","targetHints":{"allow":["GET"]}}],"collection":[{"href":"https:\/\/vetaustral.com.ar\/index.php?rest_route=\/wp\/v2\/product"}],"about":[{"href":"https:\/\/vetaustral.com.ar\/index.php?rest_route=\/wp\/v2\/types\/product"}],"replies":[{"embeddable":true,"href":"https:\/\/vetaustral.com.ar\/index.php?rest_route=%2Fwp%2Fv2%2Fcomments&post=1586"}],"wp:featuredmedia":[{"embeddable":true,"href":"https:\/\/vetaustral.com.ar\/index.php?rest_route=\/wp\/v2\/media\/1587"}],"wp:attachment":[{"href":"https:\/\/vetaustral.com.ar\/index.php?rest_route=%2Fwp%2Fv2%2Fmedia&parent=1586"}],"wp:term":[{"taxonomy":"product_brand","embeddable":true,"href":"https:\/\/vetaustral.com.ar\/index.php?rest_route=%2Fwp%2Fv2%2Fproduct_brand&post=1586"},{"taxonomy":"product_cat","embeddable":true,"href":"https:\/\/vetaustral.com.ar\/index.php?rest_route=%2Fwp%2Fv2%2Fproduct_cat&post=1586"},{"taxonomy":"product_tag","embeddable":true,"href":"https:\/\/vetaustral.com.ar\/index.php?rest_route=%2Fwp%2Fv2%2Fproduct_tag&post=1586"}],"curies":[{"name":"wp","href":"https:\/\/api.w.org\/{rel}","templated":true}]}}