{"id":1577,"date":"2025-11-14T12:24:28","date_gmt":"2025-11-14T12:24:28","guid":{"rendered":"https:\/\/vetaustral.com.ar\/?post_type=product&#038;p=1577"},"modified":"2026-03-06T20:50:23","modified_gmt":"2026-03-06T20:50:23","slug":"bravecto-de-2-a-45-kg-msd","status":"publish","type":"product","link":"https:\/\/vetaustral.com.ar\/?product=bravecto-de-2-a-45-kg-msd","title":{"rendered":"Bravecto de 2 a 4,5 kg &#8211; Msd"},"content":{"rendered":"<p>Contiene 1 bocadito masticable de 112,5 mg.<\/p>\n<ul>\n<li>Indicado para el tratamiento y control de pulgas y garrapatas durante 12 semanas.<\/li>\n<li>Para caninos.<\/li>\n<li>Bocadito masticable.<\/li>\n<\/ul>\n<h4><strong>F\u00f3rmula<\/strong><\/h4>\n<p>Cada gramo contiene:<br \/>\nFluralaner (micronizado)&#8230;&#8230;&#8230;&#8230;&#8230;&#8230;&#8230;&#8230;&#8230;&#8230;&#8230;.. 136,4 mg<br \/>\nExcipientes c.s.p1,0 g.<\/p>\n<h4><strong>Indicaciones<\/strong><\/h4>\n<p><strong>Para el tratamiento y prevenci\u00f3n de infestaciones con pulgas y garrapatas en perros durante 3 meses.<\/strong><br \/>\nEste medicamento veterinario es un insecticida y acaricida sist\u00e9mico de duraci\u00f3n prolongada que mata de forma inmediata las garrapatas (<em>Ixodes ricinus<\/em>\u00a0y\u00a0<em>Rhipicephalus sanguineus<\/em>\u00a0adultas y j\u00f3venes), pulgas (<em>Ctenocephalides felis<\/em>\u00a0y\u00a0<em>Ctenocephalides canis<\/em>) y \u00e1caros (<em>Demodex canis<\/em>,\u00a0<em>Sarcoptes scabei<\/em>\u00a0y\u00a0<em>Otodectes cynotis<\/em>). Sobre pulgas y garrapatas posee una actividad que persiste durante 3 meses. Para exponerse a la sustancia activa, las pulgas y garrapatas deben aferrarse al hu\u00e9sped y alimentarse.\u00a0El producto comienza a hacer efecto dentro de las 8 horas desde que la pulga se adhiere al hu\u00e9sped (C. felis) y 12 horas en el caso de las garrapatas (I. ricinus).<\/p>\n<p><strong>Se puede aplicar como parte del tratamiento para el control de la dermatitis al\u00e9rgica por picaduras de pulgas (DAPP).<\/strong><\/p>\n<p><strong>El producto controla de forma efectiva la poblaci\u00f3n de pulgas que se encuentran en el ambiente donde habitan los perros.<\/strong><\/p>\n<p><strong>Para el tratamiento de sarna demod\u00e9cica causada por el \u00e1caro\u00a0<em>Demodex canis<\/em>.<\/strong><br \/>\nEn un estudio controlado el tratamiento con fluralaner result\u00f3 en la eliminaci\u00f3n completa de los \u00e1caros\u00a0<em>Demodex<\/em>\u00a0spp de los perros tratados.<\/p>\n<p><strong>Para el tratamiento de sarna sarc\u00f3ptica y las infestaciones por el \u00e1caro\u00a0<em>Otodectes<\/em>\u00a0spp.<\/strong><br \/>\nUna sola aplicaci\u00f3n de Bravecto v\u00eda oral, es altamente efectiva ante las infestaciones de\u00a0<em>Sarcoptes scabei<\/em>\u00a0y de\u00a0<em>Otodectes cynotis<\/em>, alcanzando una eficacia del 100% y del 99.8% respectivamente a los 28 d\u00edas de tratados. El tratamiento mostr\u00f3 una reducci\u00f3n de las lesiones en la piel y un incremento en el crecimiento del pelo en el caso de sarna sarc\u00f3ptica y una disminuci\u00f3n de los detritos y cerumen asociado a la infestaci\u00f3n con\u00a0<em>O. cynotis<\/em>.<\/p>\n<p><strong>El producto reduce la transmisi\u00f3n de\u00a0<em>Babesia canis<\/em>\u00a0en perros.<\/strong><\/p>\n<p><strong>Un solo tratamiento reduce el riesgo de transmisi\u00f3n de\u00a0<em>Dipylidium caninum<\/em>\u00a0desde pulgas infestadas a perros susceptibles durante 3 meses.<\/strong><\/p>\n<p>MSD<\/p>\n","protected":false},"excerpt":{"rendered":"<p>Contiene 1 bocadito masticable de 112,5 mg. Indicado para el tratamiento y control de pulgas y garrapatas durante 12 semanas. Para caninos. Bocadito masticable. F\u00f3rmula Cada gramo contiene: Fluralaner (micronizado)&#8230;&#8230;&#8230;&#8230;&#8230;&#8230;&#8230;&#8230;&#8230;&#8230;&#8230;.. 136,4 mg Excipientes c.s.p1,0 g. Indicaciones Para el tratamiento y prevenci\u00f3n de infestaciones con pulgas y garrapatas en perros durante 3 meses. Este medicamento veterinario &#8230; <a title=\"Bravecto de 2 a 4,5 kg &#8211; Msd\" class=\"read-more\" href=\"https:\/\/vetaustral.com.ar\/?product=bravecto-de-2-a-45-kg-msd\" aria-label=\"Leer m\u00e1s sobre Bravecto de 2 a 4,5 kg &#8211; Msd\">Leer m\u00e1s<\/a><\/p>\n","protected":false},"featured_media":1578,"comment_status":"open","ping_status":"closed","template":"","meta":[],"product_brand":[238],"product_cat":[36,32],"product_tag":[65,66,70,307,69],"class_list":{"0":"post-1577","1":"product","2":"type-product","3":"status-publish","4":"has-post-thumbnail","6":"product_brand-msd-animal-health","7":"product_cat-animales-de-compania","8":"product_cat-farmacia","9":"product_tag-antiparasitario-externo","10":"product_tag-antisarnico","11":"product_tag-garrapaticida","12":"product_tag-pastillas-para-pulgas-y-garrapatas","13":"product_tag-pulguicida","14":"sales-flash-overlay","15":"woocommerce-text-align-center","16":"woocommerce-image-align-center","17":"do-quantity-buttons","19":"first","20":"instock","21":"taxable","22":"shipping-taxable","23":"purchasable","24":"product-type-simple"},"jetpack_sharing_enabled":true,"_links":{"self":[{"href":"https:\/\/vetaustral.com.ar\/index.php?rest_route=\/wp\/v2\/product\/1577","targetHints":{"allow":["GET"]}}],"collection":[{"href":"https:\/\/vetaustral.com.ar\/index.php?rest_route=\/wp\/v2\/product"}],"about":[{"href":"https:\/\/vetaustral.com.ar\/index.php?rest_route=\/wp\/v2\/types\/product"}],"replies":[{"embeddable":true,"href":"https:\/\/vetaustral.com.ar\/index.php?rest_route=%2Fwp%2Fv2%2Fcomments&post=1577"}],"wp:featuredmedia":[{"embeddable":true,"href":"https:\/\/vetaustral.com.ar\/index.php?rest_route=\/wp\/v2\/media\/1578"}],"wp:attachment":[{"href":"https:\/\/vetaustral.com.ar\/index.php?rest_route=%2Fwp%2Fv2%2Fmedia&parent=1577"}],"wp:term":[{"taxonomy":"product_brand","embeddable":true,"href":"https:\/\/vetaustral.com.ar\/index.php?rest_route=%2Fwp%2Fv2%2Fproduct_brand&post=1577"},{"taxonomy":"product_cat","embeddable":true,"href":"https:\/\/vetaustral.com.ar\/index.php?rest_route=%2Fwp%2Fv2%2Fproduct_cat&post=1577"},{"taxonomy":"product_tag","embeddable":true,"href":"https:\/\/vetaustral.com.ar\/index.php?rest_route=%2Fwp%2Fv2%2Fproduct_tag&post=1577"}],"curies":[{"name":"wp","href":"https:\/\/api.w.org\/{rel}","templated":true}]}}