{"id":1542,"date":"2025-11-12T14:23:05","date_gmt":"2025-11-12T14:23:05","guid":{"rendered":"https:\/\/vetaustral.com.ar\/?post_type=product&#038;p=1542"},"modified":"2025-11-12T14:24:25","modified_gmt":"2025-11-12T14:24:25","slug":"cabezada-y-riendas-de-cuero-crudo","status":"publish","type":"product","link":"https:\/\/vetaustral.com.ar\/?product=cabezada-y-riendas-de-cuero-crudo","title":{"rendered":"Cabezada y riendas de cuero crudo (10229)"},"content":{"rendered":"<p>Cabeza y riendas confeccionada en cuero crudo doble de gran calidad.<\/p>\n<p>Presenta un trabajo de tiento y cordura artesanal ideal para el uso en <strong>doma<\/strong>, <strong>campo<\/strong> o <strong>paseo<\/strong>.<\/p>\n<p>Equipada con 8 argollas cromadas que garantizan una buena resistencia a la tracci\u00f3n y corrosi\u00f3n.<\/p>\n<p>Dise\u00f1o tradicional con detalles de terminaci\u00f3n prolijos y de muy buen gusto a la vista.<\/p>\n<p>Hecho en Santiago del Estero.<\/p>\n<p>&nbsp;<\/p>\n","protected":false},"excerpt":{"rendered":"<p>Cabeza y riendas confeccionada en cuero crudo doble de gran calidad. Presenta un trabajo de tiento y cordura artesanal ideal para el uso en doma, campo o paseo. Equipada con 8 argollas cromadas que garantizan una buena resistencia a la tracci\u00f3n y corrosi\u00f3n. Dise\u00f1o tradicional con detalles de terminaci\u00f3n prolijos y de muy buen gusto &#8230; <a title=\"Cabezada y riendas de cuero crudo (10229)\" class=\"read-more\" href=\"https:\/\/vetaustral.com.ar\/?product=cabezada-y-riendas-de-cuero-crudo\" aria-label=\"Leer m\u00e1s sobre Cabezada y riendas de cuero crudo (10229)\">Leer m\u00e1s<\/a><\/p>\n","protected":false},"featured_media":1543,"comment_status":"open","ping_status":"closed","template":"","meta":[],"product_brand":[232],"product_cat":[26],"product_tag":[234,233,58],"class_list":{"0":"post-1542","1":"product","2":"type-product","3":"status-publish","4":"has-post-thumbnail","6":"product_brand-el-mapuche","7":"product_cat-talabarteria","8":"product_tag-campo","9":"product_tag-cuero-crudo","10":"product_tag-equinos","11":"sales-flash-overlay","12":"woocommerce-text-align-center","13":"woocommerce-image-align-center","14":"do-quantity-buttons","16":"first","17":"instock","18":"taxable","19":"shipping-taxable","20":"purchasable","21":"product-type-simple"},"jetpack_sharing_enabled":true,"_links":{"self":[{"href":"https:\/\/vetaustral.com.ar\/index.php?rest_route=\/wp\/v2\/product\/1542","targetHints":{"allow":["GET"]}}],"collection":[{"href":"https:\/\/vetaustral.com.ar\/index.php?rest_route=\/wp\/v2\/product"}],"about":[{"href":"https:\/\/vetaustral.com.ar\/index.php?rest_route=\/wp\/v2\/types\/product"}],"replies":[{"embeddable":true,"href":"https:\/\/vetaustral.com.ar\/index.php?rest_route=%2Fwp%2Fv2%2Fcomments&post=1542"}],"wp:featuredmedia":[{"embeddable":true,"href":"https:\/\/vetaustral.com.ar\/index.php?rest_route=\/wp\/v2\/media\/1543"}],"wp:attachment":[{"href":"https:\/\/vetaustral.com.ar\/index.php?rest_route=%2Fwp%2Fv2%2Fmedia&parent=1542"}],"wp:term":[{"taxonomy":"product_brand","embeddable":true,"href":"https:\/\/vetaustral.com.ar\/index.php?rest_route=%2Fwp%2Fv2%2Fproduct_brand&post=1542"},{"taxonomy":"product_cat","embeddable":true,"href":"https:\/\/vetaustral.com.ar\/index.php?rest_route=%2Fwp%2Fv2%2Fproduct_cat&post=1542"},{"taxonomy":"product_tag","embeddable":true,"href":"https:\/\/vetaustral.com.ar\/index.php?rest_route=%2Fwp%2Fv2%2Fproduct_tag&post=1542"}],"curies":[{"name":"wp","href":"https:\/\/api.w.org\/{rel}","templated":true}]}}