{"id":1541,"date":"2025-11-12T13:48:36","date_gmt":"2025-11-12T13:48:36","guid":{"rendered":"https:\/\/vetaustral.com.ar\/?post_type=product&#038;p=1541"},"modified":"2025-11-12T13:48:36","modified_gmt":"2025-11-12T13:48:36","slug":"pro-plan-puppy-razas-pequenas-x-3-kg-purina","status":"publish","type":"product","link":"https:\/\/vetaustral.com.ar\/?product=pro-plan-puppy-razas-pequenas-x-3-kg-purina","title":{"rendered":"Pro plan puppy razas peque\u00f1as x 3 kg &#8211; Purina"},"content":{"rendered":"<p>Bolsa de 3 kg. con z\u00edper.<\/p>\n<p>Alimento balanceado para perros cachorros de razas peque\u00f1as con\u00a0<strong>32% de prote\u00ednas<\/strong>.<\/p>\n<h5 class=\"card-subtitle mb-1\"><strong>Descripci\u00f3n<\/strong><\/h5>\n<p>Protecci\u00f3n durante su primer a\u00f1o de vida.<\/p>\n<p>Los cachorros de tallas peque\u00f1as crecen r\u00e1pidamente y su metabolismo es m\u00e1s acelerado. Requieren de una alimentaci\u00f3n especial, con altos niveles de energ\u00eda y una concentraci\u00f3n de nutrientes en part\u00edculas m\u00e1s peque\u00f1as, adecuadas a sus mand\u00edbulas.<\/p>\n<h5><strong>Beneficios<\/strong><\/h5>\n<ul>\n<li>El DHA y EPA del aceite de pescado estimulan el desarrollo del cerebro y la maduraci\u00f3n de la visi\u00f3n.<\/li>\n<li>Formulado con anticuerpos naturales provenientes del calostro y prote\u00ednas de la carne fresca de pollo, altamente digeribles para estimular el desarrollo de un sistema inmunol\u00f3gico fuerte, protege a los cachorros contra pat\u00f3genos y enfermedades.<\/li>\n<li>Con croquetas de menor tama\u00f1o y una nutrici\u00f3n concentrada, adem\u00e1s de contener altos niveles de prote\u00ednas y calor\u00edas para satisfacer las necesidades metab\u00f3licas \u00fanicas de los cachorros de talla peque\u00f1a.<\/li>\n<li>Una relaci\u00f3n balanceada de calcio y f\u00f3sforo ayudan a desarrollar huesos y dientes fuertes en los cachorros en crecimiento.<\/li>\n<li>Elaborado con ingredientes de la mejor calidad, incluyendo carne fresca de pollo.<\/li>\n<\/ul>\n<h5><strong>Ingredientes<\/strong><\/h5>\n<p>Carne de pollo congelada, harina de subproductos de pollo, gluten de ma\u00edz, ma\u00edz, trigo, aceite de pollo y\/o grasa vacuna preservados con tocoferoles (fuente de vitamina E), hidrolizado a base de subproductos de pollo y\/o cerdo, arroz, huevo en polvo, cloruro de potasio, pulpa de remolacha, carbonato y\/o fosfato c\u00e1lcico, sal, zeolita, aceite de pescado y\/o harina de alga (Schizochytrium sp.), suplementos minerales [(sulfatos: zinc, hierro, manganeso, cobre, magnesio), (proteinatos: zinc, hierro, manganeso, cobre, selenio), yodato de calcio, selenito de sodio], sorbato de potasio, suplemento vitam\u00ednico antioxidante (A, D3, E, K3, B1, B2, B3, B5, B6, B7, B9, B12, BHT), cloruro de colina, pared celular de levadura Saccharomyces cerevisiae (fuente de manano-oligosac\u00e1ridos y betaglucanos), DL-metionina, butirato de calcio, calostro bovino en polvo (fuente natural de anticuerpos), \u00e1cido asc\u00f3rbico (fuente de vitamina C), L-lisina, L-tript\u00f3fano, L-treonina.<\/p>\n<p>Purina<\/p>\n","protected":false},"excerpt":{"rendered":"<p>Bolsa de 3 kg. con z\u00edper. Alimento balanceado para perros cachorros de razas peque\u00f1as con\u00a032% de prote\u00ednas. Descripci\u00f3n Protecci\u00f3n durante su primer a\u00f1o de vida. Los cachorros de tallas peque\u00f1as crecen r\u00e1pidamente y su metabolismo es m\u00e1s acelerado. Requieren de una alimentaci\u00f3n especial, con altos niveles de energ\u00eda y una concentraci\u00f3n de nutrientes en part\u00edculas &#8230; <a title=\"Pro plan puppy razas peque\u00f1as x 3 kg &#8211; Purina\" class=\"read-more\" href=\"https:\/\/vetaustral.com.ar\/?product=pro-plan-puppy-razas-pequenas-x-3-kg-purina\" aria-label=\"Leer m\u00e1s sobre Pro plan puppy razas peque\u00f1as x 3 kg &#8211; Purina\">Leer m\u00e1s<\/a><\/p>\n","protected":false},"featured_media":1539,"comment_status":"open","ping_status":"closed","template":"","meta":[],"product_brand":[228],"product_cat":[37,30],"product_tag":[229,156,230],"class_list":{"0":"post-1541","1":"product","2":"type-product","3":"status-publish","4":"has-post-thumbnail","6":"product_brand-purina","7":"product_cat-alimentos","8":"product_cat-pet-shop","9":"product_tag-alimento-balanceado-para-perros","10":"product_tag-cachorros","11":"product_tag-super-premiun","12":"sales-flash-overlay","13":"woocommerce-text-align-center","14":"woocommerce-image-align-center","15":"do-quantity-buttons","16":"wc-has-gallery","18":"first","19":"instock","20":"taxable","21":"shipping-taxable","22":"purchasable","23":"product-type-simple"},"jetpack_sharing_enabled":true,"_links":{"self":[{"href":"https:\/\/vetaustral.com.ar\/index.php?rest_route=\/wp\/v2\/product\/1541","targetHints":{"allow":["GET"]}}],"collection":[{"href":"https:\/\/vetaustral.com.ar\/index.php?rest_route=\/wp\/v2\/product"}],"about":[{"href":"https:\/\/vetaustral.com.ar\/index.php?rest_route=\/wp\/v2\/types\/product"}],"replies":[{"embeddable":true,"href":"https:\/\/vetaustral.com.ar\/index.php?rest_route=%2Fwp%2Fv2%2Fcomments&post=1541"}],"wp:featuredmedia":[{"embeddable":true,"href":"https:\/\/vetaustral.com.ar\/index.php?rest_route=\/wp\/v2\/media\/1539"}],"wp:attachment":[{"href":"https:\/\/vetaustral.com.ar\/index.php?rest_route=%2Fwp%2Fv2%2Fmedia&parent=1541"}],"wp:term":[{"taxonomy":"product_brand","embeddable":true,"href":"https:\/\/vetaustral.com.ar\/index.php?rest_route=%2Fwp%2Fv2%2Fproduct_brand&post=1541"},{"taxonomy":"product_cat","embeddable":true,"href":"https:\/\/vetaustral.com.ar\/index.php?rest_route=%2Fwp%2Fv2%2Fproduct_cat&post=1541"},{"taxonomy":"product_tag","embeddable":true,"href":"https:\/\/vetaustral.com.ar\/index.php?rest_route=%2Fwp%2Fv2%2Fproduct_tag&post=1541"}],"curies":[{"name":"wp","href":"https:\/\/api.w.org\/{rel}","templated":true}]}}