{"id":1530,"date":"2025-11-07T22:48:05","date_gmt":"2025-11-07T22:48:05","guid":{"rendered":"https:\/\/vetaustral.com.ar\/?post_type=product&#038;p=1530"},"modified":"2026-02-02T19:26:38","modified_gmt":"2026-02-02T19:26:38","slug":"fluido-manchester-x-700-ml-feit-olivera","status":"publish","type":"product","link":"https:\/\/vetaustral.com.ar\/?product=fluido-manchester-x-700-ml-feit-olivera","title":{"rendered":"Fluido manchester x 700 ml &#8211; Feit &#038; Olivera"},"content":{"rendered":"<p class=\"font_7 wixui-rich-text__text\"><span class=\"wixui-rich-text__text\">Lata triangular de hojalata esta\u00f1ada de 700 c.c.<\/span><\/p>\n<ul>\n<li class=\"wixui-rich-text__text\">\n<p class=\"font_7 wixui-rich-text__text\"><span class=\"wixui-rich-text__text\">Posee\u00a0gran actividad desinfectante.<\/span><\/p>\n<\/li>\n<li class=\"wixui-rich-text__text\">\n<p class=\"font_7 wixui-rich-text__text\"><span class=\"wixui-rich-text__text\">Act\u00faa en presencia de materia org\u00e1nica.<\/span><\/p>\n<\/li>\n<li class=\"wixui-rich-text__text\">\n<p class=\"font_7 wixui-rich-text__text\"><span class=\"wixui-rich-text__text\">Puede utilizarse en presencia de animales.<\/span><\/p>\n<\/li>\n<li class=\"wixui-rich-text__text\">\n<p class=\"font_7 wixui-rich-text__text\"><span class=\"wixui-rich-text__text\">Posee un amplio aspectro de actividad frente a microorganismos.<\/span><\/p>\n<\/li>\n<li class=\"wixui-rich-text__text\">\n<p class=\"font_7 wixui-rich-text__text\"><span class=\"wixui-rich-text__text\">Ahuyenta insectos y roedores<\/span><\/p>\n<\/li>\n<\/ul>\n<h6 class=\"font_6 wixui-rich-text__text\"><span class=\"wixui-rich-text__text\">Fluido Manchester<\/span><\/h6>\n<p class=\"font_7 wixui-rich-text__text\"><span class=\"wixui-rich-text__text\">Un poderoso antis\u00e9ptico &#8211; desinfectante general que se utiliza tanto en animales con lesiones podales, como tratamiento preventivo post-descorne y otras lesiones o heridas donde sea conveniente prevenir la acci\u00f3n de bacterias gram, como para prevenci\u00f3n y desinfecci\u00f3n de patios, graneros, establos, boxes, etc-. El producto presenta, adem\u00e1s, acciones antif\u00fangicas.<\/span><\/p>\n<p class=\"font_7 wixui-rich-text__text\"><span class=\"wixui-rich-text__text\">Las propiedades microbicidas y funguicidas de sus componentes activos, los fenoles, y su mecanismo de acci\u00f3n se debe a que act\u00faa frente a microorganismos como venenos protoplasm\u00e1ticos, coagulando y desnaturalizando sus prote\u00ednas.<\/span><span class=\"wixui-rich-text__text\">\u200b<\/span><\/p>\n<p class=\"font_7 wixui-rich-text__text\"><span class=\"wixui-rich-text__text\">Fluido Manchester\u00a0ve reforzada su acci\u00f3n desinfectante por el resto de componentes, form\u00e1ndose una vez diluido, una emulsi\u00f3n jabonosa que, aparte de su capacidad detergente, facilita la penetraci\u00f3n del producto y llega a todos aquellos rincones que otros productos no pueden alcanzar.<\/span><\/p>\n<p class=\"font_7 wixui-rich-text__text\"><span class=\"wixui-rich-text__text\">Su efecto desodorizante elimina los olores m\u00e1s desagradables, cre\u00e1ndose una grata atm\u00f3sfera de desinfecci\u00f3n y limpieza, siendo sus efectos de larga duraci\u00f3n.<\/span><\/p>\n<p class=\"font_7 wixui-rich-text__text\"><span class=\"wixui-rich-text__text\">Fluido Manchester, frente a otros tipos de desinfectantes, ve muy poco afectada su actividad frente a restos de materia org\u00e1nica.<\/span><\/p>\n<p>Feit &amp; Olivari<\/p>\n","protected":false},"excerpt":{"rendered":"<p>Lata triangular de hojalata esta\u00f1ada de 700 c.c. Posee\u00a0gran actividad desinfectante. Act\u00faa en presencia de materia org\u00e1nica. Puede utilizarse en presencia de animales. Posee un amplio aspectro de actividad frente a microorganismos. Ahuyenta insectos y roedores Fluido Manchester Un poderoso antis\u00e9ptico &#8211; desinfectante general que se utiliza tanto en animales con lesiones podales, como tratamiento &#8230; <a title=\"Fluido manchester x 700 ml &#8211; Feit &#038; Olivera\" class=\"read-more\" href=\"https:\/\/vetaustral.com.ar\/?product=fluido-manchester-x-700-ml-feit-olivera\" aria-label=\"Leer m\u00e1s sobre Fluido manchester x 700 ml &#8211; Feit &#038; Olivera\">Leer m\u00e1s<\/a><\/p>\n","protected":false},"featured_media":1531,"comment_status":"open","ping_status":"closed","template":"","meta":[],"product_brand":[226],"product_cat":[218],"product_tag":[227],"class_list":{"0":"post-1530","1":"product","2":"type-product","3":"status-publish","4":"has-post-thumbnail","6":"product_brand-feit-olivari","7":"product_cat-ambientales","8":"product_tag-desinfectante","9":"sales-flash-overlay","10":"woocommerce-text-align-center","11":"woocommerce-image-align-center","12":"do-quantity-buttons","14":"first","15":"instock","16":"taxable","17":"shipping-taxable","18":"purchasable","19":"product-type-simple"},"jetpack_sharing_enabled":true,"_links":{"self":[{"href":"https:\/\/vetaustral.com.ar\/index.php?rest_route=\/wp\/v2\/product\/1530","targetHints":{"allow":["GET"]}}],"collection":[{"href":"https:\/\/vetaustral.com.ar\/index.php?rest_route=\/wp\/v2\/product"}],"about":[{"href":"https:\/\/vetaustral.com.ar\/index.php?rest_route=\/wp\/v2\/types\/product"}],"replies":[{"embeddable":true,"href":"https:\/\/vetaustral.com.ar\/index.php?rest_route=%2Fwp%2Fv2%2Fcomments&post=1530"}],"wp:featuredmedia":[{"embeddable":true,"href":"https:\/\/vetaustral.com.ar\/index.php?rest_route=\/wp\/v2\/media\/1531"}],"wp:attachment":[{"href":"https:\/\/vetaustral.com.ar\/index.php?rest_route=%2Fwp%2Fv2%2Fmedia&parent=1530"}],"wp:term":[{"taxonomy":"product_brand","embeddable":true,"href":"https:\/\/vetaustral.com.ar\/index.php?rest_route=%2Fwp%2Fv2%2Fproduct_brand&post=1530"},{"taxonomy":"product_cat","embeddable":true,"href":"https:\/\/vetaustral.com.ar\/index.php?rest_route=%2Fwp%2Fv2%2Fproduct_cat&post=1530"},{"taxonomy":"product_tag","embeddable":true,"href":"https:\/\/vetaustral.com.ar\/index.php?rest_route=%2Fwp%2Fv2%2Fproduct_tag&post=1530"}],"curies":[{"name":"wp","href":"https:\/\/api.w.org\/{rel}","templated":true}]}}