{"id":1529,"date":"2025-11-07T20:49:10","date_gmt":"2025-11-07T20:49:10","guid":{"rendered":"https:\/\/vetaustral.com.ar\/?post_type=product&#038;p=1529"},"modified":"2026-02-02T19:25:37","modified_gmt":"2026-02-02T19:25:37","slug":"raticida-liquido-x-500-ml-lpu","status":"publish","type":"product","link":"https:\/\/vetaustral.com.ar\/?product=raticida-liquido-x-500-ml-lpu","title":{"rendered":"Raticida l\u00edquido x 500 ml \u2013 Lpu"},"content":{"rendered":"<p>Contiene 1 envase de 500 ml.<\/p>\n<ul>\n<li>Rodenticida\/ Raticida<\/li>\n<li>L\u00edquido monod\u00f3sico<\/li>\n<\/ul>\n<h5>Composici\u00f3n:<\/h5>\n<p>Bromadiolone (hidroxi-4\u00b4-cumarinil-3\u00b4)-3-fenil-3 \u2013 (bromo-4-bifenil4\u00b4)-1-propano-1 0.005 g; Colorantes e inertes c.s.p.. 100ml.<\/p>\n<p>&nbsp;<\/p>\n<h5>Generalidades:<\/h5>\n<p>El Bromadiolone, principio activa del Raticida Monod\u00f3sico es un producto anticoagulante. Una sola ingesti\u00f3n de Raticida Monod\u00f3sico provoca hemorragias internas e los roedores, causando la muerte a partir del segundo d\u00eda de la forma semejante a la que se produce por debilidad o vejez, sin provocar alarma en el resto de la colonia.<\/p>\n<p>Raticida Monod\u00f3sico controla: Rata gris (rattus norvegicus); Laucha o rat\u00f3n dem\u00e9stico (mus musculus); Rata negra (rattus rattus); Rata Alejandrina o de los tejados (rattus rattus vr. alexandrinus); Rat\u00f3n de campo (akadon spp., Orzomis spp., Holochylus spp.)<\/p>\n<p><em><strong>VENENO<\/strong><\/em><\/p>\n<p>Lpu<\/p>\n","protected":false},"excerpt":{"rendered":"<p>Contiene 1 envase de 500 ml. Rodenticida\/ Raticida L\u00edquido monod\u00f3sico Composici\u00f3n: Bromadiolone (hidroxi-4\u00b4-cumarinil-3\u00b4)-3-fenil-3 \u2013 (bromo-4-bifenil4\u00b4)-1-propano-1 0.005 g; Colorantes e inertes c.s.p.. 100ml. &nbsp; Generalidades: El Bromadiolone, principio activa del Raticida Monod\u00f3sico es un producto anticoagulante. Una sola ingesti\u00f3n de Raticida Monod\u00f3sico provoca hemorragias internas e los roedores, causando la muerte a partir del segundo d\u00eda &#8230; <a title=\"Raticida l\u00edquido x 500 ml \u2013 Lpu\" class=\"read-more\" href=\"https:\/\/vetaustral.com.ar\/?product=raticida-liquido-x-500-ml-lpu\" aria-label=\"Leer m\u00e1s sobre Raticida l\u00edquido x 500 ml \u2013 Lpu\">Leer m\u00e1s<\/a><\/p>\n","protected":false},"featured_media":1528,"comment_status":"open","ping_status":"closed","template":"","meta":[],"product_brand":[221],"product_cat":[218],"product_tag":[225,222,224,110],"class_list":{"0":"post-1529","1":"product","2":"type-product","3":"status-publish","4":"has-post-thumbnail","6":"product_brand-fav-srl","7":"product_cat-ambientales","8":"product_tag-lpu","9":"product_tag-raticida","10":"product_tag-rodenticida","11":"product_tag-veneno","12":"sales-flash-overlay","13":"woocommerce-text-align-center","14":"woocommerce-image-align-center","15":"do-quantity-buttons","17":"first","18":"instock","19":"taxable","20":"shipping-taxable","21":"purchasable","22":"product-type-simple"},"jetpack_sharing_enabled":true,"_links":{"self":[{"href":"https:\/\/vetaustral.com.ar\/index.php?rest_route=\/wp\/v2\/product\/1529","targetHints":{"allow":["GET"]}}],"collection":[{"href":"https:\/\/vetaustral.com.ar\/index.php?rest_route=\/wp\/v2\/product"}],"about":[{"href":"https:\/\/vetaustral.com.ar\/index.php?rest_route=\/wp\/v2\/types\/product"}],"replies":[{"embeddable":true,"href":"https:\/\/vetaustral.com.ar\/index.php?rest_route=%2Fwp%2Fv2%2Fcomments&post=1529"}],"wp:featuredmedia":[{"embeddable":true,"href":"https:\/\/vetaustral.com.ar\/index.php?rest_route=\/wp\/v2\/media\/1528"}],"wp:attachment":[{"href":"https:\/\/vetaustral.com.ar\/index.php?rest_route=%2Fwp%2Fv2%2Fmedia&parent=1529"}],"wp:term":[{"taxonomy":"product_brand","embeddable":true,"href":"https:\/\/vetaustral.com.ar\/index.php?rest_route=%2Fwp%2Fv2%2Fproduct_brand&post=1529"},{"taxonomy":"product_cat","embeddable":true,"href":"https:\/\/vetaustral.com.ar\/index.php?rest_route=%2Fwp%2Fv2%2Fproduct_cat&post=1529"},{"taxonomy":"product_tag","embeddable":true,"href":"https:\/\/vetaustral.com.ar\/index.php?rest_route=%2Fwp%2Fv2%2Fproduct_tag&post=1529"}],"curies":[{"name":"wp","href":"https:\/\/api.w.org\/{rel}","templated":true}]}}