{"id":1524,"date":"2025-11-07T20:04:08","date_gmt":"2025-11-07T20:04:08","guid":{"rendered":"https:\/\/vetaustral.com.ar\/?post_type=product&#038;p=1524"},"modified":"2026-02-02T19:24:19","modified_gmt":"2026-02-02T19:24:19","slug":"rodifav-100-gr-fav-srl","status":"publish","type":"product","link":"https:\/\/vetaustral.com.ar\/?product=rodifav-100-gr-fav-srl","title":{"rendered":"Rodifav 100 gr &#8211; FAV srl"},"content":{"rendered":"<p>Contiene 1 envase de 100 gr.<\/p>\n<ul>\n<li>Rodenticida\/ Raticida<\/li>\n<li>Superwarfar\u00ednico<\/li>\n<li>De accion prolongada<\/li>\n<\/ul>\n<p>&nbsp;<\/p>\n<h5><strong>Composici\u00f3n:<\/strong><\/h5>\n<p>Bromadiolone 0,005 g. Colorantes e inertes c.s.p. 100 g.<\/p>\n<p>&nbsp;<\/p>\n<p>El Bromadiolone, principio activo del <strong>Rodifav cebo raticida en bloques<\/strong>, es un rodenticida anticoagulante para el control de ratas y ratones. Una sola ingesti\u00f3n causa la muerte del roedor a partir del 4\u00b0 d\u00eda son despertar sospechas en el resto de la colonia. Rata parda. Rata negra. Rat\u00f3n dom\u00e9stico o laucha. Ratones de campo. La composici\u00f3n del producto permite usarlo en ambientes h\u00famedos sin afectar sus propiedades.<\/p>\n<p><em><strong>VENENO<\/strong><\/em><\/p>\n<p>FAV srl<\/p>\n<p>&nbsp;<\/p>\n","protected":false},"excerpt":{"rendered":"<p>Contiene 1 envase de 100 gr. Rodenticida\/ Raticida Superwarfar\u00ednico De accion prolongada &nbsp; Composici\u00f3n: Bromadiolone 0,005 g. Colorantes e inertes c.s.p. 100 g. &nbsp; El Bromadiolone, principio activo del Rodifav cebo raticida en bloques, es un rodenticida anticoagulante para el control de ratas y ratones. Una sola ingesti\u00f3n causa la muerte del roedor a partir &#8230; <a title=\"Rodifav 100 gr &#8211; FAV srl\" class=\"read-more\" href=\"https:\/\/vetaustral.com.ar\/?product=rodifav-100-gr-fav-srl\" aria-label=\"Leer m\u00e1s sobre Rodifav 100 gr &#8211; FAV srl\">Leer m\u00e1s<\/a><\/p>\n","protected":false},"featured_media":1525,"comment_status":"open","ping_status":"closed","template":"","meta":[],"product_brand":[221],"product_cat":[218],"product_tag":[223,222,224,110],"class_list":{"0":"post-1524","1":"product","2":"type-product","3":"status-publish","4":"has-post-thumbnail","6":"product_brand-fav-srl","7":"product_cat-ambientales","8":"product_tag-en-bloques","9":"product_tag-raticida","10":"product_tag-rodenticida","11":"product_tag-veneno","12":"sales-flash-overlay","13":"woocommerce-text-align-center","14":"woocommerce-image-align-center","15":"do-quantity-buttons","17":"first","18":"instock","19":"taxable","20":"shipping-taxable","21":"purchasable","22":"product-type-simple"},"jetpack_sharing_enabled":true,"_links":{"self":[{"href":"https:\/\/vetaustral.com.ar\/index.php?rest_route=\/wp\/v2\/product\/1524","targetHints":{"allow":["GET"]}}],"collection":[{"href":"https:\/\/vetaustral.com.ar\/index.php?rest_route=\/wp\/v2\/product"}],"about":[{"href":"https:\/\/vetaustral.com.ar\/index.php?rest_route=\/wp\/v2\/types\/product"}],"replies":[{"embeddable":true,"href":"https:\/\/vetaustral.com.ar\/index.php?rest_route=%2Fwp%2Fv2%2Fcomments&post=1524"}],"wp:featuredmedia":[{"embeddable":true,"href":"https:\/\/vetaustral.com.ar\/index.php?rest_route=\/wp\/v2\/media\/1525"}],"wp:attachment":[{"href":"https:\/\/vetaustral.com.ar\/index.php?rest_route=%2Fwp%2Fv2%2Fmedia&parent=1524"}],"wp:term":[{"taxonomy":"product_brand","embeddable":true,"href":"https:\/\/vetaustral.com.ar\/index.php?rest_route=%2Fwp%2Fv2%2Fproduct_brand&post=1524"},{"taxonomy":"product_cat","embeddable":true,"href":"https:\/\/vetaustral.com.ar\/index.php?rest_route=%2Fwp%2Fv2%2Fproduct_cat&post=1524"},{"taxonomy":"product_tag","embeddable":true,"href":"https:\/\/vetaustral.com.ar\/index.php?rest_route=%2Fwp%2Fv2%2Fproduct_tag&post=1524"}],"curies":[{"name":"wp","href":"https:\/\/api.w.org\/{rel}","templated":true}]}}