{"id":1522,"date":"2025-11-07T19:39:03","date_gmt":"2025-11-07T19:39:03","guid":{"rendered":"https:\/\/vetaustral.com.ar\/?post_type=product&#038;p=1522"},"modified":"2026-02-02T19:23:10","modified_gmt":"2026-02-02T19:23:10","slug":"derribante-fav-x-100-ml-fav-srl","status":"publish","type":"product","link":"https:\/\/vetaustral.com.ar\/?product=derribante-fav-x-100-ml-fav-srl","title":{"rendered":"Derribante FAV x 100 ml &#8211; FAV srl"},"content":{"rendered":"<p>Contiene 1 frasco de 100 ml.<\/p>\n<ul>\n<li>Producto l\u00edquido concentrado emulsionable<\/li>\n<li>alto poder de volteo y residualidad<\/li>\n<li>Controla <strong>moscas<\/strong>, <strong>mosquitos<\/strong>, <strong>t\u00e1banos<\/strong> y <strong>avispas<\/strong>. Apto tambi\u00e9n para <strong>cucarachas<\/strong>, <strong>ara\u00f1as<\/strong>, <strong>alacranes<\/strong>, <strong>jejenes<\/strong> y otros insectos.<\/li>\n<\/ul>\n<p>&nbsp;<\/p>\n<h5><strong>Composici\u00f3n<\/strong>:<\/h5>\n<p>Cipermetrina 2 g, Tetrametrina 2 g, But\u00f3xido de Piperonilo 5 g, Solventes y emulsionantes c.s.p. 100 cc.<\/p>\n<p>&nbsp;<\/p>\n<p><strong>Derribante FAV<\/strong> es un insecticida formulado para ser usado al aire libre a base de cipermetrina y tetrametrina mol\u00e9culas de la familia de los piretroides, y la sinergiade but\u00f3xido de piperonilo. Esta combinaci\u00f3n nos brinda un producto con poder de volteo, efecto de expulsi\u00f3n y repelencia, formulado para ser utilizado al aire libre que se caracteriza por su alto poder de volteo y residualidad. Es un concentrado emulsionable de f\u00e1cil diluci\u00f3n, no deja mancha ni deja olor. La soluci\u00f3n puede aplicarse directamente sobre el c\u00e9sped, quinchos, galpones abiertos, galerias, mediante pulverizadores manual o motorizado, regaderas, etc. No guardar el preparado para otra ocasi\u00f3n.<\/p>\n<p>Valiendose de un vaso graduado colocar con una peque\u00f1a cantidad de agua la dosis indicada de <strong>Derribante<\/strong> <strong>FAV<\/strong>, posteriormente agitar la emulsi\u00f3n\u00a0 para homogeneizarla y completar a volumen final con agua. Ag\u00edtese antes de usar. Prepare solo la cantidad que necesite para su uso inmediato, no guarde el producto diluido de un d\u00eda para otro. Pulverizar los sitios frecuentados por las plagas, en donde se posan, transitan, refugian, reproducen y en los sitios por donde puedan acceder a los edificios, locales o instalaciones.<\/p>\n<p><em><strong>VENENO<\/strong><\/em><\/p>\n<p>FAV srl<\/p>\n<p>&nbsp;<\/p>\n","protected":false},"excerpt":{"rendered":"<p>Contiene 1 frasco de 100 ml. Producto l\u00edquido concentrado emulsionable alto poder de volteo y residualidad Controla moscas, mosquitos, t\u00e1banos y avispas. Apto tambi\u00e9n para cucarachas, ara\u00f1as, alacranes, jejenes y otros insectos. &nbsp; Composici\u00f3n: Cipermetrina 2 g, Tetrametrina 2 g, But\u00f3xido de Piperonilo 5 g, Solventes y emulsionantes c.s.p. 100 cc. &nbsp; Derribante FAV es &#8230; <a title=\"Derribante FAV x 100 ml &#8211; FAV srl\" class=\"read-more\" href=\"https:\/\/vetaustral.com.ar\/?product=derribante-fav-x-100-ml-fav-srl\" aria-label=\"Leer m\u00e1s sobre Derribante FAV x 100 ml &#8211; FAV srl\">Leer m\u00e1s<\/a><\/p>\n","protected":false},"featured_media":1523,"comment_status":"open","ping_status":"closed","template":"","meta":[],"product_brand":[221],"product_cat":[218],"product_tag":[108,107,148,110],"class_list":{"0":"post-1522","1":"product","2":"type-product","3":"status-publish","4":"has-post-thumbnail","6":"product_brand-fav-srl","7":"product_cat-ambientales","8":"product_tag-insecticida","9":"product_tag-repelente-de-insectos","10":"product_tag-repelente-de-moscas-y-mosquitos","11":"product_tag-veneno","12":"sales-flash-overlay","13":"woocommerce-text-align-center","14":"woocommerce-image-align-center","15":"do-quantity-buttons","17":"first","18":"instock","19":"taxable","20":"shipping-taxable","21":"purchasable","22":"product-type-simple"},"jetpack_sharing_enabled":true,"_links":{"self":[{"href":"https:\/\/vetaustral.com.ar\/index.php?rest_route=\/wp\/v2\/product\/1522","targetHints":{"allow":["GET"]}}],"collection":[{"href":"https:\/\/vetaustral.com.ar\/index.php?rest_route=\/wp\/v2\/product"}],"about":[{"href":"https:\/\/vetaustral.com.ar\/index.php?rest_route=\/wp\/v2\/types\/product"}],"replies":[{"embeddable":true,"href":"https:\/\/vetaustral.com.ar\/index.php?rest_route=%2Fwp%2Fv2%2Fcomments&post=1522"}],"wp:featuredmedia":[{"embeddable":true,"href":"https:\/\/vetaustral.com.ar\/index.php?rest_route=\/wp\/v2\/media\/1523"}],"wp:attachment":[{"href":"https:\/\/vetaustral.com.ar\/index.php?rest_route=%2Fwp%2Fv2%2Fmedia&parent=1522"}],"wp:term":[{"taxonomy":"product_brand","embeddable":true,"href":"https:\/\/vetaustral.com.ar\/index.php?rest_route=%2Fwp%2Fv2%2Fproduct_brand&post=1522"},{"taxonomy":"product_cat","embeddable":true,"href":"https:\/\/vetaustral.com.ar\/index.php?rest_route=%2Fwp%2Fv2%2Fproduct_cat&post=1522"},{"taxonomy":"product_tag","embeddable":true,"href":"https:\/\/vetaustral.com.ar\/index.php?rest_route=%2Fwp%2Fv2%2Fproduct_tag&post=1522"}],"curies":[{"name":"wp","href":"https:\/\/api.w.org\/{rel}","templated":true}]}}