{"id":1515,"date":"2025-11-07T13:01:54","date_gmt":"2025-11-07T13:01:54","guid":{"rendered":"https:\/\/vetaustral.com.ar\/?post_type=product&#038;p=1515"},"modified":"2026-01-30T21:13:56","modified_gmt":"2026-01-30T21:13:56","slug":"yarara-talquera-x-250-gr-allemandi","status":"publish","type":"product","link":"https:\/\/vetaustral.com.ar\/?product=yarara-talquera-x-250-gr-allemandi","title":{"rendered":"Yarar\u00e1 talquera x 250 gr &#8211; Allemandi"},"content":{"rendered":"<p>Contiene 1 envase de 250 gr.<\/p>\n<ul>\n<li>Hormiguicida en polvo<\/li>\n<\/ul>\n<h4>Composici\u00f3n:<\/h4>\n<p>Fenitrotion: 0,0-dimetil-4-nitrofenil fosforotiolato 2.0 g.<\/p>\n<p>Inertes c.s.p. 100 g.<\/p>\n<h4 class=\"Estilo3BOld\">Generalidades<\/h4>\n<p class=\"Estilo3\">Insecticida para el control de <strong>Hormiga<\/strong> negra com\u00fan (Acromyrmex lundi), <strong>Hormiga<\/strong> invasora (Iridomyrmex humilis), <strong>Hormiga<\/strong> isau (Atta vollenweideri), <strong>Hormiga<\/strong> minera (Atta sexdens).<\/p>\n<h4 class=\"Estilo3BOld\">Instrucciones<\/h4>\n<p class=\"Estilo3\">Espolvorear todos los orificios donde se vean entrar o salir hormigas sin producir obstrucci\u00f3n de los conductos. Tambi\u00e9n espolvorear los caminos y todo lugar frecuentado por hormigas. Repetir el tratamiento cada vez que sea necesario. El per\u00edodo de aplicaci\u00f3n es durante el per\u00edodo de actividad de las hormigas.<\/p>\n<p><em><strong>VENENO<\/strong><\/em><\/p>\n<p>Allemandi<\/p>\n<p>&nbsp;<\/p>\n<p>&nbsp;<\/p>\n","protected":false},"excerpt":{"rendered":"<p>Contiene 1 envase de 250 gr. Hormiguicida en polvo Composici\u00f3n: Fenitrotion: 0,0-dimetil-4-nitrofenil fosforotiolato 2.0 g. Inertes c.s.p. 100 g. Generalidades Insecticida para el control de Hormiga negra com\u00fan (Acromyrmex lundi), Hormiga invasora (Iridomyrmex humilis), Hormiga isau (Atta vollenweideri), Hormiga minera (Atta sexdens). Instrucciones Espolvorear todos los orificios donde se vean entrar o salir hormigas sin &#8230; <a title=\"Yarar\u00e1 talquera x 250 gr &#8211; Allemandi\" class=\"read-more\" href=\"https:\/\/vetaustral.com.ar\/?product=yarara-talquera-x-250-gr-allemandi\" aria-label=\"Leer m\u00e1s sobre Yarar\u00e1 talquera x 250 gr &#8211; Allemandi\">Leer m\u00e1s<\/a><\/p>\n","protected":false},"featured_media":1516,"comment_status":"open","ping_status":"closed","template":"","meta":[],"product_brand":[219],"product_cat":[218],"product_tag":[220,110],"class_list":{"0":"post-1515","1":"product","2":"type-product","3":"status-publish","4":"has-post-thumbnail","6":"product_brand-allemandi","7":"product_cat-ambientales","8":"product_tag-hormiguicida","9":"product_tag-veneno","10":"sales-flash-overlay","11":"woocommerce-text-align-center","12":"woocommerce-image-align-center","13":"do-quantity-buttons","15":"first","16":"instock","17":"taxable","18":"shipping-taxable","19":"purchasable","20":"product-type-simple"},"jetpack_sharing_enabled":true,"_links":{"self":[{"href":"https:\/\/vetaustral.com.ar\/index.php?rest_route=\/wp\/v2\/product\/1515","targetHints":{"allow":["GET"]}}],"collection":[{"href":"https:\/\/vetaustral.com.ar\/index.php?rest_route=\/wp\/v2\/product"}],"about":[{"href":"https:\/\/vetaustral.com.ar\/index.php?rest_route=\/wp\/v2\/types\/product"}],"replies":[{"embeddable":true,"href":"https:\/\/vetaustral.com.ar\/index.php?rest_route=%2Fwp%2Fv2%2Fcomments&post=1515"}],"wp:featuredmedia":[{"embeddable":true,"href":"https:\/\/vetaustral.com.ar\/index.php?rest_route=\/wp\/v2\/media\/1516"}],"wp:attachment":[{"href":"https:\/\/vetaustral.com.ar\/index.php?rest_route=%2Fwp%2Fv2%2Fmedia&parent=1515"}],"wp:term":[{"taxonomy":"product_brand","embeddable":true,"href":"https:\/\/vetaustral.com.ar\/index.php?rest_route=%2Fwp%2Fv2%2Fproduct_brand&post=1515"},{"taxonomy":"product_cat","embeddable":true,"href":"https:\/\/vetaustral.com.ar\/index.php?rest_route=%2Fwp%2Fv2%2Fproduct_cat&post=1515"},{"taxonomy":"product_tag","embeddable":true,"href":"https:\/\/vetaustral.com.ar\/index.php?rest_route=%2Fwp%2Fv2%2Fproduct_tag&post=1515"}],"curies":[{"name":"wp","href":"https:\/\/api.w.org\/{rel}","templated":true}]}}