{"id":1513,"date":"2025-11-07T12:33:22","date_gmt":"2025-11-07T12:33:22","guid":{"rendered":"https:\/\/vetaustral.com.ar\/?post_type=product&#038;p=1513"},"modified":"2026-01-30T21:13:28","modified_gmt":"2026-01-30T21:13:28","slug":"tonico-induvet-plus-x-1-litro-induvet","status":"publish","type":"product","link":"https:\/\/vetaustral.com.ar\/?product=tonico-induvet-plus-x-1-litro-induvet","title":{"rendered":"Tonico induvet plus x 1 litro &#8211; Induvet"},"content":{"rendered":"<p>Contiene 1 envase de 1000 ml.<\/p>\n<ul>\n<li>Polivitam\u00ednico-mineral concentrado<\/li>\n<li>Para equinos, bovinos, porcinos y ovinos.<\/li>\n<\/ul>\n<p>&nbsp;<\/p>\n<h3>F\u00f3rmula:<\/h3>\n<p>Vitaminas A, D2, E, K, complejo B, amino\u00e1cidos y aspartatos, minerales, y oligoelementos: hierro, cobre, cobalto, zinc, iodo, selenio, magnesio, manganeso, calcio, f\u00f3sforo. Vehiculo en\u00e9rgetico: \u00e1cido fosf\u00f3rico, alcohol y melaza.<\/p>\n<p>&nbsp;<\/p>\n<h3>Indicaciones:<\/h3>\n<p>Estimula el apetito en animales inapetentes o debilitados.<br \/>\nConvalescencia de enfermedades infecciosas y parasitarias. Vigorizante para animales sometidos a training intenso. Coadyuva al tratamiento y prevenci\u00f3n de la sobrecarga hep\u00e1tica-medicamentosa, infecciosa o t\u00f3xica. Suplemento a la mediaci\u00f3n inyectable con vitamina B12, \u00e1cido f\u00f3lico, hierro, cobre y cobalto para tratamiento de las anemias. Apuntalar el desarrollo y r\u00e1pido crecimiento de animales en desarrollo. Estabilidad garantizada por antioxidantes.<\/p>\n<p>Induvet<\/p>\n<p>&nbsp;<\/p>\n<p>&nbsp;<\/p>\n<p>&nbsp;<\/p>\n","protected":false},"excerpt":{"rendered":"<p>Contiene 1 envase de 1000 ml. Polivitam\u00ednico-mineral concentrado Para equinos, bovinos, porcinos y ovinos. &nbsp; F\u00f3rmula: Vitaminas A, D2, E, K, complejo B, amino\u00e1cidos y aspartatos, minerales, y oligoelementos: hierro, cobre, cobalto, zinc, iodo, selenio, magnesio, manganeso, calcio, f\u00f3sforo. Vehiculo en\u00e9rgetico: \u00e1cido fosf\u00f3rico, alcohol y melaza. &nbsp; Indicaciones: Estimula el apetito en animales inapetentes o &#8230; <a title=\"Tonico induvet plus x 1 litro &#8211; Induvet\" class=\"read-more\" href=\"https:\/\/vetaustral.com.ar\/?product=tonico-induvet-plus-x-1-litro-induvet\" aria-label=\"Leer m\u00e1s sobre Tonico induvet plus x 1 litro &#8211; Induvet\">Leer m\u00e1s<\/a><\/p>\n","protected":false},"featured_media":1514,"comment_status":"open","ping_status":"closed","template":"","meta":[],"product_brand":[213],"product_cat":[33,32,52],"product_tag":[84,83],"class_list":{"0":"post-1513","1":"product","2":"type-product","3":"status-publish","4":"has-post-thumbnail","6":"product_brand-induvet","7":"product_cat-equinos","8":"product_cat-farmacia","9":"product_cat-grandes-animales","10":"product_tag-minerales","11":"product_tag-multivitaminico","12":"sales-flash-overlay","13":"woocommerce-text-align-center","14":"woocommerce-image-align-center","15":"do-quantity-buttons","17":"first","18":"instock","19":"taxable","20":"shipping-taxable","21":"purchasable","22":"product-type-simple"},"jetpack_sharing_enabled":true,"_links":{"self":[{"href":"https:\/\/vetaustral.com.ar\/index.php?rest_route=\/wp\/v2\/product\/1513","targetHints":{"allow":["GET"]}}],"collection":[{"href":"https:\/\/vetaustral.com.ar\/index.php?rest_route=\/wp\/v2\/product"}],"about":[{"href":"https:\/\/vetaustral.com.ar\/index.php?rest_route=\/wp\/v2\/types\/product"}],"replies":[{"embeddable":true,"href":"https:\/\/vetaustral.com.ar\/index.php?rest_route=%2Fwp%2Fv2%2Fcomments&post=1513"}],"wp:featuredmedia":[{"embeddable":true,"href":"https:\/\/vetaustral.com.ar\/index.php?rest_route=\/wp\/v2\/media\/1514"}],"wp:attachment":[{"href":"https:\/\/vetaustral.com.ar\/index.php?rest_route=%2Fwp%2Fv2%2Fmedia&parent=1513"}],"wp:term":[{"taxonomy":"product_brand","embeddable":true,"href":"https:\/\/vetaustral.com.ar\/index.php?rest_route=%2Fwp%2Fv2%2Fproduct_brand&post=1513"},{"taxonomy":"product_cat","embeddable":true,"href":"https:\/\/vetaustral.com.ar\/index.php?rest_route=%2Fwp%2Fv2%2Fproduct_cat&post=1513"},{"taxonomy":"product_tag","embeddable":true,"href":"https:\/\/vetaustral.com.ar\/index.php?rest_route=%2Fwp%2Fv2%2Fproduct_tag&post=1513"}],"curies":[{"name":"wp","href":"https:\/\/api.w.org\/{rel}","templated":true}]}}