{"id":1506,"date":"2025-11-06T14:49:44","date_gmt":"2025-11-06T14:49:44","guid":{"rendered":"https:\/\/vetaustral.com.ar\/?post_type=product&#038;p=1506"},"modified":"2026-01-30T21:12:34","modified_gmt":"2026-01-30T21:12:34","slug":"furodexa-x-25-ml-elmer","status":"publish","type":"product","link":"https:\/\/vetaustral.com.ar\/?product=furodexa-x-25-ml-elmer","title":{"rendered":"Furodexa x 25 ml &#8211; Elmer"},"content":{"rendered":"<p>Contiene 1 frasco ampolla de 25 ml.<\/p>\n<ul>\n<li>Antiedematoso<\/li>\n<li>Antiinflamatorio<\/li>\n<li>Diur\u00e9tico<\/li>\n<\/ul>\n<p><strong>F\u00f3rmula<\/strong> cada 100 mL. contiene:<br \/>\nFurosemida\u2026\u2026\u2026\u2026\u2026\u2026\u2026\u2026\u2026\u2026\u2026\u2026. 5,000g.<br \/>\nDexametasona*\u2026\u2026\u2026\u2026\u2026\u2026\u2026\u2026\u2026\u2026..0,100g.<br \/>\nAgentes de formulaci\u00f3n c.s.p\u2026..\u2026.100,00 mL<br \/>\n*como Dexametasona 21 fosfato 131 mg.<\/p>\n<p><strong>Indicaciones:<\/strong><br \/>\nPara el tratamiento de la congesti\u00f3n y edema mamario de la vaca lechera, en persistencia del edema de lactaci\u00f3n as\u00ed como en la congesti\u00f3n y edema pulmonar. Tambi\u00e9n en la infiltraci\u00f3n edematosa de heridas quir\u00fargicas. En los equinos, para tratar las congestiones y edemas de variado origen, lamiminitis de las vainas tendinosas y partes declives.<\/p>\n<p><strong>Acci\u00f3n:<\/strong><br \/>\n<strong>Furodexa<\/strong> es una asociaci\u00f3n de un diur\u00e9tico y un corticoesteroide, destinada a mitigar y tratar los estados congestivos y edematosos de variado orden. Especialmente el edema mamario, se acepta que el peso del \u00fatero gr\u00e1vido contra la pared abdominal ventral interfiere la circulaci\u00f3n sangu\u00ednea y linf\u00e1tica, a ello debe agregarse el incremento de la presi\u00f3n arterial asociada a un aumento del volumen sangu\u00edneo durante la \u00faltima fase de la pre\u00f1ez, la aceleraci\u00f3n de la actividad fisiol\u00f3gica de la gl\u00e1ndula y la secreci\u00f3n de prote\u00ednas para integrar el calostro.<\/p>\n<p>Elmer<\/p>\n<p>&nbsp;<\/p>\n<p>&nbsp;<\/p>\n","protected":false},"excerpt":{"rendered":"<p>Contiene 1 frasco ampolla de 25 ml. Antiedematoso Antiinflamatorio Diur\u00e9tico F\u00f3rmula cada 100 mL. contiene: Furosemida\u2026\u2026\u2026\u2026\u2026\u2026\u2026\u2026\u2026\u2026\u2026\u2026. 5,000g. Dexametasona*\u2026\u2026\u2026\u2026\u2026\u2026\u2026\u2026\u2026\u2026..0,100g. Agentes de formulaci\u00f3n c.s.p\u2026..\u2026.100,00 mL *como Dexametasona 21 fosfato 131 mg. Indicaciones: Para el tratamiento de la congesti\u00f3n y edema mamario de la vaca lechera, en persistencia del edema de lactaci\u00f3n as\u00ed como en la congesti\u00f3n y &#8230; <a title=\"Furodexa x 25 ml &#8211; Elmer\" class=\"read-more\" href=\"https:\/\/vetaustral.com.ar\/?product=furodexa-x-25-ml-elmer\" aria-label=\"Leer m\u00e1s sobre Furodexa x 25 ml &#8211; Elmer\">Leer m\u00e1s<\/a><\/p>\n","protected":false},"featured_media":1507,"comment_status":"open","ping_status":"closed","template":"","meta":[],"product_brand":[145],"product_cat":[33,32,52],"product_tag":[44,111,48],"class_list":{"0":"post-1506","1":"product","2":"type-product","3":"status-publish","4":"has-post-thumbnail","6":"product_brand-elmer","7":"product_cat-equinos","8":"product_cat-farmacia","9":"product_cat-grandes-animales","10":"product_tag-antiinflamatorio","11":"product_tag-diuretico","12":"product_tag-esteroide","13":"sales-flash-overlay","14":"woocommerce-text-align-center","15":"woocommerce-image-align-center","16":"do-quantity-buttons","18":"first","19":"instock","20":"taxable","21":"shipping-taxable","22":"purchasable","23":"product-type-simple"},"jetpack_sharing_enabled":true,"_links":{"self":[{"href":"https:\/\/vetaustral.com.ar\/index.php?rest_route=\/wp\/v2\/product\/1506","targetHints":{"allow":["GET"]}}],"collection":[{"href":"https:\/\/vetaustral.com.ar\/index.php?rest_route=\/wp\/v2\/product"}],"about":[{"href":"https:\/\/vetaustral.com.ar\/index.php?rest_route=\/wp\/v2\/types\/product"}],"replies":[{"embeddable":true,"href":"https:\/\/vetaustral.com.ar\/index.php?rest_route=%2Fwp%2Fv2%2Fcomments&post=1506"}],"wp:featuredmedia":[{"embeddable":true,"href":"https:\/\/vetaustral.com.ar\/index.php?rest_route=\/wp\/v2\/media\/1507"}],"wp:attachment":[{"href":"https:\/\/vetaustral.com.ar\/index.php?rest_route=%2Fwp%2Fv2%2Fmedia&parent=1506"}],"wp:term":[{"taxonomy":"product_brand","embeddable":true,"href":"https:\/\/vetaustral.com.ar\/index.php?rest_route=%2Fwp%2Fv2%2Fproduct_brand&post=1506"},{"taxonomy":"product_cat","embeddable":true,"href":"https:\/\/vetaustral.com.ar\/index.php?rest_route=%2Fwp%2Fv2%2Fproduct_cat&post=1506"},{"taxonomy":"product_tag","embeddable":true,"href":"https:\/\/vetaustral.com.ar\/index.php?rest_route=%2Fwp%2Fv2%2Fproduct_tag&post=1506"}],"curies":[{"name":"wp","href":"https:\/\/api.w.org\/{rel}","templated":true}]}}