{"id":1453,"date":"2025-11-04T20:08:31","date_gmt":"2025-11-04T20:08:31","guid":{"rendered":"https:\/\/vetaustral.com.ar\/?post_type=product&#038;p=1453"},"modified":"2026-01-30T21:06:13","modified_gmt":"2026-01-30T21:06:13","slug":"cacodelta-x-90-ml-induvet","status":"publish","type":"product","link":"https:\/\/vetaustral.com.ar\/?product=cacodelta-x-90-ml-induvet","title":{"rendered":"Cacodelta x 90 ml &#8211; Induvet"},"content":{"rendered":"<p>Contiene 1 frasco ampolla de 90 ml.<\/p>\n<ul>\n<li>T\u00f3nico inyectable<\/li>\n<li>Reconstituyente<\/li>\n<\/ul>\n<p>&nbsp;<\/p>\n<h3>F\u00f3rmula:<\/h3>\n<p>Cacodilato de hierro | 1,5g.<br \/>\nCacodilato de sodio | 4,9g.<br \/>\nGlicerofostato de sodio | 1,3g.<br \/>\nAlcohol benc\u00edlico | 1,5g.<br \/>\nAgua destilada apir\u00f3gena csp. | 100ml.<\/p>\n<p>&nbsp;<\/p>\n<h3>Indicaciones:<\/h3>\n<p>En estados carenciales, anemias de diversas etiolog\u00edas. Parasitosis severa, astenia y falta de desarrollo mejorador general en el caballo deportivo, posterior a enfermedades infecto-contagiosas e intervenciones quirurgicas.<\/p>\n<p>Induvet<\/p>\n","protected":false},"excerpt":{"rendered":"<p>Contiene 1 frasco ampolla de 90 ml. T\u00f3nico inyectable Reconstituyente &nbsp; F\u00f3rmula: Cacodilato de hierro | 1,5g. Cacodilato de sodio | 4,9g. Glicerofostato de sodio | 1,3g. Alcohol benc\u00edlico | 1,5g. Agua destilada apir\u00f3gena csp. | 100ml. &nbsp; Indicaciones: En estados carenciales, anemias de diversas etiolog\u00edas. Parasitosis severa, astenia y falta de desarrollo mejorador general &#8230; <a title=\"Cacodelta x 90 ml &#8211; Induvet\" class=\"read-more\" href=\"https:\/\/vetaustral.com.ar\/?product=cacodelta-x-90-ml-induvet\" aria-label=\"Leer m\u00e1s sobre Cacodelta x 90 ml &#8211; Induvet\">Leer m\u00e1s<\/a><\/p>\n","protected":false},"featured_media":1454,"comment_status":"open","ping_status":"closed","template":"","meta":[],"product_brand":[213],"product_cat":[33,32],"product_tag":[61,136],"class_list":{"0":"post-1453","1":"product","2":"type-product","3":"status-publish","4":"has-post-thumbnail","6":"product_brand-induvet","7":"product_cat-equinos","8":"product_cat-farmacia","9":"product_tag-equinos-deportivos","10":"product_tag-reconstituyente","11":"sales-flash-overlay","12":"woocommerce-text-align-center","13":"woocommerce-image-align-center","14":"do-quantity-buttons","16":"first","17":"instock","18":"taxable","19":"shipping-taxable","20":"purchasable","21":"product-type-simple"},"jetpack_sharing_enabled":true,"_links":{"self":[{"href":"https:\/\/vetaustral.com.ar\/index.php?rest_route=\/wp\/v2\/product\/1453","targetHints":{"allow":["GET"]}}],"collection":[{"href":"https:\/\/vetaustral.com.ar\/index.php?rest_route=\/wp\/v2\/product"}],"about":[{"href":"https:\/\/vetaustral.com.ar\/index.php?rest_route=\/wp\/v2\/types\/product"}],"replies":[{"embeddable":true,"href":"https:\/\/vetaustral.com.ar\/index.php?rest_route=%2Fwp%2Fv2%2Fcomments&post=1453"}],"wp:featuredmedia":[{"embeddable":true,"href":"https:\/\/vetaustral.com.ar\/index.php?rest_route=\/wp\/v2\/media\/1454"}],"wp:attachment":[{"href":"https:\/\/vetaustral.com.ar\/index.php?rest_route=%2Fwp%2Fv2%2Fmedia&parent=1453"}],"wp:term":[{"taxonomy":"product_brand","embeddable":true,"href":"https:\/\/vetaustral.com.ar\/index.php?rest_route=%2Fwp%2Fv2%2Fproduct_brand&post=1453"},{"taxonomy":"product_cat","embeddable":true,"href":"https:\/\/vetaustral.com.ar\/index.php?rest_route=%2Fwp%2Fv2%2Fproduct_cat&post=1453"},{"taxonomy":"product_tag","embeddable":true,"href":"https:\/\/vetaustral.com.ar\/index.php?rest_route=%2Fwp%2Fv2%2Fproduct_tag&post=1453"}],"curies":[{"name":"wp","href":"https:\/\/api.w.org\/{rel}","templated":true}]}}