{"id":1451,"date":"2025-11-04T19:35:43","date_gmt":"2025-11-04T19:35:43","guid":{"rendered":"https:\/\/vetaustral.com.ar\/?post_type=product&#038;p=1451"},"modified":"2026-01-30T21:05:42","modified_gmt":"2026-01-30T21:05:42","slug":"buta-induvet-x-100-ml-induvet","status":"publish","type":"product","link":"https:\/\/vetaustral.com.ar\/?product=buta-induvet-x-100-ml-induvet","title":{"rendered":"Buta Induvet x 100 ml &#8211; Induvet"},"content":{"rendered":"<p>Contiene 1 frasco ampolla 100 ml.<\/p>\n<ul>\n<li>Antinflamatorio no hormonal<\/li>\n<\/ul>\n<p>&nbsp;<\/p>\n<h3>F\u00f3rmula:<\/h3>\n<p>Fenilbutazona | 20g.<br \/>\nExcipiente c.s.p | 100ml.<\/p>\n<p>&nbsp;<\/p>\n<h3>Indicaciones:<\/h3>\n<p>Antiinflamatorio en patolog\u00edas articulares musculo-esquel\u00e9ticas, traumatismo, artritis.<\/p>\n<p>Induvet<\/p>\n<p>&nbsp;<\/p>\n","protected":false},"excerpt":{"rendered":"<p>Contiene 1 frasco ampolla 100 ml. Antinflamatorio no hormonal &nbsp; F\u00f3rmula: Fenilbutazona | 20g. Excipiente c.s.p | 100ml. &nbsp; Indicaciones: Antiinflamatorio en patolog\u00edas articulares musculo-esquel\u00e9ticas, traumatismo, artritis. Induvet &nbsp;<\/p>\n","protected":false},"featured_media":1452,"comment_status":"open","ping_status":"closed","template":"","meta":[],"product_brand":[213],"product_cat":[33,32],"product_tag":[44,61,51],"class_list":{"0":"post-1451","1":"product","2":"type-product","3":"status-publish","4":"has-post-thumbnail","6":"product_brand-induvet","7":"product_cat-equinos","8":"product_cat-farmacia","9":"product_tag-antiinflamatorio","10":"product_tag-equinos-deportivos","11":"product_tag-no-esteroide","12":"sales-flash-overlay","13":"woocommerce-text-align-center","14":"woocommerce-image-align-center","15":"do-quantity-buttons","17":"first","18":"instock","19":"taxable","20":"shipping-taxable","21":"purchasable","22":"product-type-simple"},"jetpack_sharing_enabled":true,"_links":{"self":[{"href":"https:\/\/vetaustral.com.ar\/index.php?rest_route=\/wp\/v2\/product\/1451","targetHints":{"allow":["GET"]}}],"collection":[{"href":"https:\/\/vetaustral.com.ar\/index.php?rest_route=\/wp\/v2\/product"}],"about":[{"href":"https:\/\/vetaustral.com.ar\/index.php?rest_route=\/wp\/v2\/types\/product"}],"replies":[{"embeddable":true,"href":"https:\/\/vetaustral.com.ar\/index.php?rest_route=%2Fwp%2Fv2%2Fcomments&post=1451"}],"wp:featuredmedia":[{"embeddable":true,"href":"https:\/\/vetaustral.com.ar\/index.php?rest_route=\/wp\/v2\/media\/1452"}],"wp:attachment":[{"href":"https:\/\/vetaustral.com.ar\/index.php?rest_route=%2Fwp%2Fv2%2Fmedia&parent=1451"}],"wp:term":[{"taxonomy":"product_brand","embeddable":true,"href":"https:\/\/vetaustral.com.ar\/index.php?rest_route=%2Fwp%2Fv2%2Fproduct_brand&post=1451"},{"taxonomy":"product_cat","embeddable":true,"href":"https:\/\/vetaustral.com.ar\/index.php?rest_route=%2Fwp%2Fv2%2Fproduct_cat&post=1451"},{"taxonomy":"product_tag","embeddable":true,"href":"https:\/\/vetaustral.com.ar\/index.php?rest_route=%2Fwp%2Fv2%2Fproduct_tag&post=1451"}],"curies":[{"name":"wp","href":"https:\/\/api.w.org\/{rel}","templated":true}]}}