{"id":1449,"date":"2025-11-04T19:20:32","date_gmt":"2025-11-04T19:20:32","guid":{"rendered":"https:\/\/vetaustral.com.ar\/?post_type=product&#038;p=1449"},"modified":"2026-01-30T20:30:21","modified_gmt":"2026-01-30T20:30:21","slug":"barro-desinflamante-x-15-kg-cu-tral-co","status":"publish","type":"product","link":"https:\/\/vetaustral.com.ar\/?product=barro-desinflamante-x-15-kg-cu-tral-co","title":{"rendered":"Barro desinflamante x 1,5 kg &#8211; Cu-Tral-Co"},"content":{"rendered":"<p>Contiene 1 pote de 1500 gr.<\/p>\n<ul>\n<li>Analg\u00e9sico<\/li>\n<li>Astringente<\/li>\n<li>Antiinflamatorio<\/li>\n<\/ul>\n<p>&nbsp;<\/p>\n<h3>F\u00f3rmula:<\/h3>\n<p>Sulfato de cobre [0.3g]<br \/>\nSulfato de zinc [0.3g]<br \/>\nAlcanfor sint\u00e9tico [0.4g]<br \/>\nSalicilato de metilo [3.0g]<br \/>\nDMSO (sulf\u00f3xido de dimetilo) [1g]<br \/>\nCaol\u00edn [60g]<br \/>\nAgua destilada [c.s.p. 100g]<\/p>\n<p>&nbsp;<\/p>\n<h3>Indicaciones:<\/h3>\n<p>Procesos\u00a0inflamatorios localizados. Dolor articular y tendinoso. Golpes, esfuerzos y contusiones.<\/p>\n<p>Cu-Tral-Co (Induvet)<\/p>\n","protected":false},"excerpt":{"rendered":"<p>Contiene 1 pote de 1500 gr. Analg\u00e9sico Astringente Antiinflamatorio &nbsp; F\u00f3rmula: Sulfato de cobre [0.3g] Sulfato de zinc [0.3g] Alcanfor sint\u00e9tico [0.4g] Salicilato de metilo [3.0g] DMSO (sulf\u00f3xido de dimetilo) [1g] Caol\u00edn [60g] Agua destilada [c.s.p. 100g] &nbsp; Indicaciones: Procesos\u00a0inflamatorios localizados. Dolor articular y tendinoso. Golpes, esfuerzos y contusiones. Cu-Tral-Co (Induvet)<\/p>\n","protected":false},"featured_media":1450,"comment_status":"open","ping_status":"closed","template":"","meta":[],"product_brand":[214,213],"product_cat":[33,32],"product_tag":[44,198],"class_list":{"0":"post-1449","1":"product","2":"type-product","3":"status-publish","4":"has-post-thumbnail","6":"product_brand-cu-tral-co","7":"product_brand-induvet","8":"product_cat-equinos","9":"product_cat-farmacia","10":"product_tag-antiinflamatorio","11":"product_tag-barro-equino","12":"sales-flash-overlay","13":"woocommerce-text-align-center","14":"woocommerce-image-align-center","15":"do-quantity-buttons","17":"first","18":"instock","19":"taxable","20":"shipping-taxable","21":"purchasable","22":"product-type-simple"},"jetpack_sharing_enabled":true,"_links":{"self":[{"href":"https:\/\/vetaustral.com.ar\/index.php?rest_route=\/wp\/v2\/product\/1449","targetHints":{"allow":["GET"]}}],"collection":[{"href":"https:\/\/vetaustral.com.ar\/index.php?rest_route=\/wp\/v2\/product"}],"about":[{"href":"https:\/\/vetaustral.com.ar\/index.php?rest_route=\/wp\/v2\/types\/product"}],"replies":[{"embeddable":true,"href":"https:\/\/vetaustral.com.ar\/index.php?rest_route=%2Fwp%2Fv2%2Fcomments&post=1449"}],"wp:featuredmedia":[{"embeddable":true,"href":"https:\/\/vetaustral.com.ar\/index.php?rest_route=\/wp\/v2\/media\/1450"}],"wp:attachment":[{"href":"https:\/\/vetaustral.com.ar\/index.php?rest_route=%2Fwp%2Fv2%2Fmedia&parent=1449"}],"wp:term":[{"taxonomy":"product_brand","embeddable":true,"href":"https:\/\/vetaustral.com.ar\/index.php?rest_route=%2Fwp%2Fv2%2Fproduct_brand&post=1449"},{"taxonomy":"product_cat","embeddable":true,"href":"https:\/\/vetaustral.com.ar\/index.php?rest_route=%2Fwp%2Fv2%2Fproduct_cat&post=1449"},{"taxonomy":"product_tag","embeddable":true,"href":"https:\/\/vetaustral.com.ar\/index.php?rest_route=%2Fwp%2Fv2%2Fproduct_tag&post=1449"}],"curies":[{"name":"wp","href":"https:\/\/api.w.org\/{rel}","templated":true}]}}