{"id":1448,"date":"2025-11-04T19:02:53","date_gmt":"2025-11-04T19:02:53","guid":{"rendered":"https:\/\/vetaustral.com.ar\/?post_type=product&#038;p=1448"},"modified":"2026-02-28T12:12:57","modified_gmt":"2026-02-28T12:12:57","slug":"estrombol-x-6-fcos-lab-fundacion","status":"publish","type":"product","link":"https:\/\/vetaustral.com.ar\/?product=estrombol-x-6-fcos-lab-fundacion","title":{"rendered":"Estrombol x 6 fcos \u2013 Lab. Fundaci\u00f3n"},"content":{"rendered":"<p>Contiene 6 frascos ampolla de 10 ml.<\/p>\n<ul>\n<li>Hormonal<\/li>\n<\/ul>\n<p><strong>COMPOSICI\u00d3N:<\/strong><br \/>\nCada frasco ampolla contiene:<br \/>\nEstanozolol_250mg.<br \/>\nExcipiente c.s.p_10 ml.<\/p>\n<p><strong>ACCCI\u00d3N<\/strong><br \/>\n<strong>ESTROMBOL\u00ae<\/strong>\u00a0es un anab\u00f3lico sint\u00e9tico que posee el<br \/>\nmayor efecto anab\u00f3lico con m\u00ednimo efecto androg\u00e9nico<br \/>\ndentro de los de su tipo.<br \/>\nPromueve el crecimiento y la reconstrucci\u00f3n general del<br \/>\norganismo, principalmente en los tejidos \u00f3seo, cartilaginoso<br \/>\ny muscular. Aumenta el apetito. Incrementa el peso y mejora el estado general. Produce acentuado balance positivo de<br \/>\nnitr\u00f3geno, por estimular la s\u00edntesis proteica; retiene tambi\u00e9n<br \/>\nsodio, agua, potasio, zinc, f\u00f3sforo y calcio.<br \/>\nContrapone el efecto catab\u00f3lico de los corticoides.<br \/>\nEstimula la formaci\u00f3n de gl\u00f3bulos rojos.<\/p>\n<p><strong>INDICACIONES<\/strong><br \/>\n<strong>ESTROMBOL\u00ae<\/strong>\u00a0est\u00e1 indicado en los siguientes cuadros:<br \/>\nanimales debilitados, con mal estado general \/ animales<br \/>\nsometidos a trabajos, esfuerzos excesivos \/ animales en<br \/>\ncrecimiento \/ cuadros de desnutrici\u00f3n \/ cuadros convalecientes de procesos infecciosos, quir\u00fargicos \/ estimulante del<br \/>\napetito en cuadros anor\u00e9xicos \/ cuadros miop\u00e1ticos (miositis, desgarramientos, enfermedad del m\u00fasculo blanco) \/ anemias severas (estados tumorales; insuficiencia renal cr\u00f3nica)<br \/>\n\/ osteoporosis, fracturas y oste\u00f3lisis (ya que ESTROMBOL\u00ae<br \/>\naumenta la s\u00edntesis de la matriz osteoide) \/ acompa\u00f1ante de<br \/>\nterap\u00e9uticas prolongadas con esteroides para contrarrestar<br \/>\nsu efecto proteico catab\u00f3lico.<br \/>\nLa expresi\u00f3n m\u00e1xima del efecto anab\u00f3lico se produce con la<br \/>\nadecuada ingesti\u00f3n de nutrientes requeridos por el animal.<\/p>\n<p>Laboratorio Fundaci\u00f3n<\/p>\n","protected":false},"excerpt":{"rendered":"<p>Contiene 6 frascos ampolla de 10 ml. Hormonal COMPOSICI\u00d3N: Cada frasco ampolla contiene: Estanozolol_250mg. Excipiente c.s.p_10 ml. ACCCI\u00d3N ESTROMBOL\u00ae\u00a0es un anab\u00f3lico sint\u00e9tico que posee el mayor efecto anab\u00f3lico con m\u00ednimo efecto androg\u00e9nico dentro de los de su tipo. Promueve el crecimiento y la reconstrucci\u00f3n general del organismo, principalmente en los tejidos \u00f3seo, cartilaginoso y muscular. &#8230; <a title=\"Estrombol x 6 fcos \u2013 Lab. Fundaci\u00f3n\" class=\"read-more\" href=\"https:\/\/vetaustral.com.ar\/?product=estrombol-x-6-fcos-lab-fundacion\" aria-label=\"Leer m\u00e1s sobre Estrombol x 6 fcos \u2013 Lab. Fundaci\u00f3n\">Leer m\u00e1s<\/a><\/p>\n","protected":false},"featured_media":1447,"comment_status":"open","ping_status":"closed","template":"","meta":[],"product_brand":[212],"product_cat":[36,33,32],"product_tag":[128,61],"class_list":{"0":"post-1448","1":"product","2":"type-product","3":"status-publish","4":"has-post-thumbnail","6":"product_brand-laboratorio-fundacion","7":"product_cat-animales-de-compania","8":"product_cat-equinos","9":"product_cat-farmacia","10":"product_tag-anabolico","11":"product_tag-equinos-deportivos","12":"sales-flash-overlay","13":"woocommerce-text-align-center","14":"woocommerce-image-align-center","15":"do-quantity-buttons","17":"first","18":"instock","19":"taxable","20":"shipping-taxable","21":"purchasable","22":"product-type-simple"},"jetpack_sharing_enabled":true,"_links":{"self":[{"href":"https:\/\/vetaustral.com.ar\/index.php?rest_route=\/wp\/v2\/product\/1448","targetHints":{"allow":["GET"]}}],"collection":[{"href":"https:\/\/vetaustral.com.ar\/index.php?rest_route=\/wp\/v2\/product"}],"about":[{"href":"https:\/\/vetaustral.com.ar\/index.php?rest_route=\/wp\/v2\/types\/product"}],"replies":[{"embeddable":true,"href":"https:\/\/vetaustral.com.ar\/index.php?rest_route=%2Fwp%2Fv2%2Fcomments&post=1448"}],"wp:featuredmedia":[{"embeddable":true,"href":"https:\/\/vetaustral.com.ar\/index.php?rest_route=\/wp\/v2\/media\/1447"}],"wp:attachment":[{"href":"https:\/\/vetaustral.com.ar\/index.php?rest_route=%2Fwp%2Fv2%2Fmedia&parent=1448"}],"wp:term":[{"taxonomy":"product_brand","embeddable":true,"href":"https:\/\/vetaustral.com.ar\/index.php?rest_route=%2Fwp%2Fv2%2Fproduct_brand&post=1448"},{"taxonomy":"product_cat","embeddable":true,"href":"https:\/\/vetaustral.com.ar\/index.php?rest_route=%2Fwp%2Fv2%2Fproduct_cat&post=1448"},{"taxonomy":"product_tag","embeddable":true,"href":"https:\/\/vetaustral.com.ar\/index.php?rest_route=%2Fwp%2Fv2%2Fproduct_tag&post=1448"}],"curies":[{"name":"wp","href":"https:\/\/api.w.org\/{rel}","templated":true}]}}