{"id":1440,"date":"2025-11-04T15:28:54","date_gmt":"2025-11-04T15:28:54","guid":{"rendered":"https:\/\/vetaustral.com.ar\/?post_type=product&#038;p=1440"},"modified":"2026-01-30T20:21:30","modified_gmt":"2026-01-30T20:21:30","slug":"tiamina-hampton-x-100-ml-calastreme","status":"publish","type":"product","link":"https:\/\/vetaustral.com.ar\/?product=tiamina-hampton-x-100-ml-calastreme","title":{"rendered":"Tiamina hampton x 100 ml &#8211; Calastreme"},"content":{"rendered":"<p>Contiene 1 frasco ampolla de 100 ml.<\/p>\n<ul>\n<li>Vitam\u00ednico<\/li>\n<li>Vitamina B1<\/li>\n<\/ul>\n<p>&nbsp;<\/p>\n<h3>F\u00f3rmula<\/h3>\n<p>Clorhidrato de Tiamina 30 g.; Excipientes c.s.p. 100 ml.<\/p>\n<p>&nbsp;<\/p>\n<h3>Descripci\u00f3n<\/h3>\n<p>Suplemento vitam\u00ednico de Tiamina. El aporte de \u00e9sta vitamina mejora los mecanismos de oxidaci\u00f3n completa de la glucosa, sobre todo en aquellos tejidos dependientes energ\u00e9ticamente de la glucosa o isotato \u2013 piruvato (coraz\u00f3n y sistema nervioso) que bajo exigencias fisiol\u00f3gicas (pre\u00f1ez, lactancia , fiebre, ejercicios en\u00e9rgicos o exigencias de la crianza) aumenta su demanda.<\/p>\n<p>&nbsp;<\/p>\n<h3>Indicaciones<\/h3>\n<p>Para prevenir o tratar trastornos funcionales ligados al d\u00e9ficit o demanda aumentada de Tiamina. (neuritis , polineuritis , s\u00edndromes ci\u00e1ticos , reumatismos, algias y para reforzar la fijaci\u00f3n de gluc\u00f3geno ).<\/p>\n<p>Calastreme<\/p>\n","protected":false},"excerpt":{"rendered":"<p>Contiene 1 frasco ampolla de 100 ml. Vitam\u00ednico Vitamina B1 &nbsp; F\u00f3rmula Clorhidrato de Tiamina 30 g.; Excipientes c.s.p. 100 ml. &nbsp; Descripci\u00f3n Suplemento vitam\u00ednico de Tiamina. El aporte de \u00e9sta vitamina mejora los mecanismos de oxidaci\u00f3n completa de la glucosa, sobre todo en aquellos tejidos dependientes energ\u00e9ticamente de la glucosa o isotato \u2013 piruvato &#8230; <a title=\"Tiamina hampton x 100 ml &#8211; Calastreme\" class=\"read-more\" href=\"https:\/\/vetaustral.com.ar\/?product=tiamina-hampton-x-100-ml-calastreme\" aria-label=\"Leer m\u00e1s sobre Tiamina hampton x 100 ml &#8211; Calastreme\">Leer m\u00e1s<\/a><\/p>\n","protected":false},"featured_media":1443,"comment_status":"open","ping_status":"closed","template":"","meta":[],"product_brand":[197],"product_cat":[33,32],"product_tag":[61,116],"class_list":{"0":"post-1440","1":"product","2":"type-product","3":"status-publish","4":"has-post-thumbnail","6":"product_brand-calastreme","7":"product_cat-equinos","8":"product_cat-farmacia","9":"product_tag-equinos-deportivos","10":"product_tag-vitaminico","11":"sales-flash-overlay","12":"woocommerce-text-align-center","13":"woocommerce-image-align-center","14":"do-quantity-buttons","16":"first","17":"instock","18":"taxable","19":"shipping-taxable","20":"purchasable","21":"product-type-simple"},"jetpack_sharing_enabled":true,"_links":{"self":[{"href":"https:\/\/vetaustral.com.ar\/index.php?rest_route=\/wp\/v2\/product\/1440","targetHints":{"allow":["GET"]}}],"collection":[{"href":"https:\/\/vetaustral.com.ar\/index.php?rest_route=\/wp\/v2\/product"}],"about":[{"href":"https:\/\/vetaustral.com.ar\/index.php?rest_route=\/wp\/v2\/types\/product"}],"replies":[{"embeddable":true,"href":"https:\/\/vetaustral.com.ar\/index.php?rest_route=%2Fwp%2Fv2%2Fcomments&post=1440"}],"wp:featuredmedia":[{"embeddable":true,"href":"https:\/\/vetaustral.com.ar\/index.php?rest_route=\/wp\/v2\/media\/1443"}],"wp:attachment":[{"href":"https:\/\/vetaustral.com.ar\/index.php?rest_route=%2Fwp%2Fv2%2Fmedia&parent=1440"}],"wp:term":[{"taxonomy":"product_brand","embeddable":true,"href":"https:\/\/vetaustral.com.ar\/index.php?rest_route=%2Fwp%2Fv2%2Fproduct_brand&post=1440"},{"taxonomy":"product_cat","embeddable":true,"href":"https:\/\/vetaustral.com.ar\/index.php?rest_route=%2Fwp%2Fv2%2Fproduct_cat&post=1440"},{"taxonomy":"product_tag","embeddable":true,"href":"https:\/\/vetaustral.com.ar\/index.php?rest_route=%2Fwp%2Fv2%2Fproduct_tag&post=1440"}],"curies":[{"name":"wp","href":"https:\/\/api.w.org\/{rel}","templated":true}]}}